{"id":743827,"date":"2025-03-03T18:42:32","date_gmt":"2025-03-03T17:42:32","guid":{"rendered":"https:\/\/stoic-curie.212-227-153-4.plesk.page\/producto\/balon-za-podvodno-podizanje-500kg\/"},"modified":"2026-02-25T00:01:11","modified_gmt":"2026-02-25T00:01:11","slug":"balon-za-podvodno-podizanje-500kg","status":"publish","type":"product","link":"https:\/\/stoic-curie.212-227-153-4.plesk.page\/hr\/product\/balon-za-podvodno-podizanje-500kg\/","title":{"rendered":"Balon za podvodno podizanje 500kg"},"content":{"rendered":"<p>Balon za podvodno podizanje 500kg &#8211; <\/p>\n<p style=\"color: rgb(34, 34, 34); font-family: Arial, Helvetica, sans-serif; font-size: small;\">Scuba Lifting Balloon je pouzdan i u\u010dinkovit alat za va\u0161e podvodne avanture. Nudimo \u0161irok raspon kapaciteta dizanja, od 30 kg do 2500 kg, \u0161to ga \u010dini izvrsnom opcijom za ronioce koji trebaju premjestiti te\u0161ku opremu ili predmete. Proizveden u \u0160panjolskoj, ovaj balon izra\u0111en je od visokokvalitetnih materijala kako bi osigurao izdr\u017eljivost i dug \u017eivotni vijek. Njegov dizajn omogu\u0107uje jednostavno napuhavanje i ispuhivanje, olak\u0161avaju\u0107i skladi\u0161tenje i transport, \u0161to u kona\u010dnici pobolj\u0161ava va\u0161e ronila\u010dko iskustvo.<\/p>\n<p style=\"color: rgb(34, 34, 34); font-family: Arial, Helvetica, sans-serif; font-size: small;\">Ovaj balon dolazi s prstenovima izra\u0111enim od robusnog pocin\u010danog \u010delika i konstruktivan je od PVC HD laminirane tkanine koriste\u0107i napredne metode zavarivanja visokofrekventnim valovima. Ima ventil za napuhavanje i superiorni ventil za ispu\u0161tanje radi dodatne udobnosti.<\/p>\n<p style=\"color: rgb(34, 34, 34); font-family: Arial, Helvetica, sans-serif; font-size: small;\">Otkrijte neusporedivu snagu dizanja i pouzdanost s na\u0161im Scuba Lifting Balonima. Specijalno prilago\u0111eni profesionalnim roniocima i podvodnim zadacima, ovaj visokou\u010dinski balon za dizanje pru\u017ea iznimnu snagu, izdr\u017eljivost i lako\u0107u kori\u0161tenja. Bilo da se bavite va\u0111enjem potopljenih predmeta ili ste uklju\u010deni u podvodnu gradnju, ovi Lifting Baloni su idealno rje\u0161enje za va\u0161e potrebe te\u0161kog dizanja.<\/p>\n<p style=\"color: rgb(34, 34, 34); font-family: Arial, Helvetica, sans-serif; font-size: small;\">&lt;strong&gt;Klju\u010dne karakteristike:&lt;\/strong&gt;<\/p>\n<ul style=\"color: rgb(34, 34, 34); font-family: Arial, Helvetica, sans-serif; font-size: small;\">\n<li>&lt;strong&gt;Visoka kapacitet dizanja:&lt;\/strong&gt;&amp;nbsp;Dizajniran za dostavu zna\u010dajnog kapaciteta dizanja, ovaj balon je savr\u0161eno prilago\u0111en za va\u0111enje velikih ili te\u0161kih predmeta iz vode. Njegov \u010dvrst dizajn osigurava da lako podnosi zna\u010dajne terete.<\/li>\n<li>&lt;strong&gt;Izdr\u017eljiva konstrukcija:&lt;\/strong&gt;&amp;nbsp;Izra\u0111en od izdr\u017eljivih, vrhunskih materijala, ovaj balon za dizanje osmi\u0161ljen je za izdr\u017eavanje te\u0161kih podvodnih uvjeta. Njegova oja\u010dana struktura jam\u010di dugotrajne performanse i pouzdanost \u010dak i u zahtjevnim okru\u017eenjima.<\/li>\n<li>&lt;strong&gt;Integrirani ventil za ispu\u0161tanje:&lt;\/strong&gt;&amp;nbsp;Balon uklju\u010duje integrirani ventil za ispu\u0161tanje za preciznu kontrolu nad napuhavanjem i ispuhivanjem. Ovaj ventil omogu\u0107uje jednostavne prilagodbe uzgona i snage dizanja, omogu\u0107uju\u0107i sigurnu i efikasnu upotrebu.<\/li>\n<li>&lt;strong&gt;Jednostavno napuhavanje:&lt;\/strong&gt;&amp;nbsp;Ovi Lifting Baloni dizajnirani su za brzo i jednostavno napuhavanje. Mogu se brzo napuhati koriste\u0107i standardnu crijevo za napuhavanje niskog tlaka, \u0161to ih \u010dini prakti\u010dnima za razne podvodne zadatke.<\/li>\n<li>&lt;strong&gt;Kompaktni i prenosivi:&lt;\/strong&gt;&amp;nbsp;Unato\u010d impresivnom kapacitetu dizanja, balon ostaje kompaktan i jednostavan za transport. Njegov lagani dizajn osigurava jednostavno no\u0161enje i skladi\u0161tenje, \u010dine\u0107i ga prakti\u010dnim alatom za ronioce u pokretu.<\/li>\n<li>&lt;strong&gt;Sigurne to\u010dke pri\u010dvr\u0161\u0107ivanja:&lt;\/strong&gt;&amp;nbsp;Balon za dizanje opremljen je s vi\u0161e sigurnih to\u010daka pri\u010dvr\u0161\u0107ivanja za razne opcije rigginga. Ove to\u010dke osiguravaju sigurne i pouzdane veze s predmetima koji se podi\u017eu.<\/li>\n<li>&lt;strong&gt;Svijetla boja za vidljivost:&lt;\/strong&gt;&amp;nbsp;Balon dizajniran u svijetloj boji pobolj\u0161ava vidljivost pod vodom. Ova zna\u010dajka osigurava da je balon lako uo\u010den od strane ronilaca, pobolj\u0161avaju\u0107i sigurnost i koordinaciju tijekom operacija dizanja.<\/li>\n<\/ul>\n<p style=\"color: rgb(34, 34, 34); font-family: Arial, Helvetica, sans-serif; font-size: small;\">Ovaj balon za dizanje je idealno rje\u0161enje za va\u0161e podvodne lifting i vra\u0107anje zadatke. Sa svojim visokim kapacitetom dizanja, izdr\u017eljivom konstrukcijom i korisni\u010dkim zna\u010dajkama, pru\u017ea pouzdanost i performanse potrebne za profesionalne podvodne operacije.<\/p>\n<p style=\"color: rgb(34, 34, 34); font-family: Arial, Helvetica, sans-serif; font-size: small;\">&lt;strong&gt;Specifikacije materijala:&lt;\/strong&gt;<\/p>\n<ul style=\"color: rgb(34, 34, 34); font-family: Arial, Helvetica, sans-serif; font-size: small;\">\n<li>Bo\u010dna zavjesa Sattler 640 gr\/m\u00b2<\/li>\n<li>Jedan ventil za ispu\u0161tanje<\/li>\n<li>Prstenovi promjera 25 mm od nehr\u0111aju\u0107eg \u010delika<\/li>\n<li>Plutaju\u0107a u\u017ee promjera 8 mm<\/li>\n<li>Karabiner promjera 6 mm pocin\u010danog \u010delika<\/li>\n<\/ul>\n","protected":false},"excerpt":{"rendered":"<p>Balon za podvodno podizanje 500kg &#8211; Scuba Lifting Balloon je pouzdan i u\u010dinkovit alat za va\u0161e podvodne avanture. Nudimo \u0161irok<\/p>\n","protected":false},"featured_media":5942554,"comment_status":"open","ping_status":"closed","template":"","meta":[],"product_brand":[3491],"product_cat":[1844],"product_tag":[],"class_list":{"0":"post-743827","1":"product","2":"type-product","3":"status-publish","4":"has-post-thumbnail","6":"product_brand-trem-hr","7":"product_cat-oprema-za-ronjenje","9":"first","10":"instock","11":"shipping-taxable","12":"purchasable","13":"product-type-simple"},"_links":{"self":[{"href":"https:\/\/stoic-curie.212-227-153-4.plesk.page\/hr\/wp-json\/wp\/v2\/product\/743827","targetHints":{"allow":["GET"]}}],"collection":[{"href":"https:\/\/stoic-curie.212-227-153-4.plesk.page\/hr\/wp-json\/wp\/v2\/product"}],"about":[{"href":"https:\/\/stoic-curie.212-227-153-4.plesk.page\/hr\/wp-json\/wp\/v2\/types\/product"}],"replies":[{"embeddable":true,"href":"https:\/\/stoic-curie.212-227-153-4.plesk.page\/hr\/wp-json\/wp\/v2\/comments?post=743827"}],"version-history":[{"count":0,"href":"https:\/\/stoic-curie.212-227-153-4.plesk.page\/hr\/wp-json\/wp\/v2\/product\/743827\/revisions"}],"wp:featuredmedia":[{"embeddable":true,"href":"https:\/\/stoic-curie.212-227-153-4.plesk.page\/hr\/wp-json\/wp\/v2\/media\/5942554"}],"wp:attachment":[{"href":"https:\/\/stoic-curie.212-227-153-4.plesk.page\/hr\/wp-json\/wp\/v2\/media?parent=743827"}],"wp:term":[{"taxonomy":"product_brand","embeddable":true,"href":"https:\/\/stoic-curie.212-227-153-4.plesk.page\/hr\/wp-json\/wp\/v2\/product_brand?post=743827"},{"taxonomy":"product_cat","embeddable":true,"href":"https:\/\/stoic-curie.212-227-153-4.plesk.page\/hr\/wp-json\/wp\/v2\/product_cat?post=743827"},{"taxonomy":"product_tag","embeddable":true,"href":"https:\/\/stoic-curie.212-227-153-4.plesk.page\/hr\/wp-json\/wp\/v2\/product_tag?post=743827"}],"curies":[{"name":"wp","href":"https:\/\/api.w.org\/{rel}","templated":true}]}}