{"id":743829,"date":"2025-03-03T18:42:32","date_gmt":"2025-03-03T17:42:32","guid":{"rendered":"https:\/\/stoic-curie.212-227-153-4.plesk.page\/producto\/antal-4904-31-1mt\/"},"modified":"2026-02-25T00:01:11","modified_gmt":"2026-02-25T00:01:11","slug":"antal-4904-31-1mt","status":"publish","type":"product","link":"https:\/\/stoic-curie.212-227-153-4.plesk.page\/hr\/product\/antal-4904-31-1mt\/","title":{"rendered":"Antal 4904 3:1 &#8211; 1mt"},"content":{"rendered":"<p>Antal 4904 3:1 &#8211; 1mt &#8211; <\/p>\n<p>Predstavljamo Antal 4904 glavni sustav za jedra na jedrilici. Ovaj inovativni sustav koristi kuglice promjera 1\/4\u201d, s 50 Torlon kuglica u donjim stazama i 50 Delrin kuglica u gornjim stazama. Strane \u0161upljine za kontrolu mogu\u0107a su promjera 35 mm. Komplet uklju\u010duje vodilicu i remenicu, zajedno s Antal koljevkom koja je dizajnirana za puni 100 i prema\u017eeno nastavkom i taper taklom od 1,5 metara.<\/p>\n<p>Ovaj sveobuhvatni sustav kombinira vodilicu, kolica i dva potpornja za besprijekornu funkcionalnost.<\/p>\n<p>Kolica mjere 98 mm u du\u017eini i 62 mm u \u0161irini, te te\u017ee 230 grama, a mogu podnijeti optere\u0107enje do 820 kg. Opremljena su kuglicama promjera 1\/4\u201d, s 50 Torlon kuglica u donjim stazama i 50 Delrin kuglica u gornjim stazama.<\/p>\n<p>Kontrolne \u0161upljine na kolici imaju promjer od 35 mm. Potpuni sustav uklju\u010duje vodilicu od 1,5 metara i ima \u201eSTAND UP\u201c fiksator za kolica, koji dolazi s gumenim zaustavlja\u010dem i kompatibilan je s remenicama promjera 55 mm.<\/p>\n","protected":false},"excerpt":{"rendered":"<p>Antal 4904 3:1 &#8211; 1mt &#8211; Predstavljamo Antal 4904 glavni sustav za jedra na jedrilici. Ovaj inovativni sustav koristi kuglice<\/p>\n","protected":false},"featured_media":5943434,"comment_status":"open","ping_status":"closed","template":"","meta":[],"product_brand":[2786],"product_cat":[1759],"product_tag":[],"class_list":{"0":"post-743829","1":"product","2":"type-product","3":"status-publish","4":"has-post-thumbnail","6":"product_brand-antal-hr","7":"product_cat-sustavi-klizaca-genove","9":"first","10":"outofstock","11":"shipping-taxable","12":"purchasable","13":"product-type-simple"},"_links":{"self":[{"href":"https:\/\/stoic-curie.212-227-153-4.plesk.page\/hr\/wp-json\/wp\/v2\/product\/743829","targetHints":{"allow":["GET"]}}],"collection":[{"href":"https:\/\/stoic-curie.212-227-153-4.plesk.page\/hr\/wp-json\/wp\/v2\/product"}],"about":[{"href":"https:\/\/stoic-curie.212-227-153-4.plesk.page\/hr\/wp-json\/wp\/v2\/types\/product"}],"replies":[{"embeddable":true,"href":"https:\/\/stoic-curie.212-227-153-4.plesk.page\/hr\/wp-json\/wp\/v2\/comments?post=743829"}],"version-history":[{"count":0,"href":"https:\/\/stoic-curie.212-227-153-4.plesk.page\/hr\/wp-json\/wp\/v2\/product\/743829\/revisions"}],"wp:featuredmedia":[{"embeddable":true,"href":"https:\/\/stoic-curie.212-227-153-4.plesk.page\/hr\/wp-json\/wp\/v2\/media\/5943434"}],"wp:attachment":[{"href":"https:\/\/stoic-curie.212-227-153-4.plesk.page\/hr\/wp-json\/wp\/v2\/media?parent=743829"}],"wp:term":[{"taxonomy":"product_brand","embeddable":true,"href":"https:\/\/stoic-curie.212-227-153-4.plesk.page\/hr\/wp-json\/wp\/v2\/product_brand?post=743829"},{"taxonomy":"product_cat","embeddable":true,"href":"https:\/\/stoic-curie.212-227-153-4.plesk.page\/hr\/wp-json\/wp\/v2\/product_cat?post=743829"},{"taxonomy":"product_tag","embeddable":true,"href":"https:\/\/stoic-curie.212-227-153-4.plesk.page\/hr\/wp-json\/wp\/v2\/product_tag?post=743829"}],"curies":[{"name":"wp","href":"https:\/\/api.w.org\/{rel}","templated":true}]}}