{"id":743834,"date":"2025-03-03T18:42:34","date_gmt":"2025-03-03T17:42:34","guid":{"rendered":"https:\/\/stoic-curie.212-227-153-4.plesk.page\/producto\/protuklizni-pod-tbs21-plava-128-x-90-cm\/"},"modified":"2026-02-25T00:01:11","modified_gmt":"2026-02-25T00:01:11","slug":"protuklizni-pod-tbs21-plava-128-x-90-cm","status":"publish","type":"product","link":"https:\/\/stoic-curie.212-227-153-4.plesk.page\/hr\/product\/protuklizni-pod-tbs21-plava-128-x-90-cm\/","title":{"rendered":"Protuklizni pod TBS21 Plava 128 x 90 cm"},"content":{"rendered":"<p>Protuklizni pod TBS21 Plava 128 x 90 cm &#8211; <\/p>\n<p>Profi podna povr\u0161ina otpornog na klizanje u ravnim plo\u010dama dimenzija 128 x 90 cm. Poliuretanski kompleksni elastomer premazan na poliester osnovi. Debljina plo\u010de: 2,1 mm. Vodonepropusno, izoliraju\u0107e i udobno za hodanje bosonogi. Idealno za sigurno kretanje na radnim i rekreacijskim brodovima. Savr\u0161eno za palube brodova, prolaze i plo\u010dice. <\/p>\n","protected":false},"excerpt":{"rendered":"<p>Protuklizni pod TBS21 Plava 128 x 90 cm &#8211; Profi podna povr\u0161ina otpornog na klizanje u ravnim plo\u010dama dimenzija 128<\/p>\n","protected":false},"featured_media":5945710,"comment_status":"open","ping_status":"closed","template":"","meta":[],"product_brand":[3451],"product_cat":[1629],"product_tag":[],"class_list":{"0":"post-743834","1":"product","2":"type-product","3":"status-publish","4":"has-post-thumbnail","6":"product_brand-tbs-hr","7":"product_cat-protuklizne-trake-i-podovi","9":"first","10":"instock","11":"shipping-taxable","12":"purchasable","13":"product-type-simple"},"_links":{"self":[{"href":"https:\/\/stoic-curie.212-227-153-4.plesk.page\/hr\/wp-json\/wp\/v2\/product\/743834","targetHints":{"allow":["GET"]}}],"collection":[{"href":"https:\/\/stoic-curie.212-227-153-4.plesk.page\/hr\/wp-json\/wp\/v2\/product"}],"about":[{"href":"https:\/\/stoic-curie.212-227-153-4.plesk.page\/hr\/wp-json\/wp\/v2\/types\/product"}],"replies":[{"embeddable":true,"href":"https:\/\/stoic-curie.212-227-153-4.plesk.page\/hr\/wp-json\/wp\/v2\/comments?post=743834"}],"version-history":[{"count":0,"href":"https:\/\/stoic-curie.212-227-153-4.plesk.page\/hr\/wp-json\/wp\/v2\/product\/743834\/revisions"}],"wp:featuredmedia":[{"embeddable":true,"href":"https:\/\/stoic-curie.212-227-153-4.plesk.page\/hr\/wp-json\/wp\/v2\/media\/5945710"}],"wp:attachment":[{"href":"https:\/\/stoic-curie.212-227-153-4.plesk.page\/hr\/wp-json\/wp\/v2\/media?parent=743834"}],"wp:term":[{"taxonomy":"product_brand","embeddable":true,"href":"https:\/\/stoic-curie.212-227-153-4.plesk.page\/hr\/wp-json\/wp\/v2\/product_brand?post=743834"},{"taxonomy":"product_cat","embeddable":true,"href":"https:\/\/stoic-curie.212-227-153-4.plesk.page\/hr\/wp-json\/wp\/v2\/product_cat?post=743834"},{"taxonomy":"product_tag","embeddable":true,"href":"https:\/\/stoic-curie.212-227-153-4.plesk.page\/hr\/wp-json\/wp\/v2\/product_tag?post=743834"}],"curies":[{"name":"wp","href":"https:\/\/api.w.org\/{rel}","templated":true}]}}