{"id":743836,"date":"2025-03-03T18:42:34","date_gmt":"2025-03-03T17:42:34","guid":{"rendered":"https:\/\/stoic-curie.212-227-153-4.plesk.page\/producto\/bowman-fh100-3182-2-izmjenjivac-topline\/"},"modified":"2026-02-25T00:01:11","modified_gmt":"2026-02-25T00:01:11","slug":"bowman-fh100-3182-2-izmjenjivac-topline","status":"publish","type":"product","link":"https:\/\/stoic-curie.212-227-153-4.plesk.page\/hr\/product\/bowman-fh100-3182-2-izmjenjivac-topline\/","title":{"rendered":"Bowman FH100-3182-2, izmjenjiva\u010d topline"},"content":{"rendered":"<p>Bowman FH100-3182-2, izmjenjiva\u010d topline &#8211; <\/p>\n<p>Bowman FH100-3182-2 brodsku trostruku glavu razmjenjiva\u010da topline specijalno je projektiran za motore koji generiraju 82 kW ili 110 HP. Ovaj razmjenjiva\u010d topline prikladan je za razli\u010dite modele motora, poput Ford BSD-329\/32\/3\/H, Ford BSD-442\/4 i Gardner 4LW, me\u0111u ostalima.<\/p>\n<p>Opremljen je s ulaznom spojnicom za more vode promjera 1&#8243; BSP s jedne strane i izlaznom spojnicom za more vode promjera 1&#8243; BSP s suprotne strane. Nadalje, tu je i spoj za svje\u017eu vodu promjera 45 mm.<\/p>\n<p>Bowman ne preporu\u010duje kori\u0161tenje cink anoda, budu\u0107i da su cijevi razmjenjiva\u010da topline napravljene od legure bakra i nikla, \u0161to ih ne zahtijeva. Dodavanje cink anode mo\u017ee potencijalno o\u0161tetiti za\u0161titni sloj bakrovog oksida koji se prirodno razvija na cijevima, ostavljaju\u0107i materijal ranjivim na o\u0161te\u0107enja.<\/p>\n","protected":false},"excerpt":{"rendered":"<p>Bowman FH100-3182-2, izmjenjiva\u010d topline &#8211; Bowman FH100-3182-2 brodsku trostruku glavu razmjenjiva\u010da topline specijalno je projektiran za motore koji generiraju 82<\/p>\n","protected":false},"featured_media":5945714,"comment_status":"open","ping_status":"closed","template":"","meta":[],"product_brand":[2846],"product_cat":[1790],"product_tag":[],"class_list":{"0":"post-743836","1":"product","2":"type-product","3":"status-publish","4":"has-post-thumbnail","6":"product_brand-bowman-hr","7":"product_cat-izmjenjivaci-topline-i-uljni-hladnjaci","9":"first","10":"instock","11":"shipping-taxable","12":"purchasable","13":"product-type-simple"},"_links":{"self":[{"href":"https:\/\/stoic-curie.212-227-153-4.plesk.page\/hr\/wp-json\/wp\/v2\/product\/743836","targetHints":{"allow":["GET"]}}],"collection":[{"href":"https:\/\/stoic-curie.212-227-153-4.plesk.page\/hr\/wp-json\/wp\/v2\/product"}],"about":[{"href":"https:\/\/stoic-curie.212-227-153-4.plesk.page\/hr\/wp-json\/wp\/v2\/types\/product"}],"replies":[{"embeddable":true,"href":"https:\/\/stoic-curie.212-227-153-4.plesk.page\/hr\/wp-json\/wp\/v2\/comments?post=743836"}],"version-history":[{"count":0,"href":"https:\/\/stoic-curie.212-227-153-4.plesk.page\/hr\/wp-json\/wp\/v2\/product\/743836\/revisions"}],"wp:featuredmedia":[{"embeddable":true,"href":"https:\/\/stoic-curie.212-227-153-4.plesk.page\/hr\/wp-json\/wp\/v2\/media\/5945714"}],"wp:attachment":[{"href":"https:\/\/stoic-curie.212-227-153-4.plesk.page\/hr\/wp-json\/wp\/v2\/media?parent=743836"}],"wp:term":[{"taxonomy":"product_brand","embeddable":true,"href":"https:\/\/stoic-curie.212-227-153-4.plesk.page\/hr\/wp-json\/wp\/v2\/product_brand?post=743836"},{"taxonomy":"product_cat","embeddable":true,"href":"https:\/\/stoic-curie.212-227-153-4.plesk.page\/hr\/wp-json\/wp\/v2\/product_cat?post=743836"},{"taxonomy":"product_tag","embeddable":true,"href":"https:\/\/stoic-curie.212-227-153-4.plesk.page\/hr\/wp-json\/wp\/v2\/product_tag?post=743836"}],"curies":[{"name":"wp","href":"https:\/\/api.w.org\/{rel}","templated":true}]}}