{"id":743837,"date":"2025-03-03T18:42:35","date_gmt":"2025-03-03T17:42:35","guid":{"rendered":"https:\/\/stoic-curie.212-227-153-4.plesk.page\/producto\/bowman-fh200-3182-3-izmjenjivac-topline\/"},"modified":"2026-02-25T00:01:11","modified_gmt":"2026-02-25T00:01:11","slug":"bowman-fh200-3182-3-izmjenjivac-topline","status":"publish","type":"product","link":"https:\/\/stoic-curie.212-227-153-4.plesk.page\/hr\/product\/bowman-fh200-3182-3-izmjenjivac-topline\/","title":{"rendered":"Bowman FH200-3182-3, izmjenjiva\u010d topline"},"content":{"rendered":"<p>Bowman FH200-3182-3, izmjenjiva\u010d topline &#8211; <\/p>\n<p>Bowman FH200-3182-3 izmjenjiva\u010d topline je visoko specijalizovana komponenta koja je pomno projektirana za kori\u0161tenje s motorima koji generiraju snagu od 115 kW, \u0161to odgovara otprilike 154 konjske snage. Ova posebna jedinica dizajnirana je da bude kompatibilna s raznim modelima motora, uklju\u010duju\u0107i poznati Ford BSD-666 model, \u0161to je \u010dini svestranim izborom za mnoge ljubitelje brodova i profesionalce.<\/p>\n<p>Jedna od klju\u010dnih zna\u010dajki ovog izmjenjiva\u010da topline su njegovi priklju\u010dci za ulaz i izlaz sirove vode. Opremljen je 1&#8243; BSP priklju\u010dkom s jedne strane za ulaz sirove vode i odgovaraju\u0107im 1&#8243; BSP priklju\u010dkom s druge strane za izlaz sirove vode. Ovaj dizajn osigurava u\u010dinkovit protok vode, \u0161to je klju\u010dno za odr\u017eavanje optimalnih temperatura motora tijekom rada.<\/p>\n<p>Va\u017eno je napomenuti da izmjenjiva\u010d topline dolazi s osnovnim komponentama poput protuflansa, vijaka i brtvila koji su posebno namijenjeni za sustav svje\u017ee vode. Me\u0111utim, va\u0161a je odgovornost uspostaviti odgovaraju\u0107e priklju\u010dke za ulaz i izlaz rashladne vode koja se povezuje s izmjenjiva\u010dem topline. Pravilna instalacija klju\u010dna je za osiguranje da jedinica funkcionira u\u010dinkovito i pouzdano.<\/p>\n<p>Bowman tako\u0111er daje klju\u010dnu preporuku u vezi s uporabom cinkovih anoda. Savjetuju protiv njihove upotrebe jer su cijevi izmjenjiva\u010da topline izra\u0111ene od izdr\u017eljive legure bakra i nikla. Ovaj materijal ne zahtijeva cinkove anode za za\u0161titu. U stvari, instalacija cinkove anode mogla bi potencijalno o\u0161tetiti film bakrovog oksida koji se prirodno formira na cijevima. Ova film slu\u017ei kao za\u0161titna barijera, a svaka smetnja mogla bi dovesti do korozije materijala cijevi, \u010dime se ugro\u017eava integritet i dugovje\u010dnost izmjenjiva\u010da topline. Stoga, pridr\u017eavanje ovih smjernica pomo\u0107i \u0107e osigurati optimalnu izvedbu i trajnost va\u0161eg izmjenjiva\u010da topline.<\/p>\n","protected":false},"excerpt":{"rendered":"<p>Bowman FH200-3182-3, izmjenjiva\u010d topline &#8211; Bowman FH200-3182-3 izmjenjiva\u010d topline je visoko specijalizovana komponenta koja je pomno projektirana za kori\u0161tenje s<\/p>\n","protected":false},"featured_media":5945716,"comment_status":"open","ping_status":"closed","template":"","meta":[],"product_brand":[2846],"product_cat":[1790],"product_tag":[],"class_list":{"0":"post-743837","1":"product","2":"type-product","3":"status-publish","4":"has-post-thumbnail","6":"product_brand-bowman-hr","7":"product_cat-izmjenjivaci-topline-i-uljni-hladnjaci","9":"first","10":"instock","11":"shipping-taxable","12":"purchasable","13":"product-type-simple"},"_links":{"self":[{"href":"https:\/\/stoic-curie.212-227-153-4.plesk.page\/hr\/wp-json\/wp\/v2\/product\/743837","targetHints":{"allow":["GET"]}}],"collection":[{"href":"https:\/\/stoic-curie.212-227-153-4.plesk.page\/hr\/wp-json\/wp\/v2\/product"}],"about":[{"href":"https:\/\/stoic-curie.212-227-153-4.plesk.page\/hr\/wp-json\/wp\/v2\/types\/product"}],"replies":[{"embeddable":true,"href":"https:\/\/stoic-curie.212-227-153-4.plesk.page\/hr\/wp-json\/wp\/v2\/comments?post=743837"}],"version-history":[{"count":0,"href":"https:\/\/stoic-curie.212-227-153-4.plesk.page\/hr\/wp-json\/wp\/v2\/product\/743837\/revisions"}],"wp:featuredmedia":[{"embeddable":true,"href":"https:\/\/stoic-curie.212-227-153-4.plesk.page\/hr\/wp-json\/wp\/v2\/media\/5945716"}],"wp:attachment":[{"href":"https:\/\/stoic-curie.212-227-153-4.plesk.page\/hr\/wp-json\/wp\/v2\/media?parent=743837"}],"wp:term":[{"taxonomy":"product_brand","embeddable":true,"href":"https:\/\/stoic-curie.212-227-153-4.plesk.page\/hr\/wp-json\/wp\/v2\/product_brand?post=743837"},{"taxonomy":"product_cat","embeddable":true,"href":"https:\/\/stoic-curie.212-227-153-4.plesk.page\/hr\/wp-json\/wp\/v2\/product_cat?post=743837"},{"taxonomy":"product_tag","embeddable":true,"href":"https:\/\/stoic-curie.212-227-153-4.plesk.page\/hr\/wp-json\/wp\/v2\/product_tag?post=743837"}],"curies":[{"name":"wp","href":"https:\/\/api.w.org\/{rel}","templated":true}]}}