{"id":743838,"date":"2025-03-03T18:42:35","date_gmt":"2025-03-03T17:42:35","guid":{"rendered":"https:\/\/stoic-curie.212-227-153-4.plesk.page\/producto\/bowman-fh300-3282-2-izmjenjivac-topline\/"},"modified":"2026-02-25T00:01:11","modified_gmt":"2026-02-25T00:01:11","slug":"bowman-fh300-3282-2-izmjenjivac-topline","status":"publish","type":"product","link":"https:\/\/stoic-curie.212-227-153-4.plesk.page\/hr\/product\/bowman-fh300-3282-2-izmjenjivac-topline\/","title":{"rendered":"Bowman FH300-3282-2, izmjenjiva\u010d topline"},"content":{"rendered":"<p>Bowman FH300-3282-2, izmjenjiva\u010d topline &#8211; <\/p>\n<p style=\"color: rgb(34, 34, 34); font-family: Arial, Helvetica, sans-serif; font-size: small;\">Bowman FH300-3282-2 izmjenjiva\u010d topline je dizajniran za motore snage do 150 kW (201 KS). Kompatibilan je s raznim modelima motora, uklju\u010duju\u0107i Ford BSD-678 i Gardner 6LX.<\/p>\n<p style=\"color: rgb(34, 34, 34); font-family: Arial, Helvetica, sans-serif; font-size: small;\">Ovaj izmjenjiva\u010d topline ima priklju\u010dak za ulaz sirove vode od 1-1\/4&#8243; BSP na jednom kraju i odgovaraju\u0107i priklju\u010dak za izlaz sirove vode iste veli\u010dine na suprotnom kraju. Osim toga, uklju\u010duje i 57 mm priklju\u010dak za svje\u017eu vodu.<\/p>\n<p style=\"color: rgb(34, 34, 34); font-family: Arial, Helvetica, sans-serif; font-size: small;\">Bowman preporu\u010duje protiv instalacije cink anoda, jer su cijevi izmjenjiva\u010da topline izra\u0111ene od legure bakra i nikla, koja ne zahtijeva takvu za\u0161titu. Instalacija cink anode mo\u017ee kompromitirati bakrov oksidni film koji se prirodno formira na cijevima, potencijalno izla\u017eu\u0107i materijal koroziji.<\/p>\n<p style=\"color: rgb(34, 34, 34); font-family: Arial, Helvetica, sans-serif; font-size: small;\"><strong>Specifikacije:<\/strong><\/p>\n<ul style=\"color: rgb(34, 34, 34); font-family: Arial, Helvetica, sans-serif; font-size: small;\">\n<li><strong>Kapacitet sirove vode:<\/strong>\u00a01,55 litara<\/li>\n<li><strong>Kapacitet motora:<\/strong>\u00a06,55 litara<\/li>\n<li><strong>Kapacitet spremnika za glavu:<\/strong>\u00a04,12 litara<\/li>\n<li><strong>Visina:<\/strong>\u00a0275 mm (uklju\u010duju\u0107i tlak cap)<\/li>\n<li><strong>Duljina:<\/strong>\u00a0472 mm<\/li>\n<li><strong>Materijal:<\/strong>\u00a0Aluminijski LM6M ku\u0107i\u0161te, kuproni\u010dki cijevni set i kompozitni zavr\u0161ni poklopci<\/li>\n<li><strong>Maksimalna radna temperatura:<\/strong>\u00a0100\u00b0C<\/li>\n<li><strong>\u0160irina:<\/strong>\u00a0150 mm<\/li>\n<li><strong>Marka:<\/strong>\u00a0Bowman<\/li>\n<li><strong>Kompatibilni motori:<\/strong>\u00a0Ford, Gardner<\/li>\n<li><strong>Dr\u017eava podrijetla:<\/strong>\u00a0Ujedinjeno Kraljevstvo<\/li>\n<li><strong>Udaljenost izme\u0111u sredina monta\u017enih rupa:<\/strong>\u00a0200 mm x 76 mm<\/li>\n<li><strong>Maksimalni tlak motora:<\/strong>\u00a01 bar (ovisno o ocjeni \u010depa za punjenje)<\/li>\n<li><strong>Veli\u010dina pri\u010dvrsne rupe:<\/strong>\u00a0M10 x 15<\/li>\n<li><strong>Maksimalna konjska snaga:<\/strong>\u00a0201 KS (150 kW)<\/li>\n<li><strong>Veli\u010dina ulazne\/izlazne to\u010dke:<\/strong>\u00a0Ulaz i izlaz sirove vode: 1-1\/4&#8243; BSP; Priklju\u010dak za svje\u017eu vodu: 57 mm<\/li>\n<li><strong>Model:<\/strong>\u00a0FH300-3282-2<\/li>\n<li><strong>Ocjena pritiska:<\/strong>\u00a0Poklopac spremnika: 10,8 PSI (0,75 Bar \/ 75 kPa)<\/li>\n<li><strong>Maksimalni protok sirove vode:<\/strong>\u00a0125 litara u minuti<\/li>\n<li><strong>Maksimalni tlak sirove vode:<\/strong>\u00a015 bar<\/li>\n<\/ul>\n<p style=\"color: rgb(34, 34, 34); font-family: Arial, Helvetica, sans-serif; font-size: small;\">Ovaj sveobuhvatan pregled pru\u017ea bitne informacije za vlasnike \u010damaca koji tra\u017ee pouzdan izmjenjiva\u010d topline za svoje motore.<\/p>\n","protected":false},"excerpt":{"rendered":"<p>Bowman FH300-3282-2, izmjenjiva\u010d topline &#8211; Bowman FH300-3282-2 izmjenjiva\u010d topline je dizajniran za motore snage do 150 kW (201 KS). Kompatibilan<\/p>\n","protected":false},"featured_media":5945716,"comment_status":"open","ping_status":"closed","template":"","meta":[],"product_brand":[2846],"product_cat":[1790],"product_tag":[],"class_list":{"0":"post-743838","1":"product","2":"type-product","3":"status-publish","4":"has-post-thumbnail","6":"product_brand-bowman-hr","7":"product_cat-izmjenjivaci-topline-i-uljni-hladnjaci","9":"first","10":"instock","11":"shipping-taxable","12":"purchasable","13":"product-type-simple"},"_links":{"self":[{"href":"https:\/\/stoic-curie.212-227-153-4.plesk.page\/hr\/wp-json\/wp\/v2\/product\/743838","targetHints":{"allow":["GET"]}}],"collection":[{"href":"https:\/\/stoic-curie.212-227-153-4.plesk.page\/hr\/wp-json\/wp\/v2\/product"}],"about":[{"href":"https:\/\/stoic-curie.212-227-153-4.plesk.page\/hr\/wp-json\/wp\/v2\/types\/product"}],"replies":[{"embeddable":true,"href":"https:\/\/stoic-curie.212-227-153-4.plesk.page\/hr\/wp-json\/wp\/v2\/comments?post=743838"}],"version-history":[{"count":0,"href":"https:\/\/stoic-curie.212-227-153-4.plesk.page\/hr\/wp-json\/wp\/v2\/product\/743838\/revisions"}],"wp:featuredmedia":[{"embeddable":true,"href":"https:\/\/stoic-curie.212-227-153-4.plesk.page\/hr\/wp-json\/wp\/v2\/media\/5945716"}],"wp:attachment":[{"href":"https:\/\/stoic-curie.212-227-153-4.plesk.page\/hr\/wp-json\/wp\/v2\/media?parent=743838"}],"wp:term":[{"taxonomy":"product_brand","embeddable":true,"href":"https:\/\/stoic-curie.212-227-153-4.plesk.page\/hr\/wp-json\/wp\/v2\/product_brand?post=743838"},{"taxonomy":"product_cat","embeddable":true,"href":"https:\/\/stoic-curie.212-227-153-4.plesk.page\/hr\/wp-json\/wp\/v2\/product_cat?post=743838"},{"taxonomy":"product_tag","embeddable":true,"href":"https:\/\/stoic-curie.212-227-153-4.plesk.page\/hr\/wp-json\/wp\/v2\/product_tag?post=743838"}],"curies":[{"name":"wp","href":"https:\/\/api.w.org\/{rel}","templated":true}]}}