{"id":743845,"date":"2025-03-03T18:42:38","date_gmt":"2025-03-03T17:42:38","guid":{"rendered":"https:\/\/stoic-curie.212-227-153-4.plesk.page\/producto\/ispusni-kolektor-volvo-855387\/"},"modified":"2026-02-25T00:01:11","modified_gmt":"2026-02-25T00:01:11","slug":"ispusni-kolektor-volvo-855387","status":"publish","type":"product","link":"https:\/\/stoic-curie.212-227-153-4.plesk.page\/hr\/product\/ispusni-kolektor-volvo-855387\/","title":{"rendered":"Ispu\u0161ni kolektor Volvo 855387"},"content":{"rendered":"<p>Ispu\u0161ni kolektor Volvo 855387 &#8211; <\/p>\n<p style=\"color: rgb(34, 34, 34); font-family: Arial, Helvetica, sans-serif; font-size: small;\">Ova ispu\u0161na glava je dizajnirana za Volvo Penta 4-cilindri\u010dne motore i dolazi s kompletnom brtvom i vijcima. To je originalni rezervni dio koji se uklapa u nekoliko Volvo Penta modela, uklju\u010duju\u0107i AQ 120B, 125A, 140A i 145A BB. Ova glava zamjenjuje originalne brojeve dijelova: 855387-7, 834438-4, kao i Osco # VO418, Mallory # 9-40900, GLM # 51610 i Sierra # 18-1930-1.<\/p>\n<p style=\"color: rgb(34, 34, 34); font-family: Arial, Helvetica, sans-serif; font-size: small;\">Kompatibilna je s Volvo Penta B21, B23 i B25 motorima, posebno modelima AQ120B, AQ125A i AQ125B, zamjenjuju\u0107i broj dijela 855387. Ova visoko kvalitetna ispu\u0161na glava izra\u0111ena je od izdr\u017eljivog HGE lijevanog \u017eeljeza.<\/p>\n<p style=\"color: rgb(34, 34, 34); font-family: Arial, Helvetica, sans-serif; font-size: small;\">Osim toga, pogodna je za Volvo Penta 2.3L i 2.5L 4-cilindri\u010dne motore, uklju\u010duju\u0107i modele AQ &#038; BB 120B, 125A, 140A, 145, 151 i druge. Paket uklju\u010duje monta\u017eni komplet za jednostavnu instalaciju.<\/p>\n","protected":false},"excerpt":{"rendered":"<p>Ispu\u0161ni kolektor Volvo 855387 &#8211; Ova ispu\u0161na glava je dizajnirana za Volvo Penta 4-cilindri\u010dne motore i dolazi s kompletnom brtvom<\/p>\n","protected":false},"featured_media":5945725,"comment_status":"open","ping_status":"closed","template":"","meta":[],"product_brand":[3391],"product_cat":[1829],"product_tag":[],"class_list":{"0":"post-743845","1":"product","2":"type-product","3":"status-publish","4":"has-post-thumbnail","6":"product_brand-sierra-marine-hr","7":"product_cat-rezervni-dijelovi-za-motore-volvo-penta","9":"first","10":"instock","11":"shipping-taxable","12":"purchasable","13":"product-type-simple"},"_links":{"self":[{"href":"https:\/\/stoic-curie.212-227-153-4.plesk.page\/hr\/wp-json\/wp\/v2\/product\/743845","targetHints":{"allow":["GET"]}}],"collection":[{"href":"https:\/\/stoic-curie.212-227-153-4.plesk.page\/hr\/wp-json\/wp\/v2\/product"}],"about":[{"href":"https:\/\/stoic-curie.212-227-153-4.plesk.page\/hr\/wp-json\/wp\/v2\/types\/product"}],"replies":[{"embeddable":true,"href":"https:\/\/stoic-curie.212-227-153-4.plesk.page\/hr\/wp-json\/wp\/v2\/comments?post=743845"}],"version-history":[{"count":0,"href":"https:\/\/stoic-curie.212-227-153-4.plesk.page\/hr\/wp-json\/wp\/v2\/product\/743845\/revisions"}],"wp:featuredmedia":[{"embeddable":true,"href":"https:\/\/stoic-curie.212-227-153-4.plesk.page\/hr\/wp-json\/wp\/v2\/media\/5945725"}],"wp:attachment":[{"href":"https:\/\/stoic-curie.212-227-153-4.plesk.page\/hr\/wp-json\/wp\/v2\/media?parent=743845"}],"wp:term":[{"taxonomy":"product_brand","embeddable":true,"href":"https:\/\/stoic-curie.212-227-153-4.plesk.page\/hr\/wp-json\/wp\/v2\/product_brand?post=743845"},{"taxonomy":"product_cat","embeddable":true,"href":"https:\/\/stoic-curie.212-227-153-4.plesk.page\/hr\/wp-json\/wp\/v2\/product_cat?post=743845"},{"taxonomy":"product_tag","embeddable":true,"href":"https:\/\/stoic-curie.212-227-153-4.plesk.page\/hr\/wp-json\/wp\/v2\/product_tag?post=743845"}],"curies":[{"name":"wp","href":"https:\/\/api.w.org\/{rel}","templated":true}]}}