{"id":743846,"date":"2025-03-03T18:42:38","date_gmt":"2025-03-03T17:42:38","guid":{"rendered":"https:\/\/stoic-curie.212-227-153-4.plesk.page\/producto\/ispusno-koljeno-polirana-crna-mercruiser-807988a03\/"},"modified":"2026-02-25T00:01:11","modified_gmt":"2026-02-25T00:01:11","slug":"ispusno-koljeno-polirana-crna-mercruiser-807988a03","status":"publish","type":"product","link":"https:\/\/stoic-curie.212-227-153-4.plesk.page\/hr\/product\/ispusno-koljeno-polirana-crna-mercruiser-807988a03\/","title":{"rendered":"Ispu\u0161no koljeno (polirana crna) Mercruiser 807988a03"},"content":{"rendered":"<p>Ispu\u0161no koljeno (polirana crna) Mercruiser 807988a03 &#8211; <\/p>\n<p>Izvorni Mercruiser 807988A03 ispu\u0161ni riser. Prilago\u0111en za motore 4.3L\/LX &#8211; 5.0L\/LX &#8211; 5.7L\/LX &#8211; 7.4L\/LX. Potrebno ga je dovr\u0161iti s brtvom i 4 vijka 5040412. Modeli 7.4L\/LX imaju 3 vijka 5040412 i 1 vijak 5040413. Dostupni su 3 i 6 in\u010dni setovi riser razmaknika potrebni za pode\u0161avanje visine ispu\u0161ne cijevi.<\/p>\n","protected":false},"excerpt":{"rendered":"<p>Ispu\u0161no koljeno (polirana crna) Mercruiser 807988a03 &#8211; Izvorni Mercruiser 807988A03 ispu\u0161ni riser. Prilago\u0111en za motore 4.3L\/LX &#8211; 5.0L\/LX &#8211; 5.7L\/LX<\/p>\n","protected":false},"featured_media":5945727,"comment_status":"open","ping_status":"closed","template":"","meta":[],"product_brand":[3286],"product_cat":[1830],"product_tag":[],"class_list":{"0":"post-743846","1":"product","2":"type-product","3":"status-publish","4":"has-post-thumbnail","6":"product_brand-quicksilver-hr","7":"product_cat-rezervni-dijelovi-za-vanbrodske-motore-mercruiser","9":"first","10":"instock","11":"shipping-taxable","12":"purchasable","13":"product-type-simple"},"_links":{"self":[{"href":"https:\/\/stoic-curie.212-227-153-4.plesk.page\/hr\/wp-json\/wp\/v2\/product\/743846","targetHints":{"allow":["GET"]}}],"collection":[{"href":"https:\/\/stoic-curie.212-227-153-4.plesk.page\/hr\/wp-json\/wp\/v2\/product"}],"about":[{"href":"https:\/\/stoic-curie.212-227-153-4.plesk.page\/hr\/wp-json\/wp\/v2\/types\/product"}],"replies":[{"embeddable":true,"href":"https:\/\/stoic-curie.212-227-153-4.plesk.page\/hr\/wp-json\/wp\/v2\/comments?post=743846"}],"version-history":[{"count":0,"href":"https:\/\/stoic-curie.212-227-153-4.plesk.page\/hr\/wp-json\/wp\/v2\/product\/743846\/revisions"}],"wp:featuredmedia":[{"embeddable":true,"href":"https:\/\/stoic-curie.212-227-153-4.plesk.page\/hr\/wp-json\/wp\/v2\/media\/5945727"}],"wp:attachment":[{"href":"https:\/\/stoic-curie.212-227-153-4.plesk.page\/hr\/wp-json\/wp\/v2\/media?parent=743846"}],"wp:term":[{"taxonomy":"product_brand","embeddable":true,"href":"https:\/\/stoic-curie.212-227-153-4.plesk.page\/hr\/wp-json\/wp\/v2\/product_brand?post=743846"},{"taxonomy":"product_cat","embeddable":true,"href":"https:\/\/stoic-curie.212-227-153-4.plesk.page\/hr\/wp-json\/wp\/v2\/product_cat?post=743846"},{"taxonomy":"product_tag","embeddable":true,"href":"https:\/\/stoic-curie.212-227-153-4.plesk.page\/hr\/wp-json\/wp\/v2\/product_tag?post=743846"}],"curies":[{"name":"wp","href":"https:\/\/api.w.org\/{rel}","templated":true}]}}