{"id":743848,"date":"2025-03-03T18:42:39","date_gmt":"2025-03-03T17:42:39","guid":{"rendered":"https:\/\/stoic-curie.212-227-153-4.plesk.page\/producto\/razmakni-set-3w-produzeci-vijci-i-brtve-93320a13\/"},"modified":"2026-02-25T00:01:11","modified_gmt":"2026-02-25T00:01:11","slug":"razmakni-set-3w-produzeci-vijci-i-brtve-93320a13","status":"publish","type":"product","link":"https:\/\/stoic-curie.212-227-153-4.plesk.page\/hr\/product\/razmakni-set-3w-produzeci-vijci-i-brtve-93320a13\/","title":{"rendered":"Kit Mercruiser 93320A13"},"content":{"rendered":"<p>Kit Mercruiser 93320A13 &#8211; <\/p>\n<p>Predstavljamo autenti\u010dni ispu\u0161ni podiza\u010d Mercruiser 807988A03, specijalno dizajniran za motore 4.3L\/LX, 5.0L\/LX, 5.7L\/LX i 7.4L\/LX. Ovaj komponent zahtijeva brtvu i \u010detiri vijka (broj dijela 5040412). Za varijante 7.4L\/LX bit \u0107e vam potrebna tri vijka (5040412) i jedan dodatni vijak (5040413). Tako\u0111er nudimo setove podiza\u010da s razmacima u veli\u010dinama od 3 in\u010da i 6 in\u010da kako bismo pomogli u modifikaciji visine ispu\u0161ne cijevi. Svaki set ispu\u0161nog podiza\u010da 93320A13 dolazi s dva podiza\u010da.<\/p>\n<p>Ovo je originalni OEM dio od Mercury Marine, s mjerenjem od 3 in\u010da (76 mm). Kompatibilan je s MCM V\u20116 karburatorskim i TBI motorima koji imaju ispu\u0161ne razvodnike s dva dijela (serijski brojevi 0M614999 i ni\u017ee). Osim toga, odgovara MCM\/MIE\/Tow Sports V\u20118 motorima (305, 350, 377, 454 i 502 cid) opremljenim livenim koljenima (serijski brojevi 0M299999 i ni\u017ee), kao i MCM V\u20118 karburatorskim motorima (305 i 350 cid) sa serijskim brojevima 0M300000 do 0M599999, i MIE &amp; Tow Sports karburatorskim motorima (serijski brojevi 0M300000 do 0M316999).<\/p>\n<p>Set ispu\u0161nog podiza\u010da 93320A13 podi\u017ee visinu ispu\u0161nog sustava, u\u010dinkovito sprje\u010davaju\u0107i ulazak vode u motor kroz ispu\u0161ni sustav.<\/p>\n<p>MCM ozna\u010dava Sterndrive, dok MIE ozna\u010dava Inboard.<\/p>\n","protected":false},"excerpt":{"rendered":"<p>Kit Mercruiser 93320A13 &#8211; Predstavljamo autenti\u010dni ispu\u0161ni podiza\u010d Mercruiser 807988A03, specijalno dizajniran za motore 4.3L\/LX, 5.0L\/LX, 5.7L\/LX i 7.4L\/LX. Ovaj<\/p>\n","protected":false},"featured_media":5945728,"comment_status":"open","ping_status":"closed","template":"","meta":[],"product_brand":[3286],"product_cat":[1830],"product_tag":[],"class_list":{"0":"post-743848","1":"product","2":"type-product","3":"status-publish","4":"has-post-thumbnail","6":"product_brand-quicksilver-hr","7":"product_cat-rezervni-dijelovi-za-vanbrodske-motore-mercruiser","9":"first","10":"instock","11":"shipping-taxable","12":"purchasable","13":"product-type-simple"},"_links":{"self":[{"href":"https:\/\/stoic-curie.212-227-153-4.plesk.page\/hr\/wp-json\/wp\/v2\/product\/743848","targetHints":{"allow":["GET"]}}],"collection":[{"href":"https:\/\/stoic-curie.212-227-153-4.plesk.page\/hr\/wp-json\/wp\/v2\/product"}],"about":[{"href":"https:\/\/stoic-curie.212-227-153-4.plesk.page\/hr\/wp-json\/wp\/v2\/types\/product"}],"replies":[{"embeddable":true,"href":"https:\/\/stoic-curie.212-227-153-4.plesk.page\/hr\/wp-json\/wp\/v2\/comments?post=743848"}],"version-history":[{"count":0,"href":"https:\/\/stoic-curie.212-227-153-4.plesk.page\/hr\/wp-json\/wp\/v2\/product\/743848\/revisions"}],"wp:featuredmedia":[{"embeddable":true,"href":"https:\/\/stoic-curie.212-227-153-4.plesk.page\/hr\/wp-json\/wp\/v2\/media\/5945728"}],"wp:attachment":[{"href":"https:\/\/stoic-curie.212-227-153-4.plesk.page\/hr\/wp-json\/wp\/v2\/media?parent=743848"}],"wp:term":[{"taxonomy":"product_brand","embeddable":true,"href":"https:\/\/stoic-curie.212-227-153-4.plesk.page\/hr\/wp-json\/wp\/v2\/product_brand?post=743848"},{"taxonomy":"product_cat","embeddable":true,"href":"https:\/\/stoic-curie.212-227-153-4.plesk.page\/hr\/wp-json\/wp\/v2\/product_cat?post=743848"},{"taxonomy":"product_tag","embeddable":true,"href":"https:\/\/stoic-curie.212-227-153-4.plesk.page\/hr\/wp-json\/wp\/v2\/product_tag?post=743848"}],"curies":[{"name":"wp","href":"https:\/\/api.w.org\/{rel}","templated":true}]}}