{"id":743849,"date":"2025-03-03T18:42:39","date_gmt":"2025-03-03T17:42:39","guid":{"rendered":"https:\/\/stoic-curie.212-227-153-4.plesk.page\/producto\/razmakni-set-6-w-produzni-vijci-i-brtve-93322a12\/"},"modified":"2026-02-25T00:01:11","modified_gmt":"2026-02-25T00:01:11","slug":"razmakni-set-6-w-produzni-vijci-i-brtve-93322a12","status":"publish","type":"product","link":"https:\/\/stoic-curie.212-227-153-4.plesk.page\/hr\/product\/razmakni-set-6-w-produzni-vijci-i-brtve-93322a12\/","title":{"rendered":"Kit Mercruiser 93322A12"},"content":{"rendered":"<p>Kit Mercruiser 93322A12 &#8211; <\/p>\n<p><strong>93322A12 Kit za podizanje ispuha &#8211; 6 in\u010da<\/strong><\/p>\n<p>Ovo je originalni OEM deo Mercruiser, a ne proizvod druge proizvodnje.<\/p>\n<p><strong>Detalji o proizvodu:<\/strong><\/p>\n<ul>\n<li><strong>Broj dela:<\/strong>&nbsp;93322A12<\/li>\n<li><strong>Veli\u010dina:<\/strong>&nbsp;6 in\u010da (152 mm)<\/li>\n<\/ul>\n<p><strong>Kompatibilnost:<\/strong><\/p>\n<ul>\n<li>Prikladan za MCM (sterndrive) V\u20116 karburirane i TBI motore sa 2-deljenim ispu\u0161nim kolektorima, serijski brojevi 0M614999 i ni\u017ee.<\/li>\n<li>Kompatibilan sa MCM\/MIE\/Tow Sports V\u20118 motorima (305, 350, 377, 454 i 502 cid) sa livenim kolenima, serijski brojevi 0M299999 i ni\u017ee.<\/li>\n<li>Radi s MCM (sterndrive) V\u20118 karburiranim motorima (305 i 350 cid), serijski brojevi 0M300000 do 0M599999, kao i s MIE (unutra\u0161nji) i Tow Sports karburiranim motorima, serijski brojevi 0M300000 do 0M316999.<\/li>\n<\/ul>\n<p><strong>Osobine:<\/strong><\/p>\n<ul>\n<li>Novi OEM MerCruiser V6 i V8 Kit za podizanje ispuha, 6 in\u010da (broj dela 93322A12).<\/li>\n<li>Dizajniran za sve MerCruiser centralne podiza\u010de kolektora.<\/li>\n<li>Prikladan za sve V6 i V8 motore od ranih 1980-ih pa nadalje.<\/li>\n<li>Uklju\u010duje nove vijake, dihtunge, spacer-e visine 6 in\u010da, matice i podlo\u0161ke.<\/li>\n<\/ul>\n<p><strong>Dodatne informacije:<\/strong>&nbsp;MerCruiser 93322A12 produ\u017eni blok kit od 6 in\u010da uklju\u010duje:<\/p>\n<ul>\n<li>\u010cetiri dihtunga za rizere punog protoka.<\/li>\n<li>Vijke za monta\u017eu na kolektor.<\/li>\n<li>Monta\u017ene nosa\u010de za pribor povezan s produ\u017enim blokovima.<\/li>\n<\/ul>\n<p><br style=\"color: rgb(34, 34, 34); font-family: Arial, Helvetica, sans-serif; font-size: small;\"><\/p>\n","protected":false},"excerpt":{"rendered":"<p>Kit Mercruiser 93322A12 &#8211; 93322A12 Kit za podizanje ispuha &#8211; 6 in\u010da Ovo je originalni OEM deo Mercruiser, a ne<\/p>\n","protected":false},"featured_media":5945729,"comment_status":"open","ping_status":"closed","template":"","meta":[],"product_brand":[3286],"product_cat":[1830],"product_tag":[],"class_list":{"0":"post-743849","1":"product","2":"type-product","3":"status-publish","4":"has-post-thumbnail","6":"product_brand-quicksilver-hr","7":"product_cat-rezervni-dijelovi-za-vanbrodske-motore-mercruiser","9":"first","10":"instock","11":"shipping-taxable","12":"purchasable","13":"product-type-simple"},"_links":{"self":[{"href":"https:\/\/stoic-curie.212-227-153-4.plesk.page\/hr\/wp-json\/wp\/v2\/product\/743849","targetHints":{"allow":["GET"]}}],"collection":[{"href":"https:\/\/stoic-curie.212-227-153-4.plesk.page\/hr\/wp-json\/wp\/v2\/product"}],"about":[{"href":"https:\/\/stoic-curie.212-227-153-4.plesk.page\/hr\/wp-json\/wp\/v2\/types\/product"}],"replies":[{"embeddable":true,"href":"https:\/\/stoic-curie.212-227-153-4.plesk.page\/hr\/wp-json\/wp\/v2\/comments?post=743849"}],"version-history":[{"count":0,"href":"https:\/\/stoic-curie.212-227-153-4.plesk.page\/hr\/wp-json\/wp\/v2\/product\/743849\/revisions"}],"wp:featuredmedia":[{"embeddable":true,"href":"https:\/\/stoic-curie.212-227-153-4.plesk.page\/hr\/wp-json\/wp\/v2\/media\/5945729"}],"wp:attachment":[{"href":"https:\/\/stoic-curie.212-227-153-4.plesk.page\/hr\/wp-json\/wp\/v2\/media?parent=743849"}],"wp:term":[{"taxonomy":"product_brand","embeddable":true,"href":"https:\/\/stoic-curie.212-227-153-4.plesk.page\/hr\/wp-json\/wp\/v2\/product_brand?post=743849"},{"taxonomy":"product_cat","embeddable":true,"href":"https:\/\/stoic-curie.212-227-153-4.plesk.page\/hr\/wp-json\/wp\/v2\/product_cat?post=743849"},{"taxonomy":"product_tag","embeddable":true,"href":"https:\/\/stoic-curie.212-227-153-4.plesk.page\/hr\/wp-json\/wp\/v2\/product_tag?post=743849"}],"curies":[{"name":"wp","href":"https:\/\/api.w.org\/{rel}","templated":true}]}}