{"id":743850,"date":"2025-03-03T18:44:07","date_gmt":"2025-03-03T17:44:07","guid":{"rendered":"https:\/\/stoic-curie.212-227-153-4.plesk.page\/producto\/originalni-mercruiser-807078t10-ispusni-kolektor\/"},"modified":"2026-02-25T00:01:11","modified_gmt":"2026-02-25T00:01:11","slug":"originalni-mercruiser-807078t10-ispusni-kolektor","status":"publish","type":"product","link":"https:\/\/stoic-curie.212-227-153-4.plesk.page\/hr\/product\/originalni-mercruiser-807078t10-ispusni-kolektor\/","title":{"rendered":"Originalni Mercruiser 807078t10 ispu\u0161ni kolektor"},"content":{"rendered":"<p>Originalni Mercruiser 807078t10 ispu\u0161ni kolektor &#8211; <\/p>\n<p>Predstavljamo pravi Mercruiser 807078T10 ispu\u0161ni kolektor, zajedno s brtvom. Ova komponenta je dizajnirana za 7.4L\/LX motore i zahtijeva ili 8 vijaka (broj dijela 5040414) ili kombinaciju od 4 vijka (broj dijela 5040417) i 4 vijka (broj dijela 5040414). Ovo je originalni dio proizvo\u0111a\u010da (OEM) iz Mercury Marine, \u0161to jam\u010di visoku kvalitetu i pouzdanost.<\/p>\n<p><strong>Klju\u010dne zna\u010dajke:<\/strong><\/p>\n<ul>\n<li>Dostupno za primjene na lijevoj i desnoj strani.<\/li>\n<li>Oblo\u017eeno pra\u0161kastim premazom za izdr\u017eljivost u slanim uvjetima.<\/li>\n<li>Kompatibilno s MCM (sterndrive) i MIE (inboard) GM V-8 454 &amp; 502 cid motorima od 1981. godine pa nadalje.<\/li>\n<\/ul>\n<p><strong>Uklju\u010deni sastavni dijelovi:<\/strong><\/p>\n<ul>\n<li>22-862210A01 kit za odvodnju s cijevi<\/li>\n<li>27-46820 brtva kolektora<\/li>\n<\/ul>\n<p>Ovaj ispu\u0161ni kolektor zamjenjuje sljede\u0107e Mercruiser brojeve dijelova: 807078A2, 807078A4, 807078A6, 807078T08, 807078T09, 807078T10, i 89011A8.<\/p>\n<p>Specifi\u010dno se koristi na Mercruiser GM velikim blok V8 7.4L (454 MAG) motorima.<\/p>\n","protected":false},"excerpt":{"rendered":"<p>Originalni Mercruiser 807078t10 ispu\u0161ni kolektor &#8211; Predstavljamo pravi Mercruiser 807078T10 ispu\u0161ni kolektor, zajedno s brtvom. Ova komponenta je dizajnirana za<\/p>\n","protected":false},"featured_media":5941409,"comment_status":"open","ping_status":"closed","template":"","meta":[],"product_brand":[3286],"product_cat":[1830],"product_tag":[],"class_list":{"0":"post-743850","1":"product","2":"type-product","3":"status-publish","4":"has-post-thumbnail","6":"product_brand-quicksilver-hr","7":"product_cat-rezervni-dijelovi-za-vanbrodske-motore-mercruiser","9":"first","10":"instock","11":"shipping-taxable","12":"purchasable","13":"product-type-simple"},"_links":{"self":[{"href":"https:\/\/stoic-curie.212-227-153-4.plesk.page\/hr\/wp-json\/wp\/v2\/product\/743850","targetHints":{"allow":["GET"]}}],"collection":[{"href":"https:\/\/stoic-curie.212-227-153-4.plesk.page\/hr\/wp-json\/wp\/v2\/product"}],"about":[{"href":"https:\/\/stoic-curie.212-227-153-4.plesk.page\/hr\/wp-json\/wp\/v2\/types\/product"}],"replies":[{"embeddable":true,"href":"https:\/\/stoic-curie.212-227-153-4.plesk.page\/hr\/wp-json\/wp\/v2\/comments?post=743850"}],"version-history":[{"count":0,"href":"https:\/\/stoic-curie.212-227-153-4.plesk.page\/hr\/wp-json\/wp\/v2\/product\/743850\/revisions"}],"wp:featuredmedia":[{"embeddable":true,"href":"https:\/\/stoic-curie.212-227-153-4.plesk.page\/hr\/wp-json\/wp\/v2\/media\/5941409"}],"wp:attachment":[{"href":"https:\/\/stoic-curie.212-227-153-4.plesk.page\/hr\/wp-json\/wp\/v2\/media?parent=743850"}],"wp:term":[{"taxonomy":"product_brand","embeddable":true,"href":"https:\/\/stoic-curie.212-227-153-4.plesk.page\/hr\/wp-json\/wp\/v2\/product_brand?post=743850"},{"taxonomy":"product_cat","embeddable":true,"href":"https:\/\/stoic-curie.212-227-153-4.plesk.page\/hr\/wp-json\/wp\/v2\/product_cat?post=743850"},{"taxonomy":"product_tag","embeddable":true,"href":"https:\/\/stoic-curie.212-227-153-4.plesk.page\/hr\/wp-json\/wp\/v2\/product_tag?post=743850"}],"curies":[{"name":"wp","href":"https:\/\/api.w.org\/{rel}","templated":true}]}}