{"id":743855,"date":"2025-03-03T18:44:41","date_gmt":"2025-03-03T17:44:41","guid":{"rendered":"https:\/\/stoic-curie.212-227-153-4.plesk.page\/producto\/nosaci-motora-xd-120-x-70-mm-60-kg\/"},"modified":"2026-02-25T00:01:11","modified_gmt":"2026-02-25T00:01:11","slug":"nosaci-motora-xd-120-x-70-mm-60-kg","status":"publish","type":"product","link":"https:\/\/stoic-curie.212-227-153-4.plesk.page\/hr\/product\/nosaci-motora-xd-120-x-70-mm-60-kg\/","title":{"rendered":"Nosa\u010di motora XD 120 x 70 mm 60 kg"},"content":{"rendered":"<p>Nosa\u010di motora XD 120 x 70 mm 60 kg &#8211; <\/p>\n<p>Antivibracijski nosa\u010di za dizelske motore male snage i za mobilne primjene koje zahtijevaju visoku razinu izolacije. Specifi\u010dni dizajn s malom vertikalnom i radijalnom kruto\u0161\u0107u, idealan za motore s velikim vibracijama pri niskim radnim brzinama. M16 navojna \u0161ipka du\u017eine 80 mm. (SH = Shore)<\/p>\n","protected":false},"excerpt":{"rendered":"<p>Nosa\u010di motora XD 120 x 70 mm 60 kg &#8211; Antivibracijski nosa\u010di za dizelske motore male snage i za mobilne<\/p>\n","protected":false},"featured_media":5945734,"comment_status":"open","ping_status":"closed","template":"","meta":[],"product_brand":[2781],"product_cat":[1824],"product_tag":[],"class_list":{"0":"post-743855","1":"product","2":"type-product","3":"status-publish","4":"has-post-thumbnail","6":"product_brand-ancor-marine-hr","7":"product_cat-nosaci-motora-protiv-vibracija","9":"first","10":"instock","11":"shipping-taxable","12":"purchasable","13":"product-type-simple"},"_links":{"self":[{"href":"https:\/\/stoic-curie.212-227-153-4.plesk.page\/hr\/wp-json\/wp\/v2\/product\/743855","targetHints":{"allow":["GET"]}}],"collection":[{"href":"https:\/\/stoic-curie.212-227-153-4.plesk.page\/hr\/wp-json\/wp\/v2\/product"}],"about":[{"href":"https:\/\/stoic-curie.212-227-153-4.plesk.page\/hr\/wp-json\/wp\/v2\/types\/product"}],"replies":[{"embeddable":true,"href":"https:\/\/stoic-curie.212-227-153-4.plesk.page\/hr\/wp-json\/wp\/v2\/comments?post=743855"}],"version-history":[{"count":0,"href":"https:\/\/stoic-curie.212-227-153-4.plesk.page\/hr\/wp-json\/wp\/v2\/product\/743855\/revisions"}],"wp:featuredmedia":[{"embeddable":true,"href":"https:\/\/stoic-curie.212-227-153-4.plesk.page\/hr\/wp-json\/wp\/v2\/media\/5945734"}],"wp:attachment":[{"href":"https:\/\/stoic-curie.212-227-153-4.plesk.page\/hr\/wp-json\/wp\/v2\/media?parent=743855"}],"wp:term":[{"taxonomy":"product_brand","embeddable":true,"href":"https:\/\/stoic-curie.212-227-153-4.plesk.page\/hr\/wp-json\/wp\/v2\/product_brand?post=743855"},{"taxonomy":"product_cat","embeddable":true,"href":"https:\/\/stoic-curie.212-227-153-4.plesk.page\/hr\/wp-json\/wp\/v2\/product_cat?post=743855"},{"taxonomy":"product_tag","embeddable":true,"href":"https:\/\/stoic-curie.212-227-153-4.plesk.page\/hr\/wp-json\/wp\/v2\/product_tag?post=743855"}],"curies":[{"name":"wp","href":"https:\/\/api.w.org\/{rel}","templated":true}]}}