{"id":743858,"date":"2025-03-03T18:44:42","date_gmt":"2025-03-03T17:44:42","guid":{"rendered":"https:\/\/stoic-curie.212-227-153-4.plesk.page\/producto\/technodrive-tmc40p-2-00\/"},"modified":"2026-02-25T00:01:11","modified_gmt":"2026-02-25T00:01:11","slug":"technodrive-tmc40p-2-00","status":"publish","type":"product","link":"https:\/\/stoic-curie.212-227-153-4.plesk.page\/hr\/product\/technodrive-tmc40p-2-00\/","title":{"rendered":"Technodrive TMC40P 2.00"},"content":{"rendered":"<p>Technodrive TMC40P 2.00 &#8211; <\/p>\n<p><strong>Tehni\u010dki pregled Technodrive TMC40P 2.00<\/strong><\/p>\n<p>Technodrive TMC40P je mehani\u010dka mjenja\u010dka kutija dizajnirana za brodske motore, sa sto\u017eastim spojkama i tihim zup\u010danicima. Proizvodi ga Twin Disc, a Technodrive se specijalizirao za morske prijenose i ima bogatu povijest u morskim i industrijskim sektorima. Osnovana 1918. godine, tvrtka je tijekom 1930-ih zapo\u010dela s isporukom pomorskih prijenosa za ribarske brodove u Velikim jezerima izme\u0111u Sjedinjenih Dr\u017eava i Kanade. Njihovi proizvodi kasnije su postali istaknuti u LCVP-ima, plovilima za iskrcavanje koje su koristili SAD tijekom Drugog svjetskog rata.<\/p>\n<p>Ova sna\u017ena izvedba u raznim primjenama u\u010dinila je Technodrive vode\u0107im proizvo\u0111a\u010dem pomorskih prijenosa s globalnom prisutno\u0161\u0107u koja opskrbljuje sve vrste plovila, uklju\u010duju\u0107i komercijalne, rekreacijske i vojne brodove.<\/p>\n<p><strong>Tehni\u010dki podaci:<\/strong><\/p>\n<ul>\n<li><strong>Vrsta ulja:<\/strong> ATF<\/li>\n<li><strong>Kapacitet ulja:<\/strong> 0,2 L<\/li>\n<li><strong>Maksimalna radna temperatura:<\/strong> 15 \u00baC<\/li>\n<li><strong>Te\u017eina:<\/strong> 9 kg<\/li>\n<li><strong>Mehanizam spojke:<\/strong> Mehani\u010dki<\/li>\n<li><strong>Maksimalna temperatura:<\/strong> 95 \u00baC<\/li>\n<\/ul>\n<p><strong>Omjeri redukcije:<\/strong><\/p>\n<ul>\n<li><strong>Naprijed:<\/strong>\n<ul>\n<li>1,45:1<\/li>\n<li>2,00:1<\/li>\n<li>2,60:1<\/li>\n<\/ul>\n<\/li>\n<li><strong>Unatrag:<\/strong>\n<ul>\n<li>2,13:1<\/li>\n<\/ul>\n<\/li>\n<\/ul>\n<p>Svi omjeri redukcije dostupni su za osovine od 45 mm i 75 mm (L).<\/p>\n<p>Ova mjenja\u010dka kutija odli\u010dan je izbor za one koji tra\u017ee pouzdanu izvedbu i trajnost u pomorskim primjenama.<\/p>\n","protected":false},"excerpt":{"rendered":"<p>Technodrive TMC40P 2.00 &#8211; Tehni\u010dki pregled Technodrive TMC40P 2.00 Technodrive TMC40P je mehani\u010dka mjenja\u010dka kutija dizajnirana za brodske motore, sa<\/p>\n","protected":false},"featured_media":5945736,"comment_status":"open","ping_status":"closed","template":"","meta":[],"product_brand":[3466],"product_cat":[1805],"product_tag":[],"class_list":{"0":"post-743858","1":"product","2":"type-product","3":"status-publish","4":"has-post-thumbnail","6":"product_brand-technodrive-hr","7":"product_cat-kopce-technodrive","9":"first","10":"instock","11":"shipping-taxable","12":"purchasable","13":"product-type-simple"},"_links":{"self":[{"href":"https:\/\/stoic-curie.212-227-153-4.plesk.page\/hr\/wp-json\/wp\/v2\/product\/743858","targetHints":{"allow":["GET"]}}],"collection":[{"href":"https:\/\/stoic-curie.212-227-153-4.plesk.page\/hr\/wp-json\/wp\/v2\/product"}],"about":[{"href":"https:\/\/stoic-curie.212-227-153-4.plesk.page\/hr\/wp-json\/wp\/v2\/types\/product"}],"replies":[{"embeddable":true,"href":"https:\/\/stoic-curie.212-227-153-4.plesk.page\/hr\/wp-json\/wp\/v2\/comments?post=743858"}],"version-history":[{"count":0,"href":"https:\/\/stoic-curie.212-227-153-4.plesk.page\/hr\/wp-json\/wp\/v2\/product\/743858\/revisions"}],"wp:featuredmedia":[{"embeddable":true,"href":"https:\/\/stoic-curie.212-227-153-4.plesk.page\/hr\/wp-json\/wp\/v2\/media\/5945736"}],"wp:attachment":[{"href":"https:\/\/stoic-curie.212-227-153-4.plesk.page\/hr\/wp-json\/wp\/v2\/media?parent=743858"}],"wp:term":[{"taxonomy":"product_brand","embeddable":true,"href":"https:\/\/stoic-curie.212-227-153-4.plesk.page\/hr\/wp-json\/wp\/v2\/product_brand?post=743858"},{"taxonomy":"product_cat","embeddable":true,"href":"https:\/\/stoic-curie.212-227-153-4.plesk.page\/hr\/wp-json\/wp\/v2\/product_cat?post=743858"},{"taxonomy":"product_tag","embeddable":true,"href":"https:\/\/stoic-curie.212-227-153-4.plesk.page\/hr\/wp-json\/wp\/v2\/product_tag?post=743858"}],"curies":[{"name":"wp","href":"https:\/\/api.w.org\/{rel}","templated":true}]}}