{"id":743859,"date":"2025-03-03T18:44:43","date_gmt":"2025-03-03T17:44:43","guid":{"rendered":"https:\/\/stoic-curie.212-227-153-4.plesk.page\/producto\/technodrive-tmc40p-2-60\/"},"modified":"2026-02-25T00:01:11","modified_gmt":"2026-02-25T00:01:11","slug":"technodrive-tmc40p-2-60","status":"publish","type":"product","link":"https:\/\/stoic-curie.212-227-153-4.plesk.page\/hr\/product\/technodrive-tmc40p-2-60\/","title":{"rendered":"Technodrive TMC40P 2.60"},"content":{"rendered":"<p>Technodrive TMC40P 2.60 &#8211; <\/p>\n<p><strong>Pregled Technodrive TMC40P 2.60<\/strong><\/p>\n<p>Technodrive TMC40P je mehani\u010dki mjenja\u010d posebno dizajniran za brodske motore. Uklju\u010duje koni\u010dne spojke i tihe zup\u010danike, koji garantiraju glatko funkcioniranje. Proizvodi ga Twin Disc, a Technodrive je izgradio \u010dvrst ugled na podru\u010dju morski prijenosa, koji je zapo\u010deo 1918. godine. Tvrtka je prvi put opskrbila morski prijenos za ribarske brodove na Velikim Jezerima tijekom 1930-ih. Njihovi proizvodi kasnije su zavedeni u LCVP-ima, plovilima za iskrcavanje koja su koristili SAD tijekom Drugog svjetskog rata.<\/p>\n<p>Ova impresivna izvedba u raznim aplikacijama stekla je Technodriveu status vode\u0107eg proizvo\u0111a\u010da morskih prijenosa. Opslu\u017euju globalno tr\u017ei\u0161te, nude\u0107i rje\u0161enja za sve vrste plovila, uklju\u010duju\u0107i komercijalne, rekreativne i vojne brodove.<\/p>\n<p><strong>Specifikacije:<\/strong><\/p>\n<ul>\n<li><strong>Tip ulja:<\/strong> ATF<\/li>\n<li><strong>Kapacitet ulja:<\/strong> 0,2 L<\/li>\n<li><strong>Maksimalna radna temperatura:<\/strong> 15 \u00baC<\/li>\n<li><strong>Te\u017eina:<\/strong> 9 kg<\/li>\n<li><strong>Aktivacija spojke:<\/strong> Mehani\u010dka<\/li>\n<li><strong>Maksimalna temperatura:<\/strong> 95 \u00baC<\/li>\n<li><strong>Omjeri redukcije:<\/strong>\n<ul>\n<li><strong>Naprijed:<\/strong> 1,45:1, 2,00:1, 2,60:1<\/li>\n<li><strong>Unatrag:<\/strong> 2,13:1<\/li>\n<\/ul>\n<\/li>\n<\/ul>\n<p>Svi omjeri redukcije dostupni su za 45 mm i 75 mm osovine (L). Ovaj mjenja\u010d je izvrsna opcija za one koji tra\u017ee pouzdanu izvedbu i dugovje\u010dnost u morskim aplikacijama.<\/p>\n","protected":false},"excerpt":{"rendered":"<p>Technodrive TMC40P 2.60 &#8211; Pregled Technodrive TMC40P 2.60 Technodrive TMC40P je mehani\u010dki mjenja\u010d posebno dizajniran za brodske motore. Uklju\u010duje koni\u010dne<\/p>\n","protected":false},"featured_media":5945736,"comment_status":"open","ping_status":"closed","template":"","meta":[],"product_brand":[3466],"product_cat":[1805],"product_tag":[],"class_list":{"0":"post-743859","1":"product","2":"type-product","3":"status-publish","4":"has-post-thumbnail","6":"product_brand-technodrive-hr","7":"product_cat-kopce-technodrive","9":"first","10":"instock","11":"shipping-taxable","12":"purchasable","13":"product-type-simple"},"_links":{"self":[{"href":"https:\/\/stoic-curie.212-227-153-4.plesk.page\/hr\/wp-json\/wp\/v2\/product\/743859","targetHints":{"allow":["GET"]}}],"collection":[{"href":"https:\/\/stoic-curie.212-227-153-4.plesk.page\/hr\/wp-json\/wp\/v2\/product"}],"about":[{"href":"https:\/\/stoic-curie.212-227-153-4.plesk.page\/hr\/wp-json\/wp\/v2\/types\/product"}],"replies":[{"embeddable":true,"href":"https:\/\/stoic-curie.212-227-153-4.plesk.page\/hr\/wp-json\/wp\/v2\/comments?post=743859"}],"version-history":[{"count":0,"href":"https:\/\/stoic-curie.212-227-153-4.plesk.page\/hr\/wp-json\/wp\/v2\/product\/743859\/revisions"}],"wp:featuredmedia":[{"embeddable":true,"href":"https:\/\/stoic-curie.212-227-153-4.plesk.page\/hr\/wp-json\/wp\/v2\/media\/5945736"}],"wp:attachment":[{"href":"https:\/\/stoic-curie.212-227-153-4.plesk.page\/hr\/wp-json\/wp\/v2\/media?parent=743859"}],"wp:term":[{"taxonomy":"product_brand","embeddable":true,"href":"https:\/\/stoic-curie.212-227-153-4.plesk.page\/hr\/wp-json\/wp\/v2\/product_brand?post=743859"},{"taxonomy":"product_cat","embeddable":true,"href":"https:\/\/stoic-curie.212-227-153-4.plesk.page\/hr\/wp-json\/wp\/v2\/product_cat?post=743859"},{"taxonomy":"product_tag","embeddable":true,"href":"https:\/\/stoic-curie.212-227-153-4.plesk.page\/hr\/wp-json\/wp\/v2\/product_tag?post=743859"}],"curies":[{"name":"wp","href":"https:\/\/api.w.org\/{rel}","templated":true}]}}