{"id":743861,"date":"2025-03-03T18:44:44","date_gmt":"2025-03-03T17:44:44","guid":{"rendered":"https:\/\/stoic-curie.212-227-153-4.plesk.page\/producto\/technodrive-tmc60p-2-83\/"},"modified":"2026-02-25T00:01:11","modified_gmt":"2026-02-25T00:01:11","slug":"technodrive-tmc60p-2-83","status":"publish","type":"product","link":"https:\/\/stoic-curie.212-227-153-4.plesk.page\/hr\/product\/technodrive-tmc60p-2-83\/","title":{"rendered":"Technodrive TMC60P 2.83"},"content":{"rendered":"<p>Technodrive TMC60P 2.83 &#8211; <\/p>\n<p>Technodrive TMC60P 2.83 je premier morskog mjenja\u010da, stru\u010dno izra\u0111enog od strane poznatog talijanskog proizvo\u0111a\u010da Twin Disc. Ovaj mjenja\u010d isti\u010de se svojim suvremenim dizajnom, koji uklju\u010duje mehani\u010dki upravljane konusne spojke koje se jednostavno aktiviraju naprednim servo sustavom. Ovaj inovativni mehanizam ne samo da pove\u0107ava u\u010dinkovitost mjenja\u010da, ve\u0107 tako\u0111er pobolj\u0161ava njegovu ukupnu pouzdanost. Zup\u010danici unutar TMC60P modela posebno su dizajnirani za omogu\u0107avanje tihe rada, zna\u010dajno smanjuju\u0107i razinu buke tijekom upotrebe, \u0161to je vitalno za mnoge vlasnike plovila koji cijene mirno iskustvo plovidbe. Osim toga, le\u017eajevi su velikih dimenzija, nude\u0107i dodatni sloj izdr\u017eljivosti i dugovje\u010dnosti, \u010dine\u0107i ovaj mjenja\u010d razumnom investicijom za svaku pomorsku primjenu.<\/p>\n<p>Dodatno, TMC60P model je kompatibilan s \u0161irokim rasponom pomorskih dizelskih motora, \u0161to ga \u010dini fleksibilnom opcijom za razli\u010dite vrste plovila. Tako\u0111er slu\u017ei kao izvrstan zamjenski dio za nekoliko istaknutih prijenosnika, uklju\u010duju\u0107i:<\/p>\n<ul>\n<li>ZF 10M<\/li>\n<li>ZF 12M<\/li>\n<li>ZF 15M<\/li>\n<li>HBW 20<\/li>\n<li>HBW 100<\/li>\n<li>HBW 125<\/li>\n<li>HBW 150<\/li>\n<\/ul>\n<p>Ova kompatibilnost omogu\u0107uje vlasnicima plovila da nadograde ili zamijene svoje postoje\u0107e sustave bez potrebe za opse\u017enim preinakama.<\/p>\n","protected":false},"excerpt":{"rendered":"<p>Technodrive TMC60P 2.83 &#8211; Technodrive TMC60P 2.83 je premier morskog mjenja\u010da, stru\u010dno izra\u0111enog od strane poznatog talijanskog proizvo\u0111a\u010da Twin Disc.<\/p>\n","protected":false},"featured_media":5943463,"comment_status":"open","ping_status":"closed","template":"","meta":[],"product_brand":[3466],"product_cat":[1805],"product_tag":[],"class_list":{"0":"post-743861","1":"product","2":"type-product","3":"status-publish","4":"has-post-thumbnail","6":"product_brand-technodrive-hr","7":"product_cat-kopce-technodrive","9":"first","10":"outofstock","11":"shipping-taxable","12":"purchasable","13":"product-type-simple"},"_links":{"self":[{"href":"https:\/\/stoic-curie.212-227-153-4.plesk.page\/hr\/wp-json\/wp\/v2\/product\/743861","targetHints":{"allow":["GET"]}}],"collection":[{"href":"https:\/\/stoic-curie.212-227-153-4.plesk.page\/hr\/wp-json\/wp\/v2\/product"}],"about":[{"href":"https:\/\/stoic-curie.212-227-153-4.plesk.page\/hr\/wp-json\/wp\/v2\/types\/product"}],"replies":[{"embeddable":true,"href":"https:\/\/stoic-curie.212-227-153-4.plesk.page\/hr\/wp-json\/wp\/v2\/comments?post=743861"}],"version-history":[{"count":0,"href":"https:\/\/stoic-curie.212-227-153-4.plesk.page\/hr\/wp-json\/wp\/v2\/product\/743861\/revisions"}],"wp:featuredmedia":[{"embeddable":true,"href":"https:\/\/stoic-curie.212-227-153-4.plesk.page\/hr\/wp-json\/wp\/v2\/media\/5943463"}],"wp:attachment":[{"href":"https:\/\/stoic-curie.212-227-153-4.plesk.page\/hr\/wp-json\/wp\/v2\/media?parent=743861"}],"wp:term":[{"taxonomy":"product_brand","embeddable":true,"href":"https:\/\/stoic-curie.212-227-153-4.plesk.page\/hr\/wp-json\/wp\/v2\/product_brand?post=743861"},{"taxonomy":"product_cat","embeddable":true,"href":"https:\/\/stoic-curie.212-227-153-4.plesk.page\/hr\/wp-json\/wp\/v2\/product_cat?post=743861"},{"taxonomy":"product_tag","embeddable":true,"href":"https:\/\/stoic-curie.212-227-153-4.plesk.page\/hr\/wp-json\/wp\/v2\/product_tag?post=743861"}],"curies":[{"name":"wp","href":"https:\/\/api.w.org\/{rel}","templated":true}]}}