{"id":743863,"date":"2025-03-03T18:44:44","date_gmt":"2025-03-03T17:44:44","guid":{"rendered":"https:\/\/stoic-curie.212-227-153-4.plesk.page\/producto\/technodrive-tmc260-2-00\/"},"modified":"2026-02-25T00:01:11","modified_gmt":"2026-02-25T00:01:11","slug":"technodrive-tmc260-2-00","status":"publish","type":"product","link":"https:\/\/stoic-curie.212-227-153-4.plesk.page\/hr\/product\/technodrive-tmc260-2-00\/","title":{"rendered":"Technodrive TMC260 2.00"},"content":{"rendered":"<p>Technodrive TMC260 2.00 &#8211; <\/p>\n<p style=\"color: rgb(34, 34, 34); font-family: Arial, Helvetica, sans-serif; font-size: small;\">Marine prijenosnik Technodrive TMC260 2.00 ima mehani\u010dki upravljane konusne spojke koje aktivira servosustav. Zup\u010danici su posebno dizajnirani za tiho djelovanje, a le\u017eajevi su velikih dimenzija kako bi osigurali trajnost.<\/p>\n<p style=\"color: rgb(34, 34, 34); font-family: Arial, Helvetica, sans-serif; font-size: small;\">Ovaj prijenosnik dostupan je s razli\u010ditim omjerima unaprijed koje mo\u017eete odabrati iz padaju\u0107eg izbornika. Ocjena u\u017eitka iznosi 84 kW (112,65 hp), dok je komercijalna ocjena 61 kW (81,8 hp). Mo\u017ee podnijeti maksimum ulazne brzine od 5000 okretaja u minuti i ima suvu te\u017einu od 18 kg. Potrebna koli\u010dina ulja je 1,20 litara, a preporu\u010dena vrsta ulja je ATF.<\/p>\n<p style=\"color: rgb(34, 34, 34); font-family: Arial, Helvetica, sans-serif; font-size: small;\">Ovi mehani\u010dki prijenosnici kompatibilni su s desno okretaju\u0107im propelerima. Za lijevo okretaju\u0107e propelere, povratni prijenos treba koristiti kao naprijed. Odnos smanjenja od 2,00 i 2,47 posebno su pogodna za lijevo i desno okretanje propelera u naprijed punoj snazi, \u0161to \u010dini TMC 260 odli\u010dnim izborom za aplikacije s dva motora.<\/p>\n<p style=\"color: rgb(34, 34, 34); font-family: Arial, Helvetica, sans-serif; font-size: small;\">Proizvedeno u Italiji, visokokvalitetni morski prijenosnik Twin Disc Technodrive TMC260 dizajniran je za smje\u0161taj \u0161irokog spektra marine dizelskih motora.<\/p>\n<p style=\"color: rgb(34, 34, 34); font-family: Arial, Helvetica, sans-serif; font-size: small;\">Specifikacije:<\/p>\n<ul style=\"color: rgb(34, 34, 34); font-family: Arial, Helvetica, sans-serif; font-size: small;\">\n<li>Peso: 18 kg<\/li>\n<li>Maksimalna brzina: 5000 okretaja u minuti<\/li>\n<li>Maksimalna snaga motora: 84 kW<\/li>\n<li>Naprijed odnosi: 1,54, 2,00, 2,47, 2,88<\/li>\n<li>Povratni prijenos: 2,00, 2,47<\/li>\n<\/ul>\n<p style=\"color: rgb(34, 34, 34); font-family: Arial, Helvetica, sans-serif; font-size: small;\">Ovaj prijenosnik kombinira pouzdanost i performanse, \u0161to ga \u010dini vrijednim dodatkom va\u0161oj pomorskoj opremi.<\/p>\n","protected":false},"excerpt":{"rendered":"<p>Technodrive TMC260 2.00 &#8211; Marine prijenosnik Technodrive TMC260 2.00 ima mehani\u010dki upravljane konusne spojke koje aktivira servosustav. Zup\u010danici su posebno<\/p>\n","protected":false},"featured_media":5945742,"comment_status":"open","ping_status":"closed","template":"","meta":[],"product_brand":[3466],"product_cat":[1805],"product_tag":[],"class_list":{"0":"post-743863","1":"product","2":"type-product","3":"status-publish","4":"has-post-thumbnail","6":"product_brand-technodrive-hr","7":"product_cat-kopce-technodrive","9":"first","10":"outofstock","11":"shipping-taxable","12":"purchasable","13":"product-type-simple"},"_links":{"self":[{"href":"https:\/\/stoic-curie.212-227-153-4.plesk.page\/hr\/wp-json\/wp\/v2\/product\/743863","targetHints":{"allow":["GET"]}}],"collection":[{"href":"https:\/\/stoic-curie.212-227-153-4.plesk.page\/hr\/wp-json\/wp\/v2\/product"}],"about":[{"href":"https:\/\/stoic-curie.212-227-153-4.plesk.page\/hr\/wp-json\/wp\/v2\/types\/product"}],"replies":[{"embeddable":true,"href":"https:\/\/stoic-curie.212-227-153-4.plesk.page\/hr\/wp-json\/wp\/v2\/comments?post=743863"}],"version-history":[{"count":0,"href":"https:\/\/stoic-curie.212-227-153-4.plesk.page\/hr\/wp-json\/wp\/v2\/product\/743863\/revisions"}],"wp:featuredmedia":[{"embeddable":true,"href":"https:\/\/stoic-curie.212-227-153-4.plesk.page\/hr\/wp-json\/wp\/v2\/media\/5945742"}],"wp:attachment":[{"href":"https:\/\/stoic-curie.212-227-153-4.plesk.page\/hr\/wp-json\/wp\/v2\/media?parent=743863"}],"wp:term":[{"taxonomy":"product_brand","embeddable":true,"href":"https:\/\/stoic-curie.212-227-153-4.plesk.page\/hr\/wp-json\/wp\/v2\/product_brand?post=743863"},{"taxonomy":"product_cat","embeddable":true,"href":"https:\/\/stoic-curie.212-227-153-4.plesk.page\/hr\/wp-json\/wp\/v2\/product_cat?post=743863"},{"taxonomy":"product_tag","embeddable":true,"href":"https:\/\/stoic-curie.212-227-153-4.plesk.page\/hr\/wp-json\/wp\/v2\/product_tag?post=743863"}],"curies":[{"name":"wp","href":"https:\/\/api.w.org\/{rel}","templated":true}]}}