{"id":743864,"date":"2025-03-03T18:44:45","date_gmt":"2025-03-03T17:44:45","guid":{"rendered":"https:\/\/stoic-curie.212-227-153-4.plesk.page\/producto\/technodrive-tmc260-2-47\/"},"modified":"2026-02-25T00:01:11","modified_gmt":"2026-02-25T00:01:11","slug":"technodrive-tmc260-2-47","status":"publish","type":"product","link":"https:\/\/stoic-curie.212-227-153-4.plesk.page\/hr\/product\/technodrive-tmc260-2-47\/","title":{"rendered":"Technodrive TMC260 2.47"},"content":{"rendered":"<p>Technodrive TMC260 2.47 &#8211; <\/p>\n<p>Marinski mjenja\u010d Technodrive TMC260 2.47 opremljen je mehani\u010dki upravljanim konusnim spojkama, koje se aktiviraju putem servo mehanizma. Dizajn zup\u010danika prioritetizira tiho djelovanje, dok su le\u017eajevi velikodu\u0161no dimenzionirani kako bi se osigurala dugovje\u010dnost.<\/p>\n<p>Ovaj mjenja\u010d se nudi s izborom prijenosnih omjera naprijed, koji se mogu odabrati iz padaju\u0107eg izbornika. Ima ocjenu u\u017eitka od 84 kW (112,65 hp) i komercijalnu ocjenu od 61 kW (81,8 hp). Sposoban je podnijeti maksimalnu ulaznu brzinu od 5000 rpm, a ima suhu te\u017einu od 18 kg. Potreban volumen ulja je 1,20 litara, a preporu\u010duje se ATF kao vrsta ulja.<\/p>\n<p>Ovi mehani\u010dki mjenja\u010di dizajnirani su za rad s desno okrenutim propelerima. Za lijevo okrenute propelere, mora se koristiti povratni mjenja\u010d kao naprijed postavka. Omjeri smanjenja od 2,00 i 2,47 posebno su prikladni za lijeve i desne okretne propelere pri \u201enaprijed\u201c punoj snazi, \u0161to \u010dini TMC 260 izvrsnom opcijom za postavke s dva motora.<\/p>\n<p>Proizveden u Italiji, visoko kvalitetni marinski mjenja\u010d Twin Disc Technodrive TMC260 dizajniran je za potporu raznim morskim dizelskim motorima.<\/p>\n<p>Specifikacije uklju\u010duju:<\/p>\n<ul>\n<li>Te\u017eina: 18 kg<\/li>\n<li>Maksimalna brzina: 5000 rpm<\/li>\n<li>Maksimalna snaga motora: 84 kW<\/li>\n<li>Prijenosni omjeri naprijed: 1,54, 2,00, 2,47, 2,88<\/li>\n<li>Prijenosni omjeri unazad: 2,00, 2,47<\/li>\n<\/ul>\n<p>Ovaj mjenja\u010d spaja pouzdanost s performansama, stvaraju\u0107i zna\u010dajno pobolj\u0161anje va\u0161e morske opreme.<\/p>\n","protected":false},"excerpt":{"rendered":"<p>Technodrive TMC260 2.47 &#8211; Marinski mjenja\u010d Technodrive TMC260 2.47 opremljen je mehani\u010dki upravljanim konusnim spojkama, koje se aktiviraju putem servo<\/p>\n","protected":false},"featured_media":5945742,"comment_status":"open","ping_status":"closed","template":"","meta":[],"product_brand":[3466],"product_cat":[1805],"product_tag":[],"class_list":{"0":"post-743864","1":"product","2":"type-product","3":"status-publish","4":"has-post-thumbnail","6":"product_brand-technodrive-hr","7":"product_cat-kopce-technodrive","9":"first","10":"outofstock","11":"shipping-taxable","12":"purchasable","13":"product-type-simple"},"_links":{"self":[{"href":"https:\/\/stoic-curie.212-227-153-4.plesk.page\/hr\/wp-json\/wp\/v2\/product\/743864","targetHints":{"allow":["GET"]}}],"collection":[{"href":"https:\/\/stoic-curie.212-227-153-4.plesk.page\/hr\/wp-json\/wp\/v2\/product"}],"about":[{"href":"https:\/\/stoic-curie.212-227-153-4.plesk.page\/hr\/wp-json\/wp\/v2\/types\/product"}],"replies":[{"embeddable":true,"href":"https:\/\/stoic-curie.212-227-153-4.plesk.page\/hr\/wp-json\/wp\/v2\/comments?post=743864"}],"version-history":[{"count":0,"href":"https:\/\/stoic-curie.212-227-153-4.plesk.page\/hr\/wp-json\/wp\/v2\/product\/743864\/revisions"}],"wp:featuredmedia":[{"embeddable":true,"href":"https:\/\/stoic-curie.212-227-153-4.plesk.page\/hr\/wp-json\/wp\/v2\/media\/5945742"}],"wp:attachment":[{"href":"https:\/\/stoic-curie.212-227-153-4.plesk.page\/hr\/wp-json\/wp\/v2\/media?parent=743864"}],"wp:term":[{"taxonomy":"product_brand","embeddable":true,"href":"https:\/\/stoic-curie.212-227-153-4.plesk.page\/hr\/wp-json\/wp\/v2\/product_brand?post=743864"},{"taxonomy":"product_cat","embeddable":true,"href":"https:\/\/stoic-curie.212-227-153-4.plesk.page\/hr\/wp-json\/wp\/v2\/product_cat?post=743864"},{"taxonomy":"product_tag","embeddable":true,"href":"https:\/\/stoic-curie.212-227-153-4.plesk.page\/hr\/wp-json\/wp\/v2\/product_tag?post=743864"}],"curies":[{"name":"wp","href":"https:\/\/api.w.org\/{rel}","templated":true}]}}