{"id":743866,"date":"2025-03-03T18:44:46","date_gmt":"2025-03-03T17:44:46","guid":{"rendered":"https:\/\/stoic-curie.212-227-153-4.plesk.page\/producto\/technodrive-tmc345-ratio-2-00\/"},"modified":"2026-02-25T00:01:11","modified_gmt":"2026-02-25T00:01:11","slug":"technodrive-tmc345-ratio-2-00","status":"publish","type":"product","link":"https:\/\/stoic-curie.212-227-153-4.plesk.page\/hr\/product\/technodrive-tmc345-ratio-2-00\/","title":{"rendered":"Technodrive TMC345 Ratio 2.00"},"content":{"rendered":"<p>Technodrive TMC345 Ratio 2.00 &#8211; <\/p>\n<p><strong>Hidrauli\u010dna mjenja\u010dka Technodrive TM345 za brodske motore<\/strong><\/p>\n<p>TM345 mjenja\u010d ima robusnu aluminijsku ku\u0107i\u0161te i opremljen je hidrauli\u010dki upravljanim vi\u0161edijelovnim spojnicama, pove\u0107avaju\u0107i u\u010dinkovitost u brodskim motorima. Dizajniran za izdr\u017eavanje najte\u017eih pomorskih uvjeta, ovaj mjenja\u010d jam\u010di optimalan prijenos snage uz stalne omjere prijenosa u oba smjera. Specijalno dizajnirane spojnice i zup\u010danici osiguravaju trajnost i pouzdanu izvedbu, \u010dime ga \u010dine prikladnim za profesionalne i rekreacijske pomorske primjene.<\/p>\n<p><strong>Specifikacije:<\/strong><\/p>\n<table>\n<thead>\n<tr>\n<th>Model motora<\/th>\n<th>Proizvo\u0111a\u010d<\/th>\n<th>Aktivacija spojke<\/th>\n<th>Omjer smanjenja izlaza<\/th>\n<\/tr>\n<\/thead>\n<tbody>\n<tr>\n<td>MINI-29<\/td>\n<td>Technodrive<\/td>\n<td>Hidrauli\u010dno<\/td>\n<td>2,00:1<\/td>\n<\/tr>\n<tr>\n<td>MINI-33<\/td>\n<td>Technodrive<\/td>\n<td>Hidrauli\u010dno<\/td>\n<td>2,00:1<\/td>\n<\/tr>\n<tr>\n<td>MINI-44<\/td>\n<td>Technodrive<\/td>\n<td>Hidrauli\u010dno<\/td>\n<td>2,00:1<\/td>\n<\/tr>\n<tr>\n<td>MINI-55<\/td>\n<td>Technodrive<\/td>\n<td>Hidrauli\u010dno<\/td>\n<td>1,54:1<\/td>\n<\/tr>\n<tr>\n<td>MINI-62<\/td>\n<td>Technodrive<\/td>\n<td>Hidrauli\u010dno<\/td>\n<td>2,00:1<\/td>\n<\/tr>\n<tr>\n<td>MINI-74<\/td>\n<td>Technodrive<\/td>\n<td>Hidrauli\u010dno<\/td>\n<td>2,00:1 &#8211; 2,00:1<\/td>\n<\/tr>\n<tr>\n<td>SK-60<\/td>\n<td>Technodrive<\/td>\n<td>Hidrauli\u010dno<\/td>\n<td>1,54:1<\/td>\n<\/tr>\n<tr>\n<td>SM-82<\/td>\n<td>Technodrive<\/td>\n<td>Hidrauli\u010dno<\/td>\n<td>1,54:1<\/td>\n<\/tr>\n<tr>\n<td>SM-94<\/td>\n<td>Technodrive<\/td>\n<td>Hidrauli\u010dno<\/td>\n<td>1,54:1<\/td>\n<\/tr>\n<\/tbody>\n<\/table>\n<p><strong>Dodatne specifikacije:<\/strong><\/p>\n<ul>\n<li><strong>Vrsta ulja:<\/strong> SAE 15W40<\/li>\n<li><strong>Kapacitet ulja:<\/strong> 1,6 L<\/li>\n<li><strong>Maksimalna radna temperatura:<\/strong> 95 \u00baC<\/li>\n<li><strong>Peso:<\/strong> 25 Kg<\/li>\n<li><strong>Vrsta mjenja\u010da:<\/strong> RECTO<\/li>\n<\/ul>\n<p><strong>Omjeri smanjenja:<\/strong><\/p>\n<table>\n<thead>\n<tr>\n<th>Smjer<\/th>\n<th>Omjer<\/th>\n<\/tr>\n<\/thead>\n<tbody>\n<tr>\n<td>Naprijed<\/td>\n<td>1,54:1<\/td>\n<\/tr>\n<tr>\n<td>Unatrag<\/td>\n<td>1,54:1<\/td>\n<\/tr>\n<tr>\n<td>Naprijed<\/td>\n<td>2,00:1<\/td>\n<\/tr>\n<tr>\n<td>Unatrag<\/td>\n<td>2,00:1<\/td>\n<\/tr>\n<tr>\n<td>Naprijed<\/td>\n<td>2,47:1<\/td>\n<\/tr>\n<tr>\n<td>Unatrag<\/td>\n<td>2,47:1<\/td>\n<\/tr>\n<\/tbody>\n<\/table>\n<p>TM345 mjenja\u010d je dostupan bez spojne \u010da\u0161e motora, s prijenosnim omjerom od 2,00:1 za obrtaje naprijed i unatrag.<\/p>\n<p><strong>Maksimalna snaga motora (Kw):<\/strong><\/p>\n<ul>\n<li><strong>Plovila za rekreaciju:<\/strong>\n<ul>\n<li>2600 ot\/min \u2192 76 Kw<\/li>\n<li>3200 ot\/min \u2192 94 Kw<\/li>\n<\/ul>\n<\/li>\n<li><strong>Me\u0111usobne primjene:<\/strong>\n<ul>\n<li>2100 ot\/min \u2192 47 Kw<\/li>\n<li>2500 ot\/min \u2192 56 Kw<\/li>\n<\/ul>\n<\/li>\n<li><strong>Kontinuirana upotreba:<\/strong>\n<ul>\n<li>1800 ot\/min \u2192 35 Kw<\/li>\n<li>2400 ot\/min \u2192 47 Kw<\/li>\n<\/ul>\n<\/li>\n<\/ul>\n<p><strong>Maksimalna brzina motora:<\/strong> 4500 ot\/min<br \/><strong>Maksimalna snaga motora:<\/strong> 110 Kw<br \/><strong>Suha te\u017eina:<\/strong> 25 Kg<br \/><strong>Kapacitet ulja:<\/strong> 1,6 L<\/p>\n<p><strong>Opcionalna oprema (na zahtjev prilikom potvrde narud\u017ebe):<\/strong><\/p>\n<ul>\n<li>\u010ca\u0161a SAE 3, SAE 4<\/li>\n<li>Spojne 6,5&#8243; &#8211; 7,5&#8243;<\/li>\n<li>Stezna kuka za kontrolni kabel<\/li>\n<li>Izmjenjiva\u010d<\/li>\n<li>Ventil za sporo kretanje<\/li>\n<li>Kontra pru\u017ena plo\u010da<\/li>\n<li>Elektri\u010dni selektor<\/li>\n<\/ul>\n<p><strong>Napomene za instalatere:<\/strong><\/p>\n<p>Va\u017eno je osigurati torzionalnu kompatibilnost kako bi se sprije\u010dila o\u0161te\u0107enja komponenti mjenja\u010da. Neuskla\u0111enost mo\u017ee uzrokovati buku tijekom rada motora i potencijalno o\u0161tetiti prijenos. Technodrive ne preuzima odgovornost za bilo kakvu buku ili o\u0161te\u0107enja invertera, spojeva ili drugih komponenti prijenosa koje su rezultat vibracija uzrokovanih torzionalnom neuskla\u0111enost. Odgovornost za provo\u0111enje analize torzionalne kompatibilnosti le\u017ei na sastavlja\u010du pogonskog sustava.<\/p>\n","protected":false},"excerpt":{"rendered":"<p>Technodrive TMC345 Ratio 2.00 &#8211; Hidrauli\u010dna mjenja\u010dka Technodrive TM345 za brodske motore TM345 mjenja\u010d ima robusnu aluminijsku ku\u0107i\u0161te i opremljen<\/p>\n","protected":false},"featured_media":5945744,"comment_status":"open","ping_status":"closed","template":"","meta":[],"product_brand":[3466],"product_cat":[1805],"product_tag":[],"class_list":{"0":"post-743866","1":"product","2":"type-product","3":"status-publish","4":"has-post-thumbnail","6":"product_brand-technodrive-hr","7":"product_cat-kopce-technodrive","9":"first","10":"outofstock","11":"shipping-taxable","12":"purchasable","13":"product-type-simple"},"_links":{"self":[{"href":"https:\/\/stoic-curie.212-227-153-4.plesk.page\/hr\/wp-json\/wp\/v2\/product\/743866","targetHints":{"allow":["GET"]}}],"collection":[{"href":"https:\/\/stoic-curie.212-227-153-4.plesk.page\/hr\/wp-json\/wp\/v2\/product"}],"about":[{"href":"https:\/\/stoic-curie.212-227-153-4.plesk.page\/hr\/wp-json\/wp\/v2\/types\/product"}],"replies":[{"embeddable":true,"href":"https:\/\/stoic-curie.212-227-153-4.plesk.page\/hr\/wp-json\/wp\/v2\/comments?post=743866"}],"version-history":[{"count":0,"href":"https:\/\/stoic-curie.212-227-153-4.plesk.page\/hr\/wp-json\/wp\/v2\/product\/743866\/revisions"}],"wp:featuredmedia":[{"embeddable":true,"href":"https:\/\/stoic-curie.212-227-153-4.plesk.page\/hr\/wp-json\/wp\/v2\/media\/5945744"}],"wp:attachment":[{"href":"https:\/\/stoic-curie.212-227-153-4.plesk.page\/hr\/wp-json\/wp\/v2\/media?parent=743866"}],"wp:term":[{"taxonomy":"product_brand","embeddable":true,"href":"https:\/\/stoic-curie.212-227-153-4.plesk.page\/hr\/wp-json\/wp\/v2\/product_brand?post=743866"},{"taxonomy":"product_cat","embeddable":true,"href":"https:\/\/stoic-curie.212-227-153-4.plesk.page\/hr\/wp-json\/wp\/v2\/product_cat?post=743866"},{"taxonomy":"product_tag","embeddable":true,"href":"https:\/\/stoic-curie.212-227-153-4.plesk.page\/hr\/wp-json\/wp\/v2\/product_tag?post=743866"}],"curies":[{"name":"wp","href":"https:\/\/api.w.org\/{rel}","templated":true}]}}