{"id":743867,"date":"2025-03-03T18:44:46","date_gmt":"2025-03-03T17:44:46","guid":{"rendered":"https:\/\/stoic-curie.212-227-153-4.plesk.page\/producto\/technodrive-tmc345-2-47\/"},"modified":"2026-02-25T00:01:11","modified_gmt":"2026-02-25T00:01:11","slug":"technodrive-tmc345-2-47","status":"publish","type":"product","link":"https:\/\/stoic-curie.212-227-153-4.plesk.page\/hr\/product\/technodrive-tmc345-2-47\/","title":{"rendered":"Technodrive TMC345 2.47"},"content":{"rendered":"<p>Technodrive TMC345 2.47 &#8211; TM345A morska transmisija ima robusno ku\u0107i\u0161te od aluminijske legure i opremljena je hydraulicki aktiviranim vi\u0161edijelnim spojkama. Ove spojke i zup\u010danici dizajnirani su da pru\u017ee maksimalnu prijenos snage, odr\u017eavaju\u0107i isti omjer prijenosa u vo\u017enji unaprijed i unatrag. Izlazna osovina dizajnirana je s nagibom od 8\u00ba, \u0161to olak\u0161ava ispravnu instalaciju skupa motor-transmisija na trupovima koji se plove ili polu-displase. Ova sveobuhvatna pregledna informacija o hydraulickoj mjenja\u010du Technodrive TM345A pru\u017ea osnovne informacije za vlasnike \u010damaca koji tra\u017ee pouzdanu i visokokvalitetnu morsku opremu. Ako imate dodatnih pitanja ili trebate pomo\u0107, slobodno nas kontaktirajte.<\/p>\n","protected":false},"excerpt":{"rendered":"<p>Technodrive TMC345 2.47 &#8211; TM345A morska transmisija ima robusno ku\u0107i\u0161te od aluminijske legure i opremljena je hydraulicki aktiviranim vi\u0161edijelnim spojkama.<\/p>\n","protected":false},"featured_media":5945744,"comment_status":"open","ping_status":"closed","template":"","meta":[],"product_brand":[3466],"product_cat":[1805],"product_tag":[],"class_list":{"0":"post-743867","1":"product","2":"type-product","3":"status-publish","4":"has-post-thumbnail","6":"product_brand-technodrive-hr","7":"product_cat-kopce-technodrive","9":"first","10":"outofstock","11":"shipping-taxable","12":"purchasable","13":"product-type-simple"},"_links":{"self":[{"href":"https:\/\/stoic-curie.212-227-153-4.plesk.page\/hr\/wp-json\/wp\/v2\/product\/743867","targetHints":{"allow":["GET"]}}],"collection":[{"href":"https:\/\/stoic-curie.212-227-153-4.plesk.page\/hr\/wp-json\/wp\/v2\/product"}],"about":[{"href":"https:\/\/stoic-curie.212-227-153-4.plesk.page\/hr\/wp-json\/wp\/v2\/types\/product"}],"replies":[{"embeddable":true,"href":"https:\/\/stoic-curie.212-227-153-4.plesk.page\/hr\/wp-json\/wp\/v2\/comments?post=743867"}],"version-history":[{"count":0,"href":"https:\/\/stoic-curie.212-227-153-4.plesk.page\/hr\/wp-json\/wp\/v2\/product\/743867\/revisions"}],"wp:featuredmedia":[{"embeddable":true,"href":"https:\/\/stoic-curie.212-227-153-4.plesk.page\/hr\/wp-json\/wp\/v2\/media\/5945744"}],"wp:attachment":[{"href":"https:\/\/stoic-curie.212-227-153-4.plesk.page\/hr\/wp-json\/wp\/v2\/media?parent=743867"}],"wp:term":[{"taxonomy":"product_brand","embeddable":true,"href":"https:\/\/stoic-curie.212-227-153-4.plesk.page\/hr\/wp-json\/wp\/v2\/product_brand?post=743867"},{"taxonomy":"product_cat","embeddable":true,"href":"https:\/\/stoic-curie.212-227-153-4.plesk.page\/hr\/wp-json\/wp\/v2\/product_cat?post=743867"},{"taxonomy":"product_tag","embeddable":true,"href":"https:\/\/stoic-curie.212-227-153-4.plesk.page\/hr\/wp-json\/wp\/v2\/product_tag?post=743867"}],"curies":[{"name":"wp","href":"https:\/\/api.w.org\/{rel}","templated":true}]}}