{"id":743870,"date":"2025-03-03T18:44:47","date_gmt":"2025-03-03T17:44:47","guid":{"rendered":"https:\/\/stoic-curie.212-227-153-4.plesk.page\/producto\/fleksibilna-spojka-vetus-combiflex-25mm\/"},"modified":"2026-02-25T00:01:11","modified_gmt":"2026-02-25T00:01:11","slug":"fleksibilna-spojka-vetus-combiflex-25mm","status":"publish","type":"product","link":"https:\/\/stoic-curie.212-227-153-4.plesk.page\/hr\/product\/fleksibilna-spojka-vetus-combiflex-25mm\/","title":{"rendered":"Fleksibilna spojka Vetus Combiflex 25mm"},"content":{"rendered":"<p>Fleksibilna spojka Vetus Combiflex 25mm &#8211; <\/p>\n<p>Vetus Combiflex fleksibilna spojka osovine za izvrsno poravnavanje osovine propelera. Zahvaljuju\u0107i gumiranim elementima, smanjuje vibracije i jam\u010di savr\u0161enu prenose \u010dak i uz neuskla\u0111enosti do 2\u00c2\u00b0. Maks HP: maksimalna snaga motora pri 3000 okr\/min (1500 okr\/min osovine) s omjerom smanjenja 2:1.<\/p>\n","protected":false},"excerpt":{"rendered":"<p>Fleksibilna spojka Vetus Combiflex 25mm &#8211; Vetus Combiflex fleksibilna spojka osovine za izvrsno poravnavanje osovine propelera. Zahvaljuju\u0107i gumiranim elementima, smanjuje<\/p>\n","protected":false},"featured_media":5945747,"comment_status":"open","ping_status":"closed","template":"","meta":[],"product_brand":[3521],"product_cat":[1789],"product_tag":[],"class_list":{"0":"post-743870","1":"product","2":"type-product","3":"status-publish","4":"has-post-thumbnail","6":"product_brand-vetus-hr","7":"product_cat-prigusivac-i-spojnice","9":"first","10":"outofstock","11":"shipping-taxable","12":"purchasable","13":"product-type-simple"},"_links":{"self":[{"href":"https:\/\/stoic-curie.212-227-153-4.plesk.page\/hr\/wp-json\/wp\/v2\/product\/743870","targetHints":{"allow":["GET"]}}],"collection":[{"href":"https:\/\/stoic-curie.212-227-153-4.plesk.page\/hr\/wp-json\/wp\/v2\/product"}],"about":[{"href":"https:\/\/stoic-curie.212-227-153-4.plesk.page\/hr\/wp-json\/wp\/v2\/types\/product"}],"replies":[{"embeddable":true,"href":"https:\/\/stoic-curie.212-227-153-4.plesk.page\/hr\/wp-json\/wp\/v2\/comments?post=743870"}],"version-history":[{"count":0,"href":"https:\/\/stoic-curie.212-227-153-4.plesk.page\/hr\/wp-json\/wp\/v2\/product\/743870\/revisions"}],"wp:featuredmedia":[{"embeddable":true,"href":"https:\/\/stoic-curie.212-227-153-4.plesk.page\/hr\/wp-json\/wp\/v2\/media\/5945747"}],"wp:attachment":[{"href":"https:\/\/stoic-curie.212-227-153-4.plesk.page\/hr\/wp-json\/wp\/v2\/media?parent=743870"}],"wp:term":[{"taxonomy":"product_brand","embeddable":true,"href":"https:\/\/stoic-curie.212-227-153-4.plesk.page\/hr\/wp-json\/wp\/v2\/product_brand?post=743870"},{"taxonomy":"product_cat","embeddable":true,"href":"https:\/\/stoic-curie.212-227-153-4.plesk.page\/hr\/wp-json\/wp\/v2\/product_cat?post=743870"},{"taxonomy":"product_tag","embeddable":true,"href":"https:\/\/stoic-curie.212-227-153-4.plesk.page\/hr\/wp-json\/wp\/v2\/product_tag?post=743870"}],"curies":[{"name":"wp","href":"https:\/\/api.w.org\/{rel}","templated":true}]}}