{"id":743872,"date":"2025-03-03T18:44:48","date_gmt":"2025-03-03T17:44:48","guid":{"rendered":"https:\/\/stoic-curie.212-227-153-4.plesk.page\/producto\/mesingani-lezaj-za-osovinu-od-105-mm-vanjski-5-1-4-inca\/"},"modified":"2026-02-25T00:01:11","modified_gmt":"2026-02-25T00:01:11","slug":"mesingani-lezaj-za-osovinu-od-105-mm-vanjski-5-1-4-inca","status":"publish","type":"product","link":"https:\/\/stoic-curie.212-227-153-4.plesk.page\/hr\/product\/mesingani-lezaj-za-osovinu-od-105-mm-vanjski-5-1-4-inca\/","title":{"rendered":"Bron\u010dana le\u017eajna osovina 105 x 133,35 x 406,4 mm"},"content":{"rendered":"<p>Bron\u010dana le\u017eajna osovina 105 x 133,35 x 406,4 mm &#8211; <\/p>\n<p>Le\u017eajevi osovine podmazani vodom definirani su unutarnjim promjerom u in\u010dima i vanjskim promjerom koji se mjeri u in\u010dima. Ovi le\u017eajevi imaju brasa vanjsku ku\u0107i\u0161te i gumu unutarnji sastavni dio koji sadr\u017ei aksijalne kanale. Dizajnirani su za trajnost, uklju\u010duju\u0107i morsku brasu zajedno s robusnim sinteti\u010dkim nitrilnim gumenim oblogama.<\/p>\n<p>Za optimalne performanse, novi bezrezni le\u017eaj s brasa \u0161koljkom trebao bi odr\u017eavati razmak od 0.006 in\u010da za svaki in\u010d promjera osovine.<\/p>\n<p>Specifikacije:<\/p>\n<p>Promjer osovine: 105 mm<br \/>Vanjski promjer: 133,35 mm<br \/>Du\u017eina: 406,4 mm<\/p>\n","protected":false},"excerpt":{"rendered":"<p>Bron\u010dana le\u017eajna osovina 105 x 133,35 x 406,4 mm &#8211; Le\u017eajevi osovine podmazani vodom definirani su unutarnjim promjerom u in\u010dima<\/p>\n","protected":false},"featured_media":5945749,"comment_status":"open","ping_status":"closed","template":"","meta":[],"product_brand":[2916],"product_cat":[1812],"product_tag":[],"class_list":{"0":"post-743872","1":"product","2":"type-product","3":"status-publish","4":"has-post-thumbnail","6":"product_brand-eliche-radice-hr","7":"product_cat-lezajevi-osovine-propelera","9":"first","10":"instock","11":"shipping-taxable","12":"purchasable","13":"product-type-simple"},"_links":{"self":[{"href":"https:\/\/stoic-curie.212-227-153-4.plesk.page\/hr\/wp-json\/wp\/v2\/product\/743872","targetHints":{"allow":["GET"]}}],"collection":[{"href":"https:\/\/stoic-curie.212-227-153-4.plesk.page\/hr\/wp-json\/wp\/v2\/product"}],"about":[{"href":"https:\/\/stoic-curie.212-227-153-4.plesk.page\/hr\/wp-json\/wp\/v2\/types\/product"}],"replies":[{"embeddable":true,"href":"https:\/\/stoic-curie.212-227-153-4.plesk.page\/hr\/wp-json\/wp\/v2\/comments?post=743872"}],"version-history":[{"count":0,"href":"https:\/\/stoic-curie.212-227-153-4.plesk.page\/hr\/wp-json\/wp\/v2\/product\/743872\/revisions"}],"wp:featuredmedia":[{"embeddable":true,"href":"https:\/\/stoic-curie.212-227-153-4.plesk.page\/hr\/wp-json\/wp\/v2\/media\/5945749"}],"wp:attachment":[{"href":"https:\/\/stoic-curie.212-227-153-4.plesk.page\/hr\/wp-json\/wp\/v2\/media?parent=743872"}],"wp:term":[{"taxonomy":"product_brand","embeddable":true,"href":"https:\/\/stoic-curie.212-227-153-4.plesk.page\/hr\/wp-json\/wp\/v2\/product_brand?post=743872"},{"taxonomy":"product_cat","embeddable":true,"href":"https:\/\/stoic-curie.212-227-153-4.plesk.page\/hr\/wp-json\/wp\/v2\/product_cat?post=743872"},{"taxonomy":"product_tag","embeddable":true,"href":"https:\/\/stoic-curie.212-227-153-4.plesk.page\/hr\/wp-json\/wp\/v2\/product_tag?post=743872"}],"curies":[{"name":"wp","href":"https:\/\/api.w.org\/{rel}","templated":true}]}}