{"id":743873,"date":"2025-03-03T18:44:48","date_gmt":"2025-03-03T17:44:48","guid":{"rendered":"https:\/\/stoic-curie.212-227-153-4.plesk.page\/producto\/mesingani-lezaj-za-osovinu-115-mm-vanjski-5-1-2-inca\/"},"modified":"2026-02-25T00:01:11","modified_gmt":"2026-02-25T00:01:11","slug":"mesingani-lezaj-za-osovinu-115-mm-vanjski-5-1-2-inca","status":"publish","type":"product","link":"https:\/\/stoic-curie.212-227-153-4.plesk.page\/hr\/product\/mesingani-lezaj-za-osovinu-115-mm-vanjski-5-1-2-inca\/","title":{"rendered":"Mesingani le\u017eaj za osovinu 115 mm (Vanjski 5&quot; 1\/2)"},"content":{"rendered":"<p>Mesingani le\u017eaj za osovinu 115 mm (Vanjski 5&#8243; 1\/2) &#8211; <\/p>\n<p style=\"color: rgb(34, 34, 34); font-family: Arial, Helvetica, sans-serif; font-size: small;\">Mjedeno le\u017eaj za osovinu od 115 mm (vanjski 5&#8243; 1\/2 in\u010da)<\/p>\n<p style=\"color: rgb(34, 34, 34); font-family: Arial, Helvetica, sans-serif; font-size: small;\">Na\u0161a le\u017eajevi uljem podmazani vodom pa\u017eljivo su izra\u0111eni s metri\u010dkim unutarnjim promjerom i imperijalnim vanjskim promjerom. Ova le\u017eajevi imaju \u010dvrsto mjdeno vanjsko ku\u0107i\u0161te koje je dopunjeno unutarnjim gumom koji uklju\u010duje aksijalne kanale. Ova jedinstvena kombinacija gume i vode djeluje kao idealan materijal i podmaziva\u010d za le\u017eajeve. Uro\u0111ena elasti\u010dnost gume osigurava izuzetnu apsorpciju udaraca i u\u010dinkovito prigu\u0161uje vibracije.<\/p>\n<p style=\"color: rgb(34, 34, 34); font-family: Arial, Helvetica, sans-serif; font-size: small;\">Napredni dizajn Aqualube le\u017eaja zna\u010dajno pobolj\u0161ava njegovu funkcionalnost. Nasuprot brojnim drugim le\u017eajevima dostupnim, Aqualube le\u017eajevi su posebno dizajnirani kako bi stvorili hidrodinami\u010dku vodenu kliznicu izme\u0111u osi i le\u017eajeva, \u010dak i pri ni\u017eim brzinama osovine. Voda je izvrsno podmaziva\u010d za morska okru\u017eenja zbog svoje obilne dostupnosti, nekompresibilnosti, svojstava hla\u0111enja i niskog koeficijenta trenja prilikom interakcije s le\u017eajem i osovinom. Voda ulazi u le\u017eaj kroz uzdu\u017ene utore, stvaraju\u0107i tanki film koji se radijalno pomi\u010de izme\u0111u osovine propelera i povr\u0161ine le\u017eaja. Kada se ovaj film ili klizaljka uspostavi, osovina ostaje izolirana od izravnog kontakta s le\u017eajem.<\/p>\n<p style=\"color: rgb(34, 34, 34); font-family: Arial, Helvetica, sans-serif; font-size: small;\">Morski mjedeni ili metalni le\u017eaj ima vanjsku mjedenu \u0161koljku koja je precizno obra\u0111ena i polirana, olak\u0161avaju\u0107i instalaciju. Posebno formulirana nitrilna guma, otporna na ulje i kemikalije, \u010dvrsto je vezana za \u0161koljku. Za manje plovila nudimo jedinice s tanjim \u0161koljkama koje su pogodne za potpornje. Prstenasti le\u017eajevi obi\u010dno se instaliraju kori\u0161tenjem laganog pritiska i osiguravaju se na mjestu konusnim vijcima.<\/p>\n<p style=\"color: rgb(34, 34, 34); font-family: Arial, Helvetica, sans-serif; font-size: small;\">Promjer osovine: 115 mm<\/p>\n","protected":false},"excerpt":{"rendered":"<p>Mesingani le\u017eaj za osovinu 115 mm (Vanjski 5&#8243; 1\/2) &#8211; Mjedeno le\u017eaj za osovinu od 115 mm (vanjski 5&#8243; 1\/2<\/p>\n","protected":false},"featured_media":5940503,"comment_status":"open","ping_status":"closed","template":"","meta":[],"product_brand":[2916],"product_cat":[1812],"product_tag":[],"class_list":{"0":"post-743873","1":"product","2":"type-product","3":"status-publish","4":"has-post-thumbnail","6":"product_brand-eliche-radice-hr","7":"product_cat-lezajevi-osovine-propelera","9":"first","10":"instock","11":"shipping-taxable","12":"purchasable","13":"product-type-simple"},"_links":{"self":[{"href":"https:\/\/stoic-curie.212-227-153-4.plesk.page\/hr\/wp-json\/wp\/v2\/product\/743873","targetHints":{"allow":["GET"]}}],"collection":[{"href":"https:\/\/stoic-curie.212-227-153-4.plesk.page\/hr\/wp-json\/wp\/v2\/product"}],"about":[{"href":"https:\/\/stoic-curie.212-227-153-4.plesk.page\/hr\/wp-json\/wp\/v2\/types\/product"}],"replies":[{"embeddable":true,"href":"https:\/\/stoic-curie.212-227-153-4.plesk.page\/hr\/wp-json\/wp\/v2\/comments?post=743873"}],"version-history":[{"count":0,"href":"https:\/\/stoic-curie.212-227-153-4.plesk.page\/hr\/wp-json\/wp\/v2\/product\/743873\/revisions"}],"wp:featuredmedia":[{"embeddable":true,"href":"https:\/\/stoic-curie.212-227-153-4.plesk.page\/hr\/wp-json\/wp\/v2\/media\/5940503"}],"wp:attachment":[{"href":"https:\/\/stoic-curie.212-227-153-4.plesk.page\/hr\/wp-json\/wp\/v2\/media?parent=743873"}],"wp:term":[{"taxonomy":"product_brand","embeddable":true,"href":"https:\/\/stoic-curie.212-227-153-4.plesk.page\/hr\/wp-json\/wp\/v2\/product_brand?post=743873"},{"taxonomy":"product_cat","embeddable":true,"href":"https:\/\/stoic-curie.212-227-153-4.plesk.page\/hr\/wp-json\/wp\/v2\/product_cat?post=743873"},{"taxonomy":"product_tag","embeddable":true,"href":"https:\/\/stoic-curie.212-227-153-4.plesk.page\/hr\/wp-json\/wp\/v2\/product_tag?post=743873"}],"curies":[{"name":"wp","href":"https:\/\/api.w.org\/{rel}","templated":true}]}}