{"id":743877,"date":"2025-03-03T18:44:50","date_gmt":"2025-03-03T17:44:50","guid":{"rendered":"https:\/\/stoic-curie.212-227-153-4.plesk.page\/producto\/mesingani-lezajevi-vratila-110-x-135-x-140-mm\/"},"modified":"2026-02-25T00:01:11","modified_gmt":"2026-02-25T00:01:11","slug":"mesingani-lezajevi-vratila-110-x-135-x-140-mm","status":"publish","type":"product","link":"https:\/\/stoic-curie.212-227-153-4.plesk.page\/hr\/product\/mesingani-lezajevi-vratila-110-x-135-x-140-mm\/","title":{"rendered":"Mesingani le\u017eajevi vratila 110 x 135 x 140 mm"},"content":{"rendered":"<p>Mesingani le\u017eajevi vratila 110 x 135 x 140 mm &#8211; <\/p>\n<p style=\"color: rgb(34, 34, 34); font-family: Arial, Helvetica, sans-serif; font-size: small;\">Le\u017eajevi sa vodom kao podmaziva\u010dem dizajnirani su s metri\u010dkim mjerenjima za unutarnje i vanjske promjere. Izgra\u0111eni su s vanjskim obodom od mesinga i unutarnjim dijelom od gume koji uklju\u010duje aksijalne kanale, posebno prilago\u0111ene za primjene u sternim cijevima. Voda stvara za\u0161titnu barijeru koja minimalizira izravan trenje izme\u0111u vratila i le\u017eaja. Unutarnja obloga od nitrila pobolj\u0161ava otpornost na habanje i abraziju, dok tako\u0111er u\u010dinkovito izolira od buke i vibracija. Ovi le\u017eajevi dolaze u visokokvalitetnim morskim dizajnom, pa\u017eljivo projektirani za sterni cijevi, motore i razne druge primjene le\u017eajeva sa vodom kao podmaziva\u010dem.<\/p>\n<p style=\"color: rgb(34, 34, 34); font-family: Arial, Helvetica, sans-serif; font-size: small;\">Serija Eliche Radice sadr\u017ei le\u017eajeve napravljene od robusne gume oblikovane u morska bron\u010dana ku\u0107i\u0161ta, pru\u017eaju\u0107i izvanrednu izdr\u017eljivost protiv tro\u0161enja.<\/p>\n<p style=\"color: rgb(34, 34, 34); font-family: Arial, Helvetica, sans-serif; font-size: small;\"><strong>Klju\u010dne zna\u010dajke:<\/strong><\/p>\n<ul style=\"color: rgb(34, 34, 34); font-family: Arial, Helvetica, sans-serif; font-size: small;\">\n<li>Osiguranje vrhunske kvalitete<\/li>\n<li>Proizvodi Eliche Radice izra\u0111eni su od superiornih materijala i podvrgnuti su temeljitim inspekcijama nakon proizvodnje<\/li>\n<\/ul>\n","protected":false},"excerpt":{"rendered":"<p>Mesingani le\u017eajevi vratila 110 x 135 x 140 mm &#8211; Le\u017eajevi sa vodom kao podmaziva\u010dem dizajnirani su s metri\u010dkim mjerenjima<\/p>\n","protected":false},"featured_media":5940503,"comment_status":"open","ping_status":"closed","template":"","meta":[],"product_brand":[2916],"product_cat":[1812],"product_tag":[],"class_list":{"0":"post-743877","1":"product","2":"type-product","3":"status-publish","4":"has-post-thumbnail","6":"product_brand-eliche-radice-hr","7":"product_cat-lezajevi-osovine-propelera","9":"first","10":"instock","11":"shipping-taxable","12":"purchasable","13":"product-type-simple"},"_links":{"self":[{"href":"https:\/\/stoic-curie.212-227-153-4.plesk.page\/hr\/wp-json\/wp\/v2\/product\/743877","targetHints":{"allow":["GET"]}}],"collection":[{"href":"https:\/\/stoic-curie.212-227-153-4.plesk.page\/hr\/wp-json\/wp\/v2\/product"}],"about":[{"href":"https:\/\/stoic-curie.212-227-153-4.plesk.page\/hr\/wp-json\/wp\/v2\/types\/product"}],"replies":[{"embeddable":true,"href":"https:\/\/stoic-curie.212-227-153-4.plesk.page\/hr\/wp-json\/wp\/v2\/comments?post=743877"}],"version-history":[{"count":0,"href":"https:\/\/stoic-curie.212-227-153-4.plesk.page\/hr\/wp-json\/wp\/v2\/product\/743877\/revisions"}],"wp:featuredmedia":[{"embeddable":true,"href":"https:\/\/stoic-curie.212-227-153-4.plesk.page\/hr\/wp-json\/wp\/v2\/media\/5940503"}],"wp:attachment":[{"href":"https:\/\/stoic-curie.212-227-153-4.plesk.page\/hr\/wp-json\/wp\/v2\/media?parent=743877"}],"wp:term":[{"taxonomy":"product_brand","embeddable":true,"href":"https:\/\/stoic-curie.212-227-153-4.plesk.page\/hr\/wp-json\/wp\/v2\/product_brand?post=743877"},{"taxonomy":"product_cat","embeddable":true,"href":"https:\/\/stoic-curie.212-227-153-4.plesk.page\/hr\/wp-json\/wp\/v2\/product_cat?post=743877"},{"taxonomy":"product_tag","embeddable":true,"href":"https:\/\/stoic-curie.212-227-153-4.plesk.page\/hr\/wp-json\/wp\/v2\/product_tag?post=743877"}],"curies":[{"name":"wp","href":"https:\/\/api.w.org\/{rel}","templated":true}]}}