{"id":743878,"date":"2025-03-03T18:44:50","date_gmt":"2025-03-03T17:44:50","guid":{"rendered":"https:\/\/stoic-curie.212-227-153-4.plesk.page\/producto\/mesingani-lezajevi-vratila-115-x-140-x-460-mm\/"},"modified":"2026-02-25T00:01:11","modified_gmt":"2026-02-25T00:01:11","slug":"mesingani-lezajevi-vratila-115-x-140-x-460-mm","status":"publish","type":"product","link":"https:\/\/stoic-curie.212-227-153-4.plesk.page\/hr\/product\/mesingani-lezajevi-vratila-115-x-140-x-460-mm\/","title":{"rendered":"Mesingani le\u017eajevi vratila 115 x 140 x 460 mm"},"content":{"rendered":"<p>Mesingani le\u017eajevi vratila 115 x 140 x 460 mm &#8211; <\/p>\n<p>Le\u017eajevi s vodom podmazanim osovinama dostupni su u raznim metri\u010dkim unutarnjim i vanjskim promjerima, prilago\u0111eni razli\u010ditim morskim primjenama. Ovi specijalizirani le\u017eajevi dizajnirani su s robusnom vanjskom \u0161koljkom od mesinga koja pru\u017ea izdr\u017eljivost i snagu, dok je unutarnji dio izra\u0111en od visokokvalitetne gume s inovativnim aksijalnim kanalima. Ovaj jedinstveni dizajn omogu\u0107uje u\u010dinkovito podmazivanje vodom, \u0161to ih \u010dini idealnim za kori\u0161tenje u montiranju strut i sterntube. Obi\u010dno se koriste kao le\u017eajevi za kormilo i pintele, osiguravaju\u0107i glatko funkcioniranje u morskim okru\u017eenjima.<\/p>\n<p>Na\u0161i premijum morski le\u017eajevi s rezanjem, dostupni u metri\u010dkim veli\u010dinama, pomno su osmi\u0161ljeni da zadovolje zahtjeve stern tubova, osovina motora i \u0161irokog spektra primjena le\u017eajeva s vodom podmazanim. Svaki le\u017eaj dizajniran je s precizno\u0161\u0107u, osiguravaju\u0107i da su promjeri to\u010dno kalibrirani prema zadanim mjerama osovine. Ova pa\u017enja prema detaljima jam\u010di odgovaraju\u0107i razmak, \u0161to je bitno za optimalno podmazivanje vodom i u\u010dinkovitost.<\/p>\n<p>Nadalje, vanjske \u0161koljke od mesinga su stru\u010dno obra\u0111ene i polirane, olak\u0161avaju\u0107i instalaciju i pobolj\u0161avaju\u0107i ukupnu u\u010dinkovitost sustava le\u017eajeva. Kako bi se osigurala dugovje\u010dnost i pouzdanost, kori\u0161tena je posebno formulirana nitrilna guma, koja je ne samo otporna na ulja i kemikalije ve\u0107 je i \u010dvrsto vezana za \u0161koljku. Ova kombinacija materijala i dizajnerskih zna\u010dajki rezultira le\u017eajem koji mo\u017ee izdr\u017eati napore morskih okru\u017eenja, pru\u017eaju\u0107i izvanredne performanse i izdr\u017eljivost za sve va\u0161e potrebe le\u017eajeva s vodom podmazanim.<\/p>\n","protected":false},"excerpt":{"rendered":"<p>Mesingani le\u017eajevi vratila 115 x 140 x 460 mm &#8211; Le\u017eajevi s vodom podmazanim osovinama dostupni su u raznim metri\u010dkim<\/p>\n","protected":false},"featured_media":5940503,"comment_status":"open","ping_status":"closed","template":"","meta":[],"product_brand":[2916],"product_cat":[1812],"product_tag":[],"class_list":{"0":"post-743878","1":"product","2":"type-product","3":"status-publish","4":"has-post-thumbnail","6":"product_brand-eliche-radice-hr","7":"product_cat-lezajevi-osovine-propelera","9":"first","10":"instock","11":"shipping-taxable","12":"purchasable","13":"product-type-simple"},"_links":{"self":[{"href":"https:\/\/stoic-curie.212-227-153-4.plesk.page\/hr\/wp-json\/wp\/v2\/product\/743878","targetHints":{"allow":["GET"]}}],"collection":[{"href":"https:\/\/stoic-curie.212-227-153-4.plesk.page\/hr\/wp-json\/wp\/v2\/product"}],"about":[{"href":"https:\/\/stoic-curie.212-227-153-4.plesk.page\/hr\/wp-json\/wp\/v2\/types\/product"}],"replies":[{"embeddable":true,"href":"https:\/\/stoic-curie.212-227-153-4.plesk.page\/hr\/wp-json\/wp\/v2\/comments?post=743878"}],"version-history":[{"count":0,"href":"https:\/\/stoic-curie.212-227-153-4.plesk.page\/hr\/wp-json\/wp\/v2\/product\/743878\/revisions"}],"wp:featuredmedia":[{"embeddable":true,"href":"https:\/\/stoic-curie.212-227-153-4.plesk.page\/hr\/wp-json\/wp\/v2\/media\/5940503"}],"wp:attachment":[{"href":"https:\/\/stoic-curie.212-227-153-4.plesk.page\/hr\/wp-json\/wp\/v2\/media?parent=743878"}],"wp:term":[{"taxonomy":"product_brand","embeddable":true,"href":"https:\/\/stoic-curie.212-227-153-4.plesk.page\/hr\/wp-json\/wp\/v2\/product_brand?post=743878"},{"taxonomy":"product_cat","embeddable":true,"href":"https:\/\/stoic-curie.212-227-153-4.plesk.page\/hr\/wp-json\/wp\/v2\/product_cat?post=743878"},{"taxonomy":"product_tag","embeddable":true,"href":"https:\/\/stoic-curie.212-227-153-4.plesk.page\/hr\/wp-json\/wp\/v2\/product_tag?post=743878"}],"curies":[{"name":"wp","href":"https:\/\/api.w.org\/{rel}","templated":true}]}}