{"id":743887,"date":"2025-03-03T18:44:52","date_gmt":"2025-03-03T17:44:52","guid":{"rendered":"https:\/\/stoic-curie.212-227-153-4.plesk.page\/producto\/lezajevi-vratila-od-smole-5715-x-7620-x-22859-mm\/"},"modified":"2026-02-25T00:01:11","modified_gmt":"2026-02-25T00:01:11","slug":"lezajevi-vratila-od-smole-5715-x-7620-x-22859-mm","status":"publish","type":"product","link":"https:\/\/stoic-curie.212-227-153-4.plesk.page\/hr\/product\/lezajevi-vratila-od-smole-5715-x-7620-x-22859-mm\/","title":{"rendered":"Le\u017eajevi vratila od smole 57,15 x 76,20 x 228,59 mm"},"content":{"rendered":"<p>Le\u017eajevi vratila od smole 57,15 x 76,20 x 228,59 mm &#8211; <\/p>\n<p>Le\u017eajevi osovine podmazani vodom s unutarnjim i vanjskim promjerom u in\u010dima. Smole ku\u0107i\u0161te, gumeni unutarnji dio s aksijalnim kanalima.<\/p>\n","protected":false},"excerpt":{"rendered":"<p>Le\u017eajevi vratila od smole 57,15 x 76,20 x 228,59 mm &#8211; Le\u017eajevi osovine podmazani vodom s unutarnjim i vanjskim promjerom<\/p>\n","protected":false},"featured_media":5936301,"comment_status":"open","ping_status":"closed","template":"","meta":[],"product_brand":[2931],"product_cat":[1812],"product_tag":[],"class_list":{"0":"post-743887","1":"product","2":"type-product","3":"status-publish","4":"has-post-thumbnail","6":"product_brand-exalto-marine-hr","7":"product_cat-lezajevi-osovine-propelera","9":"first","10":"instock","11":"shipping-taxable","12":"purchasable","13":"product-type-simple"},"_links":{"self":[{"href":"https:\/\/stoic-curie.212-227-153-4.plesk.page\/hr\/wp-json\/wp\/v2\/product\/743887","targetHints":{"allow":["GET"]}}],"collection":[{"href":"https:\/\/stoic-curie.212-227-153-4.plesk.page\/hr\/wp-json\/wp\/v2\/product"}],"about":[{"href":"https:\/\/stoic-curie.212-227-153-4.plesk.page\/hr\/wp-json\/wp\/v2\/types\/product"}],"replies":[{"embeddable":true,"href":"https:\/\/stoic-curie.212-227-153-4.plesk.page\/hr\/wp-json\/wp\/v2\/comments?post=743887"}],"version-history":[{"count":0,"href":"https:\/\/stoic-curie.212-227-153-4.plesk.page\/hr\/wp-json\/wp\/v2\/product\/743887\/revisions"}],"wp:featuredmedia":[{"embeddable":true,"href":"https:\/\/stoic-curie.212-227-153-4.plesk.page\/hr\/wp-json\/wp\/v2\/media\/5936301"}],"wp:attachment":[{"href":"https:\/\/stoic-curie.212-227-153-4.plesk.page\/hr\/wp-json\/wp\/v2\/media?parent=743887"}],"wp:term":[{"taxonomy":"product_brand","embeddable":true,"href":"https:\/\/stoic-curie.212-227-153-4.plesk.page\/hr\/wp-json\/wp\/v2\/product_brand?post=743887"},{"taxonomy":"product_cat","embeddable":true,"href":"https:\/\/stoic-curie.212-227-153-4.plesk.page\/hr\/wp-json\/wp\/v2\/product_cat?post=743887"},{"taxonomy":"product_tag","embeddable":true,"href":"https:\/\/stoic-curie.212-227-153-4.plesk.page\/hr\/wp-json\/wp\/v2\/product_tag?post=743887"}],"curies":[{"name":"wp","href":"https:\/\/api.w.org\/{rel}","templated":true}]}}