{"id":743918,"date":"2025-03-03T18:45:01","date_gmt":"2025-03-03T17:45:01","guid":{"rendered":"https:\/\/stoic-curie.212-227-153-4.plesk.page\/producto\/aluminijski-propeler-solas-1325-x-17-l\/"},"modified":"2026-02-25T00:01:11","modified_gmt":"2026-02-25T00:01:11","slug":"aluminijski-propeler-solas-1325-x-17-l","status":"publish","type":"product","link":"https:\/\/stoic-curie.212-227-153-4.plesk.page\/hr\/product\/aluminijski-propeler-solas-1325-x-17-l\/","title":{"rendered":"Aluminijski propeler Solas 13,25 x 17 (l)"},"content":{"rendered":"<p>Aluminijski propeler Solas 13,25 x 17 (l) &#8211; <\/p>\n<p>Aluminijske Solas propelere za vanbrodske motore. Superiorna kvaliteta konstrukcije omogu\u0107ava Solas propelerima lako da zamijene bilo koju vrstu originalnog propelera.<br \/>Plus = Pove\u0107ana povr\u0161ina o\u0161trice propelera<br \/>L = Suprotni propeler (samoproveravani)<br \/>= Od navedenog godine (uklju\u010deno)<\/p>\n","protected":false},"excerpt":{"rendered":"<p>Aluminijski propeler Solas 13,25 x 17 (l) &#8211; Aluminijske Solas propelere za vanbrodske motore. Superiorna kvaliteta konstrukcije omogu\u0107ava Solas propelerima<\/p>\n","protected":false},"featured_media":5936916,"comment_status":"open","ping_status":"closed","template":"","meta":[],"product_brand":[3411],"product_cat":[1803,1825],"product_tag":[],"class_list":{"0":"post-743918","1":"product","2":"type-product","3":"status-publish","4":"has-post-thumbnail","6":"product_brand-solas-hr","7":"product_cat-propeleri-za-vanbrodske-motore","8":"product_cat-rezervni-dijelovi-za-vanbrodske-motore-honda","10":"first","11":"instock","12":"shipping-taxable","13":"purchasable","14":"product-type-simple"},"_links":{"self":[{"href":"https:\/\/stoic-curie.212-227-153-4.plesk.page\/hr\/wp-json\/wp\/v2\/product\/743918","targetHints":{"allow":["GET"]}}],"collection":[{"href":"https:\/\/stoic-curie.212-227-153-4.plesk.page\/hr\/wp-json\/wp\/v2\/product"}],"about":[{"href":"https:\/\/stoic-curie.212-227-153-4.plesk.page\/hr\/wp-json\/wp\/v2\/types\/product"}],"replies":[{"embeddable":true,"href":"https:\/\/stoic-curie.212-227-153-4.plesk.page\/hr\/wp-json\/wp\/v2\/comments?post=743918"}],"version-history":[{"count":0,"href":"https:\/\/stoic-curie.212-227-153-4.plesk.page\/hr\/wp-json\/wp\/v2\/product\/743918\/revisions"}],"wp:featuredmedia":[{"embeddable":true,"href":"https:\/\/stoic-curie.212-227-153-4.plesk.page\/hr\/wp-json\/wp\/v2\/media\/5936916"}],"wp:attachment":[{"href":"https:\/\/stoic-curie.212-227-153-4.plesk.page\/hr\/wp-json\/wp\/v2\/media?parent=743918"}],"wp:term":[{"taxonomy":"product_brand","embeddable":true,"href":"https:\/\/stoic-curie.212-227-153-4.plesk.page\/hr\/wp-json\/wp\/v2\/product_brand?post=743918"},{"taxonomy":"product_cat","embeddable":true,"href":"https:\/\/stoic-curie.212-227-153-4.plesk.page\/hr\/wp-json\/wp\/v2\/product_cat?post=743918"},{"taxonomy":"product_tag","embeddable":true,"href":"https:\/\/stoic-curie.212-227-153-4.plesk.page\/hr\/wp-json\/wp\/v2\/product_tag?post=743918"}],"curies":[{"name":"wp","href":"https:\/\/api.w.org\/{rel}","templated":true}]}}