{"id":743931,"date":"2025-03-03T18:45:07","date_gmt":"2025-03-03T17:45:07","guid":{"rendered":"https:\/\/stoic-curie.212-227-153-4.plesk.page\/producto\/solas-aluminijski-propeleri-za-volvo-penta-sx-1430-x-21\/"},"modified":"2026-02-25T00:01:11","modified_gmt":"2026-02-25T00:01:11","slug":"solas-aluminijski-propeleri-za-volvo-penta-sx-1430-x-21","status":"publish","type":"product","link":"https:\/\/stoic-curie.212-227-153-4.plesk.page\/hr\/product\/solas-aluminijski-propeleri-za-volvo-penta-sx-1430-x-21\/","title":{"rendered":"Solas aluminijski propeleri za Volvo Penta SX 14,30 x 21"},"content":{"rendered":"<p>Solas aluminijski propeleri za Volvo Penta SX 14,30 x 21 &#8211; <\/p>\n<p>Aluminijske propelere Solas za Volvo Penta unutarnje i vanjske motore. Superiorna kvaliteta izrade omogu\u0107ava Solas propelerima da lako zamijene bilo koju vrstu originalnog propelera. Plus = Pove\u0107ana povr\u0161ina krakova propelera L = Lijevi propeler (suprotnom smjeru kazaljke na satu)<\/p>\n","protected":false},"excerpt":{"rendered":"<p>Solas aluminijski propeleri za Volvo Penta SX 14,30 x 21 &#8211; Aluminijske propelere Solas za Volvo Penta unutarnje i vanjske<\/p>\n","protected":false},"featured_media":5936916,"comment_status":"open","ping_status":"closed","template":"","meta":[],"product_brand":[3411],"product_cat":[1829],"product_tag":[],"class_list":{"0":"post-743931","1":"product","2":"type-product","3":"status-publish","4":"has-post-thumbnail","6":"product_brand-solas-hr","7":"product_cat-rezervni-dijelovi-za-motore-volvo-penta","9":"first","10":"instock","11":"shipping-taxable","12":"purchasable","13":"product-type-simple"},"_links":{"self":[{"href":"https:\/\/stoic-curie.212-227-153-4.plesk.page\/hr\/wp-json\/wp\/v2\/product\/743931","targetHints":{"allow":["GET"]}}],"collection":[{"href":"https:\/\/stoic-curie.212-227-153-4.plesk.page\/hr\/wp-json\/wp\/v2\/product"}],"about":[{"href":"https:\/\/stoic-curie.212-227-153-4.plesk.page\/hr\/wp-json\/wp\/v2\/types\/product"}],"replies":[{"embeddable":true,"href":"https:\/\/stoic-curie.212-227-153-4.plesk.page\/hr\/wp-json\/wp\/v2\/comments?post=743931"}],"version-history":[{"count":0,"href":"https:\/\/stoic-curie.212-227-153-4.plesk.page\/hr\/wp-json\/wp\/v2\/product\/743931\/revisions"}],"wp:featuredmedia":[{"embeddable":true,"href":"https:\/\/stoic-curie.212-227-153-4.plesk.page\/hr\/wp-json\/wp\/v2\/media\/5936916"}],"wp:attachment":[{"href":"https:\/\/stoic-curie.212-227-153-4.plesk.page\/hr\/wp-json\/wp\/v2\/media?parent=743931"}],"wp:term":[{"taxonomy":"product_brand","embeddable":true,"href":"https:\/\/stoic-curie.212-227-153-4.plesk.page\/hr\/wp-json\/wp\/v2\/product_brand?post=743931"},{"taxonomy":"product_cat","embeddable":true,"href":"https:\/\/stoic-curie.212-227-153-4.plesk.page\/hr\/wp-json\/wp\/v2\/product_cat?post=743931"},{"taxonomy":"product_tag","embeddable":true,"href":"https:\/\/stoic-curie.212-227-153-4.plesk.page\/hr\/wp-json\/wp\/v2\/product_tag?post=743931"}],"curies":[{"name":"wp","href":"https:\/\/api.w.org\/{rel}","templated":true}]}}