{"id":743940,"date":"2025-03-03T18:48:43","date_gmt":"2025-03-03T17:48:43","guid":{"rendered":"https:\/\/stoic-curie.212-227-153-4.plesk.page\/producto\/spremnik-za-gorivo-za-napajanje-s-kotacima-59lt\/"},"modified":"2026-02-25T00:01:11","modified_gmt":"2026-02-25T00:01:11","slug":"spremnik-za-gorivo-za-napajanje-s-kotacima-59lt","status":"publish","type":"product","link":"https:\/\/stoic-curie.212-227-153-4.plesk.page\/hr\/product\/spremnik-za-gorivo-za-napajanje-s-kotacima-59lt\/","title":{"rendered":"Spremnik za gorivo za napajanje s kota\u010dima 59lt"},"content":{"rendered":"<p>Spremnik za gorivo za napajanje s kota\u010dima 59lt &#8211; <\/p>\n<p>Rezervoar za gorivo na kota\u010dima za servis. Potpuno s ventilacijom, zatvara\u010dem i fleksibilnom crijevom od 3 metra. Pi\u0161tolj za prskanje s protokom od 8 Lt\/min, zahvaljuju\u0107i ugra\u0111enoj pumpi, omogu\u0107uje punjenje gravitacijom i vertikalno punjenje. Odobreno od strane UN-a za cestovni prijevoz.<\/p>\n","protected":false},"excerpt":{"rendered":"<p>Spremnik za gorivo za napajanje s kota\u010dima 59lt &#8211; Rezervoar za gorivo na kota\u010dima za servis. Potpuno s ventilacijom, zatvara\u010dem<\/p>\n","protected":false},"featured_media":5945771,"comment_status":"open","ping_status":"closed","template":"","meta":[],"product_brand":[2856],"product_cat":[1827,1800],"product_tag":[],"class_list":{"0":"post-743940","1":"product","2":"type-product","3":"status-publish","4":"has-post-thumbnail","6":"product_brand-can-marine-hr","7":"product_cat-dodatna-oprema-za-vanbrodske-motore","8":"product_cat-spremnici-goriva","10":"first","11":"instock","12":"shipping-taxable","13":"purchasable","14":"product-type-simple"},"_links":{"self":[{"href":"https:\/\/stoic-curie.212-227-153-4.plesk.page\/hr\/wp-json\/wp\/v2\/product\/743940","targetHints":{"allow":["GET"]}}],"collection":[{"href":"https:\/\/stoic-curie.212-227-153-4.plesk.page\/hr\/wp-json\/wp\/v2\/product"}],"about":[{"href":"https:\/\/stoic-curie.212-227-153-4.plesk.page\/hr\/wp-json\/wp\/v2\/types\/product"}],"replies":[{"embeddable":true,"href":"https:\/\/stoic-curie.212-227-153-4.plesk.page\/hr\/wp-json\/wp\/v2\/comments?post=743940"}],"version-history":[{"count":0,"href":"https:\/\/stoic-curie.212-227-153-4.plesk.page\/hr\/wp-json\/wp\/v2\/product\/743940\/revisions"}],"wp:featuredmedia":[{"embeddable":true,"href":"https:\/\/stoic-curie.212-227-153-4.plesk.page\/hr\/wp-json\/wp\/v2\/media\/5945771"}],"wp:attachment":[{"href":"https:\/\/stoic-curie.212-227-153-4.plesk.page\/hr\/wp-json\/wp\/v2\/media?parent=743940"}],"wp:term":[{"taxonomy":"product_brand","embeddable":true,"href":"https:\/\/stoic-curie.212-227-153-4.plesk.page\/hr\/wp-json\/wp\/v2\/product_brand?post=743940"},{"taxonomy":"product_cat","embeddable":true,"href":"https:\/\/stoic-curie.212-227-153-4.plesk.page\/hr\/wp-json\/wp\/v2\/product_cat?post=743940"},{"taxonomy":"product_tag","embeddable":true,"href":"https:\/\/stoic-curie.212-227-153-4.plesk.page\/hr\/wp-json\/wp\/v2\/product_tag?post=743940"}],"curies":[{"name":"wp","href":"https:\/\/api.w.org\/{rel}","templated":true}]}}