{"id":743945,"date":"2025-03-03T18:48:44","date_gmt":"2025-03-03T17:48:44","guid":{"rendered":"https:\/\/stoic-curie.212-227-153-4.plesk.page\/producto\/griffin-gtb681ds4ma-dual-diesel-filter-75-1000-ma\/"},"modified":"2026-02-25T00:01:11","modified_gmt":"2026-02-25T00:01:11","slug":"griffin-gtb681ds4ma-dual-diesel-filter-75-1000-ma","status":"publish","type":"product","link":"https:\/\/stoic-curie.212-227-153-4.plesk.page\/hr\/product\/griffin-gtb681ds4ma-dual-diesel-filter-75-1000-ma\/","title":{"rendered":"Griffin GTB681DS4MA Dual Diesel filter 75\/1000 ma"},"content":{"rendered":"<p>Griffin GTB681DS4MA Dual Diesel filter 75\/1000 ma &#8211; <\/p>\n<p>Predstavljamo Griffin GTB681DM-S4MA dvostruki dizelski filtr, koji sadr\u017ei MICROBLOC vi\u0161eslojne filtracijske elemente koji posti\u017eu impresivnu u\u010dinkovitost od 99,8% u odvajanju vode od dizelskog goriva. Ovaj model nudi performanse usporedive s Racor 75\/1000 MA, ali po znatno ni\u017eoj cijeni \u2013 50% manje.<\/p>\n<p><strong>Specifikacije:<\/strong><\/p>\n<ul>\n<li><strong>Model:<\/strong> GTB681DM-S4MA<\/li>\n<li><strong>Priklju\u010dak za gorivo:<\/strong> 7\/8 \u2013 14\u201d UNF<\/li>\n<li><strong>Protoka:<\/strong> 1363 LPH \/ 360 GPH<\/li>\n<li><strong>Prostor za servis:<\/strong> 254 mm<\/li>\n<li><strong>Visina:<\/strong> 542 mm<\/li>\n<li><strong>\u0160irina:<\/strong> 476 mm<\/li>\n<li><strong>Dubina:<\/strong> 253 mm<\/li>\n<li><strong>Neto te\u017eina:<\/strong> 12,8 kg<\/li>\n<li><strong>Radna temperatura:<\/strong> -20 \u02daC do +121 \u02daC<\/li>\n<li><strong>Pritisak \u010diste tvari:<\/strong> 25,5 kPa<\/li>\n<li><strong>Maksimalni radni tlak:<\/strong> 103 kPa<\/li>\n<li><strong>Grijni ure\u0111aj:<\/strong> Opcionalno<\/li>\n<li><strong>Senzor za vodu:<\/strong> Opcionalno<\/li>\n<\/ul>\n<p><strong>Kri\u017ena referenca:<\/strong><\/p>\n<ul>\n<li>75\/1000 MA<\/li>\n<li>G1000 DMS4-MA<\/li>\n<\/ul>\n<p><strong>Zamjenski elementi:<\/strong><\/p>\n<ul>\n<li>GTB68-2<\/li>\n<li>GTB68-10<\/li>\n<li>GTB68-30<\/li>\n<\/ul>\n<p><strong>Jasan rezervoar za upotrebu s benzinom:<\/strong><\/p>\n<ul>\n<li>PCB36MG<\/li>\n<\/ul>\n<p><strong>Za\u0161titna plo\u010da za toplinu:<\/strong><\/p>\n<ul>\n<li>PHDS36MA<\/li>\n<\/ul>\n<p>Ovaj filtr je dizajniran za pouzdanu izvedbu i dugotrajnost, \u0161to ga \u010dini izvrsnim izborom za vlasnike brodova u potrazi za visokokvalitetnim rje\u0161enjima za filtraciju goriva.<\/p>\n","protected":false},"excerpt":{"rendered":"<p>Griffin GTB681DS4MA Dual Diesel filter 75\/1000 ma &#8211; Predstavljamo Griffin GTB681DM-S4MA dvostruki dizelski filtr, koji sadr\u017ei MICROBLOC vi\u0161eslojne filtracijske elemente<\/p>\n","protected":false},"featured_media":5941367,"comment_status":"open","ping_status":"closed","template":"","meta":[],"product_brand":[2986],"product_cat":[1797,1829],"product_tag":[],"class_list":{"0":"post-743945","1":"product","2":"type-product","3":"status-publish","4":"has-post-thumbnail","6":"product_brand-griffin-hr","7":"product_cat-filtri-separatora-vode-za-gorivo","8":"product_cat-rezervni-dijelovi-za-motore-volvo-penta","10":"first","11":"instock","12":"shipping-taxable","13":"purchasable","14":"product-type-simple"},"_links":{"self":[{"href":"https:\/\/stoic-curie.212-227-153-4.plesk.page\/hr\/wp-json\/wp\/v2\/product\/743945","targetHints":{"allow":["GET"]}}],"collection":[{"href":"https:\/\/stoic-curie.212-227-153-4.plesk.page\/hr\/wp-json\/wp\/v2\/product"}],"about":[{"href":"https:\/\/stoic-curie.212-227-153-4.plesk.page\/hr\/wp-json\/wp\/v2\/types\/product"}],"replies":[{"embeddable":true,"href":"https:\/\/stoic-curie.212-227-153-4.plesk.page\/hr\/wp-json\/wp\/v2\/comments?post=743945"}],"version-history":[{"count":0,"href":"https:\/\/stoic-curie.212-227-153-4.plesk.page\/hr\/wp-json\/wp\/v2\/product\/743945\/revisions"}],"wp:featuredmedia":[{"embeddable":true,"href":"https:\/\/stoic-curie.212-227-153-4.plesk.page\/hr\/wp-json\/wp\/v2\/media\/5941367"}],"wp:attachment":[{"href":"https:\/\/stoic-curie.212-227-153-4.plesk.page\/hr\/wp-json\/wp\/v2\/media?parent=743945"}],"wp:term":[{"taxonomy":"product_brand","embeddable":true,"href":"https:\/\/stoic-curie.212-227-153-4.plesk.page\/hr\/wp-json\/wp\/v2\/product_brand?post=743945"},{"taxonomy":"product_cat","embeddable":true,"href":"https:\/\/stoic-curie.212-227-153-4.plesk.page\/hr\/wp-json\/wp\/v2\/product_cat?post=743945"},{"taxonomy":"product_tag","embeddable":true,"href":"https:\/\/stoic-curie.212-227-153-4.plesk.page\/hr\/wp-json\/wp\/v2\/product_tag?post=743945"}],"curies":[{"name":"wp","href":"https:\/\/api.w.org\/{rel}","templated":true}]}}