{"id":743947,"date":"2025-03-03T18:48:45","date_gmt":"2025-03-03T17:48:45","guid":{"rendered":"https:\/\/stoic-curie.212-227-153-4.plesk.page\/producto\/hidrodinamicka-krila-stingray-airo-4-300-ks\/"},"modified":"2026-02-25T00:01:11","modified_gmt":"2026-02-25T00:01:11","slug":"hidrodinamicka-krila-stingray-airo-4-300-ks","status":"publish","type":"product","link":"https:\/\/stoic-curie.212-227-153-4.plesk.page\/hr\/product\/hidrodinamicka-krila-stingray-airo-4-300-ks\/","title":{"rendered":"Hidrodinami\u010dka krila StingRay Airo 4-300 ks."},"content":{"rendered":"<p>Hidrodinami\u010dka krila StingRay Airo 4-300 ks. &#8211; <\/p>\n<p>StingRay Airo hidrofoilovi su pogodni za sve vrste \u010damaca, od gumenjaka s vanbrodskim motorom, preko \u010damaca za u\u017eivanje i ribolov, do motornih \u010damaca s sterndriveom. Izra\u0111eni su od hidrofobnog, vodootpornog materijala koji ne stvara trenje. Montiraju se u dva dijela s 4 rupe na plo\u010di kavitation.<br \/>&#8211; U\u0161tedite novac u\u0161tedom goriva<br \/>&#8211; Do\u0111ite do ravnote\u017ee u pola vremena<br \/>&#8211; Odr\u017eavajte \u010damac na ravnote\u017ei s mnogo ni\u017eim okretajima motora<br \/>&#8211; Stabilizirajte \u010damac<br \/>&#8211; Smanjite chinewalking, kavitation i ventilaciju<\/p>\n","protected":false},"excerpt":{"rendered":"<p>Hidrodinami\u010dka krila StingRay Airo 4-300 ks. &#8211; StingRay Airo hidrofoilovi su pogodni za sve vrste \u010damaca, od gumenjaka s vanbrodskim<\/p>\n","protected":false},"featured_media":5945782,"comment_status":"open","ping_status":"closed","template":"","meta":[],"product_brand":[3441],"product_cat":[1827,1806],"product_tag":[],"class_list":{"0":"post-743947","1":"product","2":"type-product","3":"status-publish","4":"has-post-thumbnail","6":"product_brand-stingray-hr","7":"product_cat-dodatna-oprema-za-vanbrodske-motore","8":"product_cat-trim-ploce","10":"first","11":"outofstock","12":"shipping-taxable","13":"purchasable","14":"product-type-simple"},"_links":{"self":[{"href":"https:\/\/stoic-curie.212-227-153-4.plesk.page\/hr\/wp-json\/wp\/v2\/product\/743947","targetHints":{"allow":["GET"]}}],"collection":[{"href":"https:\/\/stoic-curie.212-227-153-4.plesk.page\/hr\/wp-json\/wp\/v2\/product"}],"about":[{"href":"https:\/\/stoic-curie.212-227-153-4.plesk.page\/hr\/wp-json\/wp\/v2\/types\/product"}],"replies":[{"embeddable":true,"href":"https:\/\/stoic-curie.212-227-153-4.plesk.page\/hr\/wp-json\/wp\/v2\/comments?post=743947"}],"version-history":[{"count":0,"href":"https:\/\/stoic-curie.212-227-153-4.plesk.page\/hr\/wp-json\/wp\/v2\/product\/743947\/revisions"}],"wp:featuredmedia":[{"embeddable":true,"href":"https:\/\/stoic-curie.212-227-153-4.plesk.page\/hr\/wp-json\/wp\/v2\/media\/5945782"}],"wp:attachment":[{"href":"https:\/\/stoic-curie.212-227-153-4.plesk.page\/hr\/wp-json\/wp\/v2\/media?parent=743947"}],"wp:term":[{"taxonomy":"product_brand","embeddable":true,"href":"https:\/\/stoic-curie.212-227-153-4.plesk.page\/hr\/wp-json\/wp\/v2\/product_brand?post=743947"},{"taxonomy":"product_cat","embeddable":true,"href":"https:\/\/stoic-curie.212-227-153-4.plesk.page\/hr\/wp-json\/wp\/v2\/product_cat?post=743947"},{"taxonomy":"product_tag","embeddable":true,"href":"https:\/\/stoic-curie.212-227-153-4.plesk.page\/hr\/wp-json\/wp\/v2\/product_tag?post=743947"}],"curies":[{"name":"wp","href":"https:\/\/api.w.org\/{rel}","templated":true}]}}