{"id":743949,"date":"2025-03-03T18:48:45","date_gmt":"2025-03-03T17:48:45","guid":{"rendered":"https:\/\/stoic-curie.212-227-153-4.plesk.page\/producto\/trim-ploce-od-nehrdajuceg-celika-450-x-300-mm\/"},"modified":"2026-02-25T00:01:11","modified_gmt":"2026-02-25T00:01:11","slug":"trim-ploce-od-nehrdajuceg-celika-450-x-300-mm","status":"publish","type":"product","link":"https:\/\/stoic-curie.212-227-153-4.plesk.page\/hr\/product\/trim-ploce-od-nehrdajuceg-celika-450-x-300-mm\/","title":{"rendered":"Trim plo\u010de od nehr\u0111aju\u0107eg \u010delika 450 x 300 mm"},"content":{"rendered":"<p>Trim plo\u010de od nehr\u0111aju\u0107eg \u010delika 450 x 300 mm &#8211; <\/p>\n<p>Trim tabovi od nehr\u0111aju\u0107eg \u010delika. <br \/> Montira se s jednim aktuatorom po tabu. <br \/> Aktuatori nisu uklju\u010deni.<\/p>\n","protected":false},"excerpt":{"rendered":"<p>Trim plo\u010de od nehr\u0111aju\u0107eg \u010delika 450 x 300 mm &#8211; Trim tabovi od nehr\u0111aju\u0107eg \u010delika. Montira se s jednim aktuatorom<\/p>\n","protected":false},"featured_media":5945788,"comment_status":"open","ping_status":"closed","template":"","meta":[],"product_brand":[2821],"product_cat":[1806],"product_tag":[],"class_list":{"0":"post-743949","1":"product","2":"type-product","3":"status-publish","4":"has-post-thumbnail","6":"product_brand-bennett-marine-hr","7":"product_cat-trim-ploce","9":"first","10":"instock","11":"shipping-taxable","12":"purchasable","13":"product-type-simple"},"_links":{"self":[{"href":"https:\/\/stoic-curie.212-227-153-4.plesk.page\/hr\/wp-json\/wp\/v2\/product\/743949","targetHints":{"allow":["GET"]}}],"collection":[{"href":"https:\/\/stoic-curie.212-227-153-4.plesk.page\/hr\/wp-json\/wp\/v2\/product"}],"about":[{"href":"https:\/\/stoic-curie.212-227-153-4.plesk.page\/hr\/wp-json\/wp\/v2\/types\/product"}],"replies":[{"embeddable":true,"href":"https:\/\/stoic-curie.212-227-153-4.plesk.page\/hr\/wp-json\/wp\/v2\/comments?post=743949"}],"version-history":[{"count":0,"href":"https:\/\/stoic-curie.212-227-153-4.plesk.page\/hr\/wp-json\/wp\/v2\/product\/743949\/revisions"}],"wp:featuredmedia":[{"embeddable":true,"href":"https:\/\/stoic-curie.212-227-153-4.plesk.page\/hr\/wp-json\/wp\/v2\/media\/5945788"}],"wp:attachment":[{"href":"https:\/\/stoic-curie.212-227-153-4.plesk.page\/hr\/wp-json\/wp\/v2\/media?parent=743949"}],"wp:term":[{"taxonomy":"product_brand","embeddable":true,"href":"https:\/\/stoic-curie.212-227-153-4.plesk.page\/hr\/wp-json\/wp\/v2\/product_brand?post=743949"},{"taxonomy":"product_cat","embeddable":true,"href":"https:\/\/stoic-curie.212-227-153-4.plesk.page\/hr\/wp-json\/wp\/v2\/product_cat?post=743949"},{"taxonomy":"product_tag","embeddable":true,"href":"https:\/\/stoic-curie.212-227-153-4.plesk.page\/hr\/wp-json\/wp\/v2\/product_tag?post=743949"}],"curies":[{"name":"wp","href":"https:\/\/api.w.org\/{rel}","templated":true}]}}