{"id":743951,"date":"2025-03-03T18:48:46","date_gmt":"2025-03-03T17:48:46","guid":{"rendered":"https:\/\/stoic-curie.212-227-153-4.plesk.page\/producto\/kit-eic5000-bennett-12v-za-2-aktuatora\/"},"modified":"2026-02-25T00:01:11","modified_gmt":"2026-02-25T00:01:11","slug":"kit-eic5000-bennett-12v-za-2-aktuatora","status":"publish","type":"product","link":"https:\/\/stoic-curie.212-227-153-4.plesk.page\/hr\/product\/kit-eic5000-bennett-12v-za-2-aktuatora\/","title":{"rendered":"Kit EIC5000 Bennett za hidrauli\u010dke sustave"},"content":{"rendered":"<p>Kit EIC5000 Bennett za hidrauli\u010dke sustave &#8211; <\/p>\n<p style=\"color: rgb(34, 34, 34); font-family: Arial, Helvetica, sans-serif; font-size: small;\">Predstavljamo Bennett EIC5000 elektronski kontrolni kit za indikatore, dizajniran za brodove opremljene Bennett trim tabovima. Ovaj kit radi na 12\/24V i ima prekida\u010de s kamen\u010di\u0107ima, LED indikatore, regulaciju svjetline i ugra\u0111eni automatski retractor tabova (ATR) unutar panela.<\/p>\n<p style=\"color: rgb(34, 34, 34); font-family: Arial, Helvetica, sans-serif; font-size: small;\">Pakiranje uklju\u010duje dva prednji zup\u010danika sa senzorima i kablove za povezivanje, \u0161to omogu\u0107uje jednostavnu instalaciju na svaki brod sa Bennett flapovima. ATR automatski uvla\u010di flapove kada se ukloni klju\u010d za paljenje, osiguravaju\u0107i sigurnost i lako\u0107u kori\u0161tenja.<\/p>\n<p style=\"color: rgb(34, 34, 34); font-family: Arial, Helvetica, sans-serif; font-size: small;\">Ovaj svestrani kit kombinira tri osnovne funkcije: prekida\u010d za trim tab, indikator polo\u017eaja trim tab-a i kontrolu automatskog retractor tab-a.<\/p>\n<p style=\"color: rgb(34, 34, 34); font-family: Arial, Helvetica, sans-serif; font-size: small;\">Uklju\u010dene funkcije u kitu su:<\/p>\n<ul style=\"color: rgb(34, 34, 34); font-family: Arial, Helvetica, sans-serif; font-size: small;\">\n<li>EIC prekida\u010d\/zaslon<\/li>\n<li>EIC relejna jedinica<\/li>\n<li>Two gornja zaslona senzora (lijeva i desna) s kablovima od 10 stopa<\/li>\n<li>Jedan EIC kabel koji povezuje modul s zaslonom<\/li>\n<li>EIC instalacijski pribor<\/li>\n<\/ul>\n<p style=\"color: rgb(34, 34, 34); font-family: Arial, Helvetica, sans-serif; font-size: small;\">Klju\u010dne zna\u010dajke:<\/p>\n<ul style=\"color: rgb(34, 34, 34); font-family: Arial, Helvetica, sans-serif; font-size: small;\">\n<li>Radi na 12 volti<\/li>\n<li>Vodootporni prekida\u010d i konektori dizajnirani su da odole koroziji<\/li>\n<li>Dimmable LED-ovi za optimalnu vidljivost tijekom dana i no\u0107i<\/li>\n<li>Relejna jedinica montirana blizu krme kako bi se minimiziralo o\u017ei\u010denje do upravlja\u010dkog stola<\/li>\n<li>Automatska funkcija uvla\u010denja koja \u0161titi tabove od o\u0161te\u0107enja kada je napajanje isklju\u010deno, posebno tijekom transporta<\/li>\n<\/ul>\n<p style=\"color: rgb(34, 34, 34); font-family: Arial, Helvetica, sans-serif; font-size: small;\">U\u017eivajte u miru s tri godine garancije.<\/p>\n","protected":false},"excerpt":{"rendered":"<p>Kit EIC5000 Bennett za hidrauli\u010dke sustave &#8211; Predstavljamo Bennett EIC5000 elektronski kontrolni kit za indikatore, dizajniran za brodove opremljene Bennett<\/p>\n","protected":false},"featured_media":5945789,"comment_status":"open","ping_status":"closed","template":"","meta":[],"product_brand":[2821],"product_cat":[1806],"product_tag":[],"class_list":{"0":"post-743951","1":"product","2":"type-product","3":"status-publish","4":"has-post-thumbnail","6":"product_brand-bennett-marine-hr","7":"product_cat-trim-ploce","9":"first","10":"instock","11":"shipping-taxable","12":"purchasable","13":"product-type-simple"},"_links":{"self":[{"href":"https:\/\/stoic-curie.212-227-153-4.plesk.page\/hr\/wp-json\/wp\/v2\/product\/743951","targetHints":{"allow":["GET"]}}],"collection":[{"href":"https:\/\/stoic-curie.212-227-153-4.plesk.page\/hr\/wp-json\/wp\/v2\/product"}],"about":[{"href":"https:\/\/stoic-curie.212-227-153-4.plesk.page\/hr\/wp-json\/wp\/v2\/types\/product"}],"replies":[{"embeddable":true,"href":"https:\/\/stoic-curie.212-227-153-4.plesk.page\/hr\/wp-json\/wp\/v2\/comments?post=743951"}],"version-history":[{"count":0,"href":"https:\/\/stoic-curie.212-227-153-4.plesk.page\/hr\/wp-json\/wp\/v2\/product\/743951\/revisions"}],"wp:featuredmedia":[{"embeddable":true,"href":"https:\/\/stoic-curie.212-227-153-4.plesk.page\/hr\/wp-json\/wp\/v2\/media\/5945789"}],"wp:attachment":[{"href":"https:\/\/stoic-curie.212-227-153-4.plesk.page\/hr\/wp-json\/wp\/v2\/media?parent=743951"}],"wp:term":[{"taxonomy":"product_brand","embeddable":true,"href":"https:\/\/stoic-curie.212-227-153-4.plesk.page\/hr\/wp-json\/wp\/v2\/product_brand?post=743951"},{"taxonomy":"product_cat","embeddable":true,"href":"https:\/\/stoic-curie.212-227-153-4.plesk.page\/hr\/wp-json\/wp\/v2\/product_cat?post=743951"},{"taxonomy":"product_tag","embeddable":true,"href":"https:\/\/stoic-curie.212-227-153-4.plesk.page\/hr\/wp-json\/wp\/v2\/product_tag?post=743951"}],"curies":[{"name":"wp","href":"https:\/\/api.w.org\/{rel}","templated":true}]}}