{"id":743952,"date":"2025-03-03T18:48:46","date_gmt":"2025-03-03T17:48:46","guid":{"rendered":"https:\/\/stoic-curie.212-227-153-4.plesk.page\/producto\/kit-eic5000-bennett-12v-za-4-aktuatora\/"},"modified":"2026-02-25T00:01:11","modified_gmt":"2026-02-25T00:01:11","slug":"kit-eic5000-bennett-12v-za-4-aktuatora","status":"publish","type":"product","link":"https:\/\/stoic-curie.212-227-153-4.plesk.page\/hr\/product\/kit-eic5000-bennett-12v-za-4-aktuatora\/","title":{"rendered":"Kit EIC5000 Bennett for Electric Systems"},"content":{"rendered":"<p>Kit EIC5000 Bennett for Electric Systems &#8211; <\/p>\n<p style=\"color: rgb(34, 34, 34); font-family: Arial, Helvetica, sans-serif; font-size: small;\">Predstavljamo OBI Bennett Trim Indicator, dizajniran za 12\/24V sustave. Ova jedinica sadr\u017ei rocker tipke, LED indikatore, regulator svjetline i integrirani Auto Tab Retractor (ATR) unutar panela. Dolazi s dvije hidrauli\u010dne \u0161arke opremljene senzorima i kabelima za spajanje. Ovaj sustav se mo\u017ee lako instalirati na svaki \u010damac s Bennett krilima, a ATR automatski povla\u010di krila kada se klju\u010d za paljenje ukloni.<\/p>\n<p style=\"color: rgb(34, 34, 34); font-family: Arial, Helvetica, sans-serif; font-size: small;\">Bennett EIC5000 Elektroni\u010dka kontrola indikatora kombinira tri osnovne funkcije u jednoj jedinici: prekida\u010d s mekim dodirom za trim tab, pokaziva\u010d pozicije trim taba i kontrolu automatskog povla\u010denja trim taba. Kit uklju\u010duje EIC prekida\u010d\/zaslon, EIC relejni modul, dva senzora gornjih \u0161arki (za lijevu i desnu stranu) s \u017eicama dugim 10 stopa, EIC kabel koji povezuje modul s zaslonom i sav potreban monta\u017eni materijal.<\/p>\n<p style=\"color: rgb(34, 34, 34); font-family: Arial, Helvetica, sans-serif; font-size: small;\">Ovaj sustav radi na 12 volti i sadr\u017ei vodootporne prekida\u010de i konektore koji su dizajnirani da izdr\u017ee koroziju. Dimmable LED svjetla u indikatoru osiguravaju vidljivost tijekom dana i no\u0107i. Relejski modul, montiran blizu krme, smanjuje broj \u017eica koje vode do kormila. Osim toga, zna\u010dajka automatskog povla\u010denja automatski povla\u010di krila kada se isklju\u010di napajanje kako bi se sprije\u010dila o\u0161te\u0107enja tijekom transporta. U\u017eivajte u miru uma uz trogodi\u0161nje jamstvo.<\/p>\n","protected":false},"excerpt":{"rendered":"<p>Kit EIC5000 Bennett for Electric Systems &#8211; Predstavljamo OBI Bennett Trim Indicator, dizajniran za 12\/24V sustave. Ova jedinica sadr\u017ei rocker<\/p>\n","protected":false},"featured_media":5945789,"comment_status":"open","ping_status":"closed","template":"","meta":[],"product_brand":[2821],"product_cat":[1806],"product_tag":[],"class_list":{"0":"post-743952","1":"product","2":"type-product","3":"status-publish","4":"has-post-thumbnail","6":"product_brand-bennett-marine-hr","7":"product_cat-trim-ploce","9":"first","10":"instock","11":"shipping-taxable","12":"purchasable","13":"product-type-simple"},"_links":{"self":[{"href":"https:\/\/stoic-curie.212-227-153-4.plesk.page\/hr\/wp-json\/wp\/v2\/product\/743952","targetHints":{"allow":["GET"]}}],"collection":[{"href":"https:\/\/stoic-curie.212-227-153-4.plesk.page\/hr\/wp-json\/wp\/v2\/product"}],"about":[{"href":"https:\/\/stoic-curie.212-227-153-4.plesk.page\/hr\/wp-json\/wp\/v2\/types\/product"}],"replies":[{"embeddable":true,"href":"https:\/\/stoic-curie.212-227-153-4.plesk.page\/hr\/wp-json\/wp\/v2\/comments?post=743952"}],"version-history":[{"count":0,"href":"https:\/\/stoic-curie.212-227-153-4.plesk.page\/hr\/wp-json\/wp\/v2\/product\/743952\/revisions"}],"wp:featuredmedia":[{"embeddable":true,"href":"https:\/\/stoic-curie.212-227-153-4.plesk.page\/hr\/wp-json\/wp\/v2\/media\/5945789"}],"wp:attachment":[{"href":"https:\/\/stoic-curie.212-227-153-4.plesk.page\/hr\/wp-json\/wp\/v2\/media?parent=743952"}],"wp:term":[{"taxonomy":"product_brand","embeddable":true,"href":"https:\/\/stoic-curie.212-227-153-4.plesk.page\/hr\/wp-json\/wp\/v2\/product_brand?post=743952"},{"taxonomy":"product_cat","embeddable":true,"href":"https:\/\/stoic-curie.212-227-153-4.plesk.page\/hr\/wp-json\/wp\/v2\/product_cat?post=743952"},{"taxonomy":"product_tag","embeddable":true,"href":"https:\/\/stoic-curie.212-227-153-4.plesk.page\/hr\/wp-json\/wp\/v2\/product_tag?post=743952"}],"curies":[{"name":"wp","href":"https:\/\/api.w.org\/{rel}","templated":true}]}}