{"id":743953,"date":"2025-03-03T18:48:46","date_gmt":"2025-03-03T17:48:46","guid":{"rendered":"https:\/\/stoic-curie.212-227-153-4.plesk.page\/producto\/bennett-autotrim-pro-za-hidraulicne-sustave\/"},"modified":"2026-02-25T00:01:11","modified_gmt":"2026-02-25T00:01:11","slug":"bennett-autotrim-pro-za-hidraulicne-sustave","status":"publish","type":"product","link":"https:\/\/stoic-curie.212-227-153-4.plesk.page\/hr\/product\/bennett-autotrim-pro-za-hidraulicne-sustave\/","title":{"rendered":"Bennett autotrim Pro za hidrauli\u010dne sustave"},"content":{"rendered":"<p>Bennett autotrim Pro za hidrauli\u010dne sustave  &#8211; <\/p>\n<p>Bennett AutoTrim Pro za sustave hidrauli\u010dnih trim tablica<\/p>\n<p>AutoTrim Pro automatski poravnava nagib i roll va\u0161e broda pode\u0161avanjem trim tablica na temelju promjena u brzini, uvjetima na moru i premje\u0161tanju te\u017eine. Mo\u017eete u\u017eivati u jednostavnosti vo\u017enje u automatskom modu ili prebaciti se na puni ru\u010dni na\u010din kad god to po\u017eelite.<\/p>\n<p>Pametne zna\u010dajke za ugodniju vo\u017enju:<\/p>\n<ul>\n<li><strong>Automatska kontrola trim tablica:<\/strong> Automatski smanjuje podizanje pramca i ispravlja sve liste.<\/li>\n<li><strong>Ru\u010dno upravljanje tablicama:<\/strong> Omogu\u0107uje vam ponovno preuzimanje ru\u010dne kontrole jednim dodirom gumba.<\/li>\n<li><strong>Indikacija polo\u017eaja trim tablica:<\/strong> Obavje\u0161tava vas o polo\u017eaju i aktivnosti trim tablica.<\/li>\n<li><strong>Gumbi &#8220;Sve gore&#8221; i &#8220;Sve dolje&#8221;:<\/strong> Omogu\u0107uju ru\u010dna pode\u0161avanja jednim dodirom.<\/li>\n<li><strong>Automatsko uvu\u010denje tablica:<\/strong> \u0160titi tablice tijekom skladi\u0161tenja i prijevoza.<\/li>\n<\/ul>\n<p><strong>Set uklju\u010duje: AP000A1HA<\/strong><\/p>\n<ul>\n<li>ATP prikaz s kormila<\/li>\n<li>ATP kontrolna jedinica za hidrauli\u010dke sustave<\/li>\n<li>Produ\u017eni kabel od 25 stopa<\/li>\n<li>Sav potreban pribor<\/li>\n<\/ul>\n","protected":false},"excerpt":{"rendered":"<p>Bennett autotrim Pro za hidrauli\u010dne sustave &#8211; Bennett AutoTrim Pro za sustave hidrauli\u010dnih trim tablica AutoTrim Pro automatski poravnava nagib<\/p>\n","protected":false},"featured_media":5945792,"comment_status":"open","ping_status":"closed","template":"","meta":[],"product_brand":[2821],"product_cat":[1806],"product_tag":[],"class_list":{"0":"post-743953","1":"product","2":"type-product","3":"status-publish","4":"has-post-thumbnail","6":"product_brand-bennett-marine-hr","7":"product_cat-trim-ploce","9":"first","10":"instock","11":"shipping-taxable","12":"purchasable","13":"product-type-simple"},"_links":{"self":[{"href":"https:\/\/stoic-curie.212-227-153-4.plesk.page\/hr\/wp-json\/wp\/v2\/product\/743953","targetHints":{"allow":["GET"]}}],"collection":[{"href":"https:\/\/stoic-curie.212-227-153-4.plesk.page\/hr\/wp-json\/wp\/v2\/product"}],"about":[{"href":"https:\/\/stoic-curie.212-227-153-4.plesk.page\/hr\/wp-json\/wp\/v2\/types\/product"}],"replies":[{"embeddable":true,"href":"https:\/\/stoic-curie.212-227-153-4.plesk.page\/hr\/wp-json\/wp\/v2\/comments?post=743953"}],"version-history":[{"count":0,"href":"https:\/\/stoic-curie.212-227-153-4.plesk.page\/hr\/wp-json\/wp\/v2\/product\/743953\/revisions"}],"wp:featuredmedia":[{"embeddable":true,"href":"https:\/\/stoic-curie.212-227-153-4.plesk.page\/hr\/wp-json\/wp\/v2\/media\/5945792"}],"wp:attachment":[{"href":"https:\/\/stoic-curie.212-227-153-4.plesk.page\/hr\/wp-json\/wp\/v2\/media?parent=743953"}],"wp:term":[{"taxonomy":"product_brand","embeddable":true,"href":"https:\/\/stoic-curie.212-227-153-4.plesk.page\/hr\/wp-json\/wp\/v2\/product_brand?post=743953"},{"taxonomy":"product_cat","embeddable":true,"href":"https:\/\/stoic-curie.212-227-153-4.plesk.page\/hr\/wp-json\/wp\/v2\/product_cat?post=743953"},{"taxonomy":"product_tag","embeddable":true,"href":"https:\/\/stoic-curie.212-227-153-4.plesk.page\/hr\/wp-json\/wp\/v2\/product_tag?post=743953"}],"curies":[{"name":"wp","href":"https:\/\/api.w.org\/{rel}","templated":true}]}}