{"id":743954,"date":"2025-03-03T18:48:46","date_gmt":"2025-03-03T17:48:46","guid":{"rendered":"https:\/\/stoic-curie.212-227-153-4.plesk.page\/producto\/bennett-autotrim-pro-za-elektricne-sustave\/"},"modified":"2026-02-25T00:01:11","modified_gmt":"2026-02-25T00:01:11","slug":"bennett-autotrim-pro-za-elektricne-sustave","status":"publish","type":"product","link":"https:\/\/stoic-curie.212-227-153-4.plesk.page\/hr\/product\/bennett-autotrim-pro-za-elektricne-sustave\/","title":{"rendered":"Bennett autotrim Pro za elektricne sustave"},"content":{"rendered":"<p>Bennett autotrim Pro za elektricne sustave  &#8211; <\/p>\n<p>Bennett AutoTrim Pro za elektri\u010dne sustave trim tabova<\/p>\n<p>AutoTrim Pro automatski izravnava nagib i kut va\u0161eg \u010damca pode\u0161avanjem trim tabova na temelju promjena u brzini, uvjetima na moru i premje\u0161tanju te\u017eine. Mo\u017eete u\u017eivati u jednostavnosti vo\u017enje u automatskom na\u010dinu rada ili prebaciti na puni ru\u010dni na\u010din kad god to po\u017eelite.<\/p>\n<p>Pametne zna\u010dajke za ugodniju vo\u017enju:<\/p>\n<ul>\n<li><strong>Automatska kontrola trim tabova:<\/strong> Automatski smanjuje podizanje nosa i ispravlja bilo kakvu nagib.<\/li>\n<li><strong>Ru\u010dna kontrola tabova:<\/strong> Omogu\u0107uje vam da ponovno preuzmete ru\u010dnu kontrolu jednim pritiskom gumba.<\/li>\n<li><strong>Indikacija polo\u017eaja trim tabova:<\/strong> Obavje\u0161tava vas o polo\u017eaju i aktivnosti trim tabova.<\/li>\n<li><strong>Tipke &#8220;Sve gore&#8221; i &#8220;Sve dolje&#8221;:<\/strong> Omogu\u0107uju jednostavno ru\u010dno pode\u0161avanje jednim dodirom.<\/li>\n<li><strong>Automatsko povla\u010denje tabova:<\/strong> \u0160titi tabove tijekom pohrane i transporta.<\/li>\n<\/ul>\n<p>Komplet: AP000A1BC<\/p>\n<p>Uklju\u010deno u komplet:<\/p>\n<ul>\n<li>ATP prikaziva\u010d na upravlja\u010du<\/li>\n<li>ATP kontrolna jedinica za elektri\u010dne sustave<\/li>\n<li>Kabel produ\u017eetak od 25 stopa<\/li>\n<li>Sva potrebna oprema<\/li>\n<\/ul>\n","protected":false},"excerpt":{"rendered":"<p>Bennett autotrim Pro za elektricne sustave &#8211; Bennett AutoTrim Pro za elektri\u010dne sustave trim tabova AutoTrim Pro automatski izravnava nagib<\/p>\n","protected":false},"featured_media":5945798,"comment_status":"open","ping_status":"closed","template":"","meta":[],"product_brand":[2821],"product_cat":[1806],"product_tag":[],"class_list":{"0":"post-743954","1":"product","2":"type-product","3":"status-publish","4":"has-post-thumbnail","6":"product_brand-bennett-marine-hr","7":"product_cat-trim-ploce","9":"first","10":"instock","11":"shipping-taxable","12":"purchasable","13":"product-type-simple"},"_links":{"self":[{"href":"https:\/\/stoic-curie.212-227-153-4.plesk.page\/hr\/wp-json\/wp\/v2\/product\/743954","targetHints":{"allow":["GET"]}}],"collection":[{"href":"https:\/\/stoic-curie.212-227-153-4.plesk.page\/hr\/wp-json\/wp\/v2\/product"}],"about":[{"href":"https:\/\/stoic-curie.212-227-153-4.plesk.page\/hr\/wp-json\/wp\/v2\/types\/product"}],"replies":[{"embeddable":true,"href":"https:\/\/stoic-curie.212-227-153-4.plesk.page\/hr\/wp-json\/wp\/v2\/comments?post=743954"}],"version-history":[{"count":0,"href":"https:\/\/stoic-curie.212-227-153-4.plesk.page\/hr\/wp-json\/wp\/v2\/product\/743954\/revisions"}],"wp:featuredmedia":[{"embeddable":true,"href":"https:\/\/stoic-curie.212-227-153-4.plesk.page\/hr\/wp-json\/wp\/v2\/media\/5945798"}],"wp:attachment":[{"href":"https:\/\/stoic-curie.212-227-153-4.plesk.page\/hr\/wp-json\/wp\/v2\/media?parent=743954"}],"wp:term":[{"taxonomy":"product_brand","embeddable":true,"href":"https:\/\/stoic-curie.212-227-153-4.plesk.page\/hr\/wp-json\/wp\/v2\/product_brand?post=743954"},{"taxonomy":"product_cat","embeddable":true,"href":"https:\/\/stoic-curie.212-227-153-4.plesk.page\/hr\/wp-json\/wp\/v2\/product_cat?post=743954"},{"taxonomy":"product_tag","embeddable":true,"href":"https:\/\/stoic-curie.212-227-153-4.plesk.page\/hr\/wp-json\/wp\/v2\/product_tag?post=743954"}],"curies":[{"name":"wp","href":"https:\/\/api.w.org\/{rel}","templated":true}]}}