{"id":743958,"date":"2025-03-03T18:48:48","date_gmt":"2025-03-03T17:48:48","guid":{"rendered":"https:\/\/stoic-curie.212-227-153-4.plesk.page\/producto\/ultraflex-hytech-1-kit-za-hidraulicno-kormilarenje-snage-do-175-ks\/"},"modified":"2026-02-25T00:01:11","modified_gmt":"2026-02-25T00:01:11","slug":"ultraflex-hytech-1-kit-za-hidraulicno-kormilarenje-snage-do-175-ks","status":"publish","type":"product","link":"https:\/\/stoic-curie.212-227-153-4.plesk.page\/hr\/product\/ultraflex-hytech-1-kit-za-hidraulicno-kormilarenje-snage-do-175-ks\/","title":{"rendered":"Hidrauli\u010dno upravljanje Ultraflex Hytech 1"},"content":{"rendered":"<p>Hidrauli\u010dno upravljanje Ultraflex Hytech 1 &#8211; <\/p>\n<p>Sa zadovoljstvom predstavljamo Ultraflex Hytech1 sustav upravljanja, koji je pomno dizajniran za laganu instalaciju i optimalne performanse sa svim vanbrodskim motorima snage do 175HP. Ovaj sveobuhvatan komplet uklju\u010duje sve \u0161to vam treba za po\u010detak, a sadr\u017ei sljede\u0107e bitne komponente:<\/p>\n<ul>\n<li>1 UP20F pumpa za kormilo (model 4655002), koja osigurava glatku kontrolu upravljanja.<\/li>\n<li>2 litre visokokvalitetnog Ultraflex hidrauli\u010dnog ulja, potrebno za ispravno funkcioniranje sustava.<\/li>\n<li>1 UC95-OBF\/1 cilindar (model 4655010), koji igra klju\u010dnu ulogu u hidrauli\u010dkom mehanizmu upravljanja.<\/li>\n<\/ul>\n<p>Va\u017eno je napomenuti da je za u\u010dinkovito funkcioniranje ovog kompleta potrebno nabaviti i set od 2 hidrauli\u010dne cijevi i priklju\u010daka. Ove dodatne komponente su neophodne za potpunu funkcionalnost sustava upravljanja.<\/p>\n","protected":false},"excerpt":{"rendered":"<p>Hidrauli\u010dno upravljanje Ultraflex Hytech 1 &#8211; Sa zadovoljstvom predstavljamo Ultraflex Hytech1 sustav upravljanja, koji je pomno dizajniran za laganu instalaciju<\/p>\n","protected":false},"featured_media":5945803,"comment_status":"open","ping_status":"closed","template":"","meta":[],"product_brand":[3501],"product_cat":[1823],"product_tag":[],"class_list":{"0":"post-743958","1":"product","2":"type-product","3":"status-publish","4":"has-post-thumbnail","6":"product_brand-ultraflex-uflex-hr","7":"product_cat-hidraulicno-kormilarenje","9":"first","10":"instock","11":"shipping-taxable","12":"purchasable","13":"product-type-simple"},"_links":{"self":[{"href":"https:\/\/stoic-curie.212-227-153-4.plesk.page\/hr\/wp-json\/wp\/v2\/product\/743958","targetHints":{"allow":["GET"]}}],"collection":[{"href":"https:\/\/stoic-curie.212-227-153-4.plesk.page\/hr\/wp-json\/wp\/v2\/product"}],"about":[{"href":"https:\/\/stoic-curie.212-227-153-4.plesk.page\/hr\/wp-json\/wp\/v2\/types\/product"}],"replies":[{"embeddable":true,"href":"https:\/\/stoic-curie.212-227-153-4.plesk.page\/hr\/wp-json\/wp\/v2\/comments?post=743958"}],"version-history":[{"count":0,"href":"https:\/\/stoic-curie.212-227-153-4.plesk.page\/hr\/wp-json\/wp\/v2\/product\/743958\/revisions"}],"wp:featuredmedia":[{"embeddable":true,"href":"https:\/\/stoic-curie.212-227-153-4.plesk.page\/hr\/wp-json\/wp\/v2\/media\/5945803"}],"wp:attachment":[{"href":"https:\/\/stoic-curie.212-227-153-4.plesk.page\/hr\/wp-json\/wp\/v2\/media?parent=743958"}],"wp:term":[{"taxonomy":"product_brand","embeddable":true,"href":"https:\/\/stoic-curie.212-227-153-4.plesk.page\/hr\/wp-json\/wp\/v2\/product_brand?post=743958"},{"taxonomy":"product_cat","embeddable":true,"href":"https:\/\/stoic-curie.212-227-153-4.plesk.page\/hr\/wp-json\/wp\/v2\/product_cat?post=743958"},{"taxonomy":"product_tag","embeddable":true,"href":"https:\/\/stoic-curie.212-227-153-4.plesk.page\/hr\/wp-json\/wp\/v2\/product_tag?post=743958"}],"curies":[{"name":"wp","href":"https:\/\/api.w.org\/{rel}","templated":true}]}}