{"id":743959,"date":"2025-03-03T18:48:48","date_gmt":"2025-03-03T17:48:48","guid":{"rendered":"https:\/\/stoic-curie.212-227-153-4.plesk.page\/producto\/ultraflex-hytech-2-kit-za-hidraulicno-kormilarenje-snage-do-175-ks\/"},"modified":"2026-02-25T00:01:11","modified_gmt":"2026-02-25T00:01:11","slug":"ultraflex-hytech-2-kit-za-hidraulicno-kormilarenje-snage-do-175-ks","status":"publish","type":"product","link":"https:\/\/stoic-curie.212-227-153-4.plesk.page\/hr\/product\/ultraflex-hytech-2-kit-za-hidraulicno-kormilarenje-snage-do-175-ks\/","title":{"rendered":"Hidrauli\u010dko upravljanje Ultraflex Hytech 2"},"content":{"rendered":"<p>Hidrauli\u010dko upravljanje Ultraflex Hytech 2 &#8211; <\/p>\n<p>Sa zadovoljstvom predstavljamo Ultraflex Hytech2 upravlja\u010dki sustav, koji je pomno dizajniran za kori\u0161tenje s Mercury Optimax 75, 90 i 115 vanbrodskim motorima, kao i s Honda BF115D i BF175 modelima. Ovaj upravlja\u010dki sustav nije samo prakti\u010dan, ve\u0107 je i jednostavan za instalaciju, \u0161to ga \u010dini izvrsnim izborom za ljubitelje \u010damaca koji \u017eele pobolj\u0161ati svoje upravlja\u010dke sposobnosti. Kit uklju\u010duje sljede\u0107e klju\u010dne komponente:<\/p>\n<ul>\n<li>Jednu UP20F pompu (broj dijela 4655002) za pouzdanu kontrolu upravljanja.<\/li>\n<li>Ova litra visokokvalitetnog Ultraflex hidrauli\u010dkog ulja za osiguranje glatkog rada.<\/li>\n<li>Jedan UC95-OBF\/3 cilindra (broj dijela 4655009) za optimalne performanse.<\/li>\n<\/ul>\n<p>Va\u017eno je napomenuti da \u0107ete za dovr\u0161etak instalacije ovog kompleta tako\u0111er morati nabaviti set dva hidrauli\u010dna crijeva i fitinga koja nisu uklju\u010dena u paket.<\/p>\n","protected":false},"excerpt":{"rendered":"<p>Hidrauli\u010dko upravljanje Ultraflex Hytech 2 &#8211; Sa zadovoljstvom predstavljamo Ultraflex Hytech2 upravlja\u010dki sustav, koji je pomno dizajniran za kori\u0161tenje s<\/p>\n","protected":false},"featured_media":5945803,"comment_status":"open","ping_status":"closed","template":"","meta":[],"product_brand":[3501],"product_cat":[1823],"product_tag":[],"class_list":{"0":"post-743959","1":"product","2":"type-product","3":"status-publish","4":"has-post-thumbnail","6":"product_brand-ultraflex-uflex-hr","7":"product_cat-hidraulicno-kormilarenje","9":"first","10":"instock","11":"shipping-taxable","12":"purchasable","13":"product-type-simple"},"_links":{"self":[{"href":"https:\/\/stoic-curie.212-227-153-4.plesk.page\/hr\/wp-json\/wp\/v2\/product\/743959","targetHints":{"allow":["GET"]}}],"collection":[{"href":"https:\/\/stoic-curie.212-227-153-4.plesk.page\/hr\/wp-json\/wp\/v2\/product"}],"about":[{"href":"https:\/\/stoic-curie.212-227-153-4.plesk.page\/hr\/wp-json\/wp\/v2\/types\/product"}],"replies":[{"embeddable":true,"href":"https:\/\/stoic-curie.212-227-153-4.plesk.page\/hr\/wp-json\/wp\/v2\/comments?post=743959"}],"version-history":[{"count":0,"href":"https:\/\/stoic-curie.212-227-153-4.plesk.page\/hr\/wp-json\/wp\/v2\/product\/743959\/revisions"}],"wp:featuredmedia":[{"embeddable":true,"href":"https:\/\/stoic-curie.212-227-153-4.plesk.page\/hr\/wp-json\/wp\/v2\/media\/5945803"}],"wp:attachment":[{"href":"https:\/\/stoic-curie.212-227-153-4.plesk.page\/hr\/wp-json\/wp\/v2\/media?parent=743959"}],"wp:term":[{"taxonomy":"product_brand","embeddable":true,"href":"https:\/\/stoic-curie.212-227-153-4.plesk.page\/hr\/wp-json\/wp\/v2\/product_brand?post=743959"},{"taxonomy":"product_cat","embeddable":true,"href":"https:\/\/stoic-curie.212-227-153-4.plesk.page\/hr\/wp-json\/wp\/v2\/product_cat?post=743959"},{"taxonomy":"product_tag","embeddable":true,"href":"https:\/\/stoic-curie.212-227-153-4.plesk.page\/hr\/wp-json\/wp\/v2\/product_tag?post=743959"}],"curies":[{"name":"wp","href":"https:\/\/api.w.org\/{rel}","templated":true}]}}