{"id":743960,"date":"2025-03-03T18:48:48","date_gmt":"2025-03-03T17:48:48","guid":{"rendered":"https:\/\/stoic-curie.212-227-153-4.plesk.page\/producto\/hidraulicno-upravljanje-ultraflex-nautech-1-obf1\/"},"modified":"2026-02-25T00:01:11","modified_gmt":"2026-02-25T00:01:11","slug":"hidraulicno-upravljanje-ultraflex-nautech-1-obf1","status":"publish","type":"product","link":"https:\/\/stoic-curie.212-227-153-4.plesk.page\/hr\/product\/hidraulicno-upravljanje-ultraflex-nautech-1-obf1\/","title":{"rendered":"Hidraulicno upravljanje Ultraflex Nautech 1"},"content":{"rendered":"<p>Hidraulicno upravljanje Ultraflex Nautech 1 &#8211; <\/p>\n<p style=\"color: rgb(34, 34, 34); font-family: Arial, Helvetica, sans-serif; font-size: small;\">Nautech1 sustav upravljanja za vanbrodske motore:<\/p>\n<p style=\"color: rgb(34, 34, 34); font-family: Arial, Helvetica, sans-serif; font-size: small;\">Ovaj kit je kompatibilan s raznim vanbrodskim motorima, uklju\u010duju\u0107i:<\/p>\n<ul style=\"color: rgb(34, 34, 34); font-family: Arial, Helvetica, sans-serif; font-size: small;\">\n<li>Mercury 2 i 4-taktni motori snage od 100 do 300 KS<\/li>\n<li>Yamaha 4-taktni motori od F70 do F150 i od F200 do F300<\/li>\n<li>Honda 4-taktni motori od 75 do 90\/115A i od 135 do 250 KS<\/li>\n<li>Suzuki 4-taktni motori od 100 do 175 KS<\/li>\n<li>Tohatsu 4-taktni motori od 70 do 115 KS<\/li>\n<li>Selva 2-taktni motori od 80 do 150 KS i 4-taktni motori do 150 KS<\/li>\n<li>Johnson 4-taktni motori od 90 do 140 KS<\/li>\n<\/ul>\n<p style=\"color: rgb(34, 34, 34); font-family: Arial, Helvetica, sans-serif; font-size: small;\">Ovaj sustav upravljanja je prakti\u010dan i jednostavan za postavljanje. Kit sadr\u017ei:<\/p>\n<ul style=\"color: rgb(34, 34, 34); font-family: Arial, Helvetica, sans-serif; font-size: small;\">\n<li>UP28F<\/li>\n<li>UC128-OBF\/1<\/li>\n<li>2 litre Ultraflex hidrauli\u010dkog ulja<\/li>\n<\/ul>\n<p style=\"color: rgb(34, 34, 34); font-family: Arial, Helvetica, sans-serif; font-size: small;\">Prolazi su osigurani za prolazak dvaju hidrauli\u010dkih crijeva kroz kormilo. Imajte na umu da se ovaj kit mora dopuniti s kompletnim parom hidrauli\u010dnih crijeva i priklju\u010daka.<\/p>\n","protected":false},"excerpt":{"rendered":"<p>Hidraulicno upravljanje Ultraflex Nautech 1 &#8211; Nautech1 sustav upravljanja za vanbrodske motore: Ovaj kit je kompatibilan s raznim vanbrodskim motorima,<\/p>\n","protected":false},"featured_media":5945808,"comment_status":"open","ping_status":"closed","template":"","meta":[],"product_brand":[3501],"product_cat":[1823],"product_tag":[],"class_list":{"0":"post-743960","1":"product","2":"type-product","3":"status-publish","4":"has-post-thumbnail","6":"product_brand-ultraflex-uflex-hr","7":"product_cat-hidraulicno-kormilarenje","9":"first","10":"instock","11":"shipping-taxable","12":"purchasable","13":"product-type-simple"},"_links":{"self":[{"href":"https:\/\/stoic-curie.212-227-153-4.plesk.page\/hr\/wp-json\/wp\/v2\/product\/743960","targetHints":{"allow":["GET"]}}],"collection":[{"href":"https:\/\/stoic-curie.212-227-153-4.plesk.page\/hr\/wp-json\/wp\/v2\/product"}],"about":[{"href":"https:\/\/stoic-curie.212-227-153-4.plesk.page\/hr\/wp-json\/wp\/v2\/types\/product"}],"replies":[{"embeddable":true,"href":"https:\/\/stoic-curie.212-227-153-4.plesk.page\/hr\/wp-json\/wp\/v2\/comments?post=743960"}],"version-history":[{"count":0,"href":"https:\/\/stoic-curie.212-227-153-4.plesk.page\/hr\/wp-json\/wp\/v2\/product\/743960\/revisions"}],"wp:featuredmedia":[{"embeddable":true,"href":"https:\/\/stoic-curie.212-227-153-4.plesk.page\/hr\/wp-json\/wp\/v2\/media\/5945808"}],"wp:attachment":[{"href":"https:\/\/stoic-curie.212-227-153-4.plesk.page\/hr\/wp-json\/wp\/v2\/media?parent=743960"}],"wp:term":[{"taxonomy":"product_brand","embeddable":true,"href":"https:\/\/stoic-curie.212-227-153-4.plesk.page\/hr\/wp-json\/wp\/v2\/product_brand?post=743960"},{"taxonomy":"product_cat","embeddable":true,"href":"https:\/\/stoic-curie.212-227-153-4.plesk.page\/hr\/wp-json\/wp\/v2\/product_cat?post=743960"},{"taxonomy":"product_tag","embeddable":true,"href":"https:\/\/stoic-curie.212-227-153-4.plesk.page\/hr\/wp-json\/wp\/v2\/product_tag?post=743960"}],"curies":[{"name":"wp","href":"https:\/\/api.w.org\/{rel}","templated":true}]}}