{"id":743961,"date":"2025-03-03T18:48:48","date_gmt":"2025-03-03T17:48:48","guid":{"rendered":"https:\/\/stoic-curie.212-227-153-4.plesk.page\/producto\/hidraulicno-upravljanje-ultraflex-nautech-1-obf2\/"},"modified":"2026-02-25T00:01:11","modified_gmt":"2026-02-25T00:01:11","slug":"hidraulicno-upravljanje-ultraflex-nautech-1-obf2","status":"publish","type":"product","link":"https:\/\/stoic-curie.212-227-153-4.plesk.page\/hr\/product\/hidraulicno-upravljanje-ultraflex-nautech-1-obf2\/","title":{"rendered":"Hidraulicno upravljanje Ultraflex Nautech 2"},"content":{"rendered":"<p>Hidraulicno upravljanje Ultraflex Nautech 2 &#8211; <\/p>\n<p>Nautech2 sustav upravljanja za vanbrodske motore:<\/p>\n<p>Kompatibilno s:<\/p>\n<ul>\n<li>Evinrude 2-taktni motori snage od 75 do 300 KS<\/li>\n<li>Yamaha 2-taktni motori snage od 75 do 300 KS i 4-taktni motori F200 do F250 (prije 2007)<\/li>\n<li>Suzuki 4-taktni motori snage od 70 do 90 KS i od 200 do 300 KS<\/li>\n<li>Tohatsu 2-taktni motori snage od 115 do 140 KS<\/li>\n<li>Selva motori snage od 100 do 115 KS (prije 2007)<\/li>\n<li>Johnson 2-taktni motori snage od 90 do 175 KS i 4-taktni motori snage od 200 do 225 KS<\/li>\n<\/ul>\n<p>Ovaj set je prakti\u010dan i lako se instalira. Sadr\u017ei:<\/p>\n<ul>\n<li>UP28F<\/li>\n<li>UC128-OBF\/2<\/li>\n<li>2 litre Ultraflex hidrauli\u010dkog ulja<\/li>\n<\/ul>\n<p>Uklju\u010deni su prolazi za usmjeravanje dviju hidrauli\u010dnih cijevi kroz krmu. Imajte na umu da \u0107ete morati kupiti poseban kit hidrauli\u010dnih cijevi s priklju\u010dcima kako biste zavr\u0161ili instalaciju.<\/p>\n","protected":false},"excerpt":{"rendered":"<p>Hidraulicno upravljanje Ultraflex Nautech 2 &#8211; Nautech2 sustav upravljanja za vanbrodske motore: Kompatibilno s: Evinrude 2-taktni motori snage od 75<\/p>\n","protected":false},"featured_media":5945808,"comment_status":"open","ping_status":"closed","template":"","meta":[],"product_brand":[3501],"product_cat":[1823],"product_tag":[],"class_list":{"0":"post-743961","1":"product","2":"type-product","3":"status-publish","4":"has-post-thumbnail","6":"product_brand-ultraflex-uflex-hr","7":"product_cat-hidraulicno-kormilarenje","9":"first","10":"instock","11":"shipping-taxable","12":"purchasable","13":"product-type-simple"},"_links":{"self":[{"href":"https:\/\/stoic-curie.212-227-153-4.plesk.page\/hr\/wp-json\/wp\/v2\/product\/743961","targetHints":{"allow":["GET"]}}],"collection":[{"href":"https:\/\/stoic-curie.212-227-153-4.plesk.page\/hr\/wp-json\/wp\/v2\/product"}],"about":[{"href":"https:\/\/stoic-curie.212-227-153-4.plesk.page\/hr\/wp-json\/wp\/v2\/types\/product"}],"replies":[{"embeddable":true,"href":"https:\/\/stoic-curie.212-227-153-4.plesk.page\/hr\/wp-json\/wp\/v2\/comments?post=743961"}],"version-history":[{"count":0,"href":"https:\/\/stoic-curie.212-227-153-4.plesk.page\/hr\/wp-json\/wp\/v2\/product\/743961\/revisions"}],"wp:featuredmedia":[{"embeddable":true,"href":"https:\/\/stoic-curie.212-227-153-4.plesk.page\/hr\/wp-json\/wp\/v2\/media\/5945808"}],"wp:attachment":[{"href":"https:\/\/stoic-curie.212-227-153-4.plesk.page\/hr\/wp-json\/wp\/v2\/media?parent=743961"}],"wp:term":[{"taxonomy":"product_brand","embeddable":true,"href":"https:\/\/stoic-curie.212-227-153-4.plesk.page\/hr\/wp-json\/wp\/v2\/product_brand?post=743961"},{"taxonomy":"product_cat","embeddable":true,"href":"https:\/\/stoic-curie.212-227-153-4.plesk.page\/hr\/wp-json\/wp\/v2\/product_cat?post=743961"},{"taxonomy":"product_tag","embeddable":true,"href":"https:\/\/stoic-curie.212-227-153-4.plesk.page\/hr\/wp-json\/wp\/v2\/product_tag?post=743961"}],"curies":[{"name":"wp","href":"https:\/\/api.w.org\/{rel}","templated":true}]}}