{"id":743963,"date":"2025-03-03T18:48:49","date_gmt":"2025-03-03T17:48:49","guid":{"rendered":"https:\/\/stoic-curie.212-227-153-4.plesk.page\/producto\/kit-dva-hidraulicna-crijeva-ultraflex-silversteer-5-5mt\/"},"modified":"2026-02-25T00:01:11","modified_gmt":"2026-02-25T00:01:11","slug":"kit-dva-hidraulicna-crijeva-ultraflex-silversteer-5-5mt","status":"publish","type":"product","link":"https:\/\/stoic-curie.212-227-153-4.plesk.page\/hr\/product\/kit-dva-hidraulicna-crijeva-ultraflex-silversteer-5-5mt\/","title":{"rendered":"Kit dva hidraulicna crijeva Ultraflex SilverSteer 5.5mt"},"content":{"rendered":"<p>Kit dva hidraulicna crijeva Ultraflex SilverSteer 5.5mt &#8211; <\/p>\n<p style=\"color: rgb(34, 34, 34); font-family: Arial, Helvetica, sans-serif; font-size: small;\">KIT OB-SVS od Ultraflexa je izvanredan proizvod koji se sastoji od dva fleksibilna visokotla\u010dna crijeva izra\u0111ena od naprednog Kevlar materijala. Ova crijeva su opremljena unaprijed sabijenim priklju\u010dcima i ograni\u010diva\u010dima savijanja, \u0161to osigurava sigurnu i pouzdanu vezu. Posebno su dizajnirana za kompatibilnost sa svim Ultraflex SilverSteer\u2122 i MasterDrive\u2122 volanima koji su opremljeni sigurnosnim ventilima s tlakom od 1500 psi, \u0161to ih \u010dini svestranom opcijom za niz sustava upravljanja.<\/p>\n<p style=\"color: rgb(34, 34, 34); font-family: Arial, Helvetica, sans-serif; font-size: small;\">Ova Ultraflex Silversteer hidrauli\u010dna Kevlar sklop crijeva za upravljanje pa\u017eljivo je osmi\u0161ljena za visokou\u010dinkovite sustave upravljanja kori\u0161tene u pomorskim aplikacijama. Integracija Kevlara u njegovu konstrukciju osigurava iznimnu \u010dvrsto\u0107u i izdr\u017eljivost, omogu\u0107uju\u0107i crijevima da podnose visoke pritiske dok istovremeno otporne na tro\u0161enje tokom vremena. Kao rezultat toga, vlasnici brodova mogu biti sigurni u dosljedne performanse ovih crijeva, \u010dak i u najzahtjevnijim morskim okru\u017eenjima.<\/p>\n<p style=\"color: rgb(34, 34, 34); font-family: Arial, Helvetica, sans-serif; font-size: small;\">Osim toga, sklapanje crijeva je unaprijed sastavljeno, \u0161to pojednostavljuje proces instalacije za korisnike. Ova promi\u0161ljena karakteristika dizajna omogu\u0107uje brzu i jednostavnu postavku, osiguravaju\u0107i da se mo\u017eete vratiti u\u017eivanju u svom vremenu na vodi bez nepotrebnih ka\u0161njenja. U zaklju\u010dku, KIT OB-SVS je dizajniran za pru\u017eanje pouzdanih performansi u izazovnim morskim uvjetima, obe\u0107avaju\u0107i mnoge godine pouzdane usluge entuzijastima plovidbe.<\/p>\n","protected":false},"excerpt":{"rendered":"<p>Kit dva hidraulicna crijeva Ultraflex SilverSteer 5.5mt &#8211; KIT OB-SVS od Ultraflexa je izvanredan proizvod koji se sastoji od dva<\/p>\n","protected":false},"featured_media":5944076,"comment_status":"open","ping_status":"closed","template":"","meta":[],"product_brand":[3501],"product_cat":[1823],"product_tag":[],"class_list":{"0":"post-743963","1":"product","2":"type-product","3":"status-publish","4":"has-post-thumbnail","6":"product_brand-ultraflex-uflex-hr","7":"product_cat-hidraulicno-kormilarenje","9":"first","10":"instock","11":"shipping-taxable","12":"purchasable","13":"product-type-simple"},"_links":{"self":[{"href":"https:\/\/stoic-curie.212-227-153-4.plesk.page\/hr\/wp-json\/wp\/v2\/product\/743963","targetHints":{"allow":["GET"]}}],"collection":[{"href":"https:\/\/stoic-curie.212-227-153-4.plesk.page\/hr\/wp-json\/wp\/v2\/product"}],"about":[{"href":"https:\/\/stoic-curie.212-227-153-4.plesk.page\/hr\/wp-json\/wp\/v2\/types\/product"}],"replies":[{"embeddable":true,"href":"https:\/\/stoic-curie.212-227-153-4.plesk.page\/hr\/wp-json\/wp\/v2\/comments?post=743963"}],"version-history":[{"count":0,"href":"https:\/\/stoic-curie.212-227-153-4.plesk.page\/hr\/wp-json\/wp\/v2\/product\/743963\/revisions"}],"wp:featuredmedia":[{"embeddable":true,"href":"https:\/\/stoic-curie.212-227-153-4.plesk.page\/hr\/wp-json\/wp\/v2\/media\/5944076"}],"wp:attachment":[{"href":"https:\/\/stoic-curie.212-227-153-4.plesk.page\/hr\/wp-json\/wp\/v2\/media?parent=743963"}],"wp:term":[{"taxonomy":"product_brand","embeddable":true,"href":"https:\/\/stoic-curie.212-227-153-4.plesk.page\/hr\/wp-json\/wp\/v2\/product_brand?post=743963"},{"taxonomy":"product_cat","embeddable":true,"href":"https:\/\/stoic-curie.212-227-153-4.plesk.page\/hr\/wp-json\/wp\/v2\/product_cat?post=743963"},{"taxonomy":"product_tag","embeddable":true,"href":"https:\/\/stoic-curie.212-227-153-4.plesk.page\/hr\/wp-json\/wp\/v2\/product_tag?post=743963"}],"curies":[{"name":"wp","href":"https:\/\/api.w.org\/{rel}","templated":true}]}}