{"id":743964,"date":"2025-03-03T18:48:49","date_gmt":"2025-03-03T17:48:49","guid":{"rendered":"https:\/\/stoic-curie.212-227-153-4.plesk.page\/producto\/kit-dva-hidraulicna-crijeva-ultraflex-silversteer-6mt\/"},"modified":"2026-02-25T00:01:11","modified_gmt":"2026-02-25T00:01:11","slug":"kit-dva-hidraulicna-crijeva-ultraflex-silversteer-6mt","status":"publish","type":"product","link":"https:\/\/stoic-curie.212-227-153-4.plesk.page\/hr\/product\/kit-dva-hidraulicna-crijeva-ultraflex-silversteer-6mt\/","title":{"rendered":"Kit dva hidraulicna crijeva Ultraflex SilverSteer 6mt"},"content":{"rendered":"<p>Kit dva hidraulicna crijeva Ultraflex SilverSteer 6mt &#8211; <\/p>\n<p style=\"color: rgb(34, 34, 34); font-family: Arial, Helvetica, sans-serif; font-size: small;\">KIT OB-SVS od Ultraflexa predstavlja izvanredan proizvod koji se sastoji od dva fleksibilna visokotla\u010dna crijeva izra\u0111enih od naprednog Kevlar materijala. Ova crijeva su opremljena prethodno oblikovanim priklju\u010dcima i ograni\u010diva\u010dima savijanja, \u0161to osigurava sigurno i pouzdano povezivanje. Specijalno su dizajnirana da budu kompatibilna sa svim Ultraflex SilverSteer\u2122 i MasterDrive\u2122 helmovima koji imaju sigurnosne ventile na 1500 psi, \u0161to ih \u010dini svestranom opcijom za razne sustave upravljanja.<\/p>\n<p style=\"color: rgb(34, 34, 34); font-family: Arial, Helvetica, sans-serif; font-size: small;\">Ova Ultraflex Silversteer hidrauli\u010dna Kevlar \u010deljust za upravljanje temeljito je dizajnirana za visokou\u010dinkovite sustave upravljanja koji se koriste u pomorskim aplikacijama. Uklju\u010divanje Kevlara u konstrukciju daje izvanrednu snagu i trajnost, omogu\u0107avaju\u0107i crijevima da izdr\u017ee visoke pritiske dok se istovremeno odupiru habanju tijekom vremena. Kao rezultat toga, vlasnici brodova mogu biti sigurni u pouzdan rad ovih crijeva, \u010dak i u najzahtjevnijim morskim uvjetima.<\/p>\n<p style=\"color: rgb(34, 34, 34); font-family: Arial, Helvetica, sans-serif; font-size: small;\">\u0160tovi\u0161e, sklop crijeva je prethodno montiran, \u0161to pojednostavljuje proces instalacije za korisnike. Ova promi\u0161ljena zna\u010dajka dizajna omogu\u0107uje brzu i jednostavnu postavu, osiguravaju\u0107i da se mo\u017eete vratiti u\u017eivanju u svom vremenu na vodi bez nepotrebnih odgoda. Ukratko, KIT OB-SVS dizajniran je za pru\u017eanje pouzdane izvedbe u izazovnim morskim uvjetima, obe\u0107avaju\u0107i mnoge godine pouzdane usluge za entuzijaste brodarstva.<\/p>\n","protected":false},"excerpt":{"rendered":"<p>Kit dva hidraulicna crijeva Ultraflex SilverSteer 6mt &#8211; KIT OB-SVS od Ultraflexa predstavlja izvanredan proizvod koji se sastoji od dva<\/p>\n","protected":false},"featured_media":5944076,"comment_status":"open","ping_status":"closed","template":"","meta":[],"product_brand":[3501],"product_cat":[1823],"product_tag":[],"class_list":{"0":"post-743964","1":"product","2":"type-product","3":"status-publish","4":"has-post-thumbnail","6":"product_brand-ultraflex-uflex-hr","7":"product_cat-hidraulicno-kormilarenje","9":"first","10":"instock","11":"shipping-taxable","12":"purchasable","13":"product-type-simple"},"_links":{"self":[{"href":"https:\/\/stoic-curie.212-227-153-4.plesk.page\/hr\/wp-json\/wp\/v2\/product\/743964","targetHints":{"allow":["GET"]}}],"collection":[{"href":"https:\/\/stoic-curie.212-227-153-4.plesk.page\/hr\/wp-json\/wp\/v2\/product"}],"about":[{"href":"https:\/\/stoic-curie.212-227-153-4.plesk.page\/hr\/wp-json\/wp\/v2\/types\/product"}],"replies":[{"embeddable":true,"href":"https:\/\/stoic-curie.212-227-153-4.plesk.page\/hr\/wp-json\/wp\/v2\/comments?post=743964"}],"version-history":[{"count":0,"href":"https:\/\/stoic-curie.212-227-153-4.plesk.page\/hr\/wp-json\/wp\/v2\/product\/743964\/revisions"}],"wp:featuredmedia":[{"embeddable":true,"href":"https:\/\/stoic-curie.212-227-153-4.plesk.page\/hr\/wp-json\/wp\/v2\/media\/5944076"}],"wp:attachment":[{"href":"https:\/\/stoic-curie.212-227-153-4.plesk.page\/hr\/wp-json\/wp\/v2\/media?parent=743964"}],"wp:term":[{"taxonomy":"product_brand","embeddable":true,"href":"https:\/\/stoic-curie.212-227-153-4.plesk.page\/hr\/wp-json\/wp\/v2\/product_brand?post=743964"},{"taxonomy":"product_cat","embeddable":true,"href":"https:\/\/stoic-curie.212-227-153-4.plesk.page\/hr\/wp-json\/wp\/v2\/product_cat?post=743964"},{"taxonomy":"product_tag","embeddable":true,"href":"https:\/\/stoic-curie.212-227-153-4.plesk.page\/hr\/wp-json\/wp\/v2\/product_tag?post=743964"}],"curies":[{"name":"wp","href":"https:\/\/api.w.org\/{rel}","templated":true}]}}