{"id":743966,"date":"2025-03-03T18:48:50","date_gmt":"2025-03-03T17:48:50","guid":{"rendered":"https:\/\/stoic-curie.212-227-153-4.plesk.page\/producto\/kit-dva-hidraulicna-crijeva-ultraflex-silversteer-7mt\/"},"modified":"2026-02-25T00:01:11","modified_gmt":"2026-02-25T00:01:11","slug":"kit-dva-hidraulicna-crijeva-ultraflex-silversteer-7mt","status":"publish","type":"product","link":"https:\/\/stoic-curie.212-227-153-4.plesk.page\/hr\/product\/kit-dva-hidraulicna-crijeva-ultraflex-silversteer-7mt\/","title":{"rendered":"Kit dva hidraulicna crijeva Ultraflex SilverSteer 7mt"},"content":{"rendered":"<p>Kit dva hidraulicna crijeva Ultraflex SilverSteer 7mt &#8211; <\/p>\n<p>KIT OB-SVS marke Ultraflex sastoji se od dva visokotla\u010dna fleksibilna crijeva izra\u0111ena od Kevlara, s prethodno krimpanim spojnicama i ograni\u010diva\u010dima savijanja. Ova crijeva su kompatibilna sa svim Ultraflex SilverSteer\u2122 i MasterDrive\u2122 kormilima opremljenim sigurnosnim ventilima od 1500 psi.<\/p>\n<p>Dostupne duljine su sljede\u0107e:<\/p>\n<ul>\n<li>1 m (3.3 ft)<\/li>\n<li>1.5 m (4.9 ft)<\/li>\n<li>2 m (6.6 ft)<\/li>\n<li>2.5 m (8.2 ft)<\/li>\n<li>3 m (9.8 ft)<\/li>\n<li>3.5 m (11.5 ft)<\/li>\n<li>4 m (13.1 ft)<\/li>\n<li>4.5 m (14.8 ft)<\/li>\n<li>5 m (16.4 ft)<\/li>\n<li>5.5 m (18 ft)<\/li>\n<li>6 m (19.7 ft)<\/li>\n<li>6.5 m (21.3 ft)<\/li>\n<li>7 m (22.9 ft)<\/li>\n<li>7.5 m (24.6 ft)<\/li>\n<li>8 m (26.3 ft)<\/li>\n<\/ul>\n<p>Ova Ultraflex Silversteer hidrauli\u010dna Kevlar upravlja\u010dka crijeva su pa\u017eljivo projektirana za visokou\u010dinkovite morski sustave upravljanja. Njihova Kevlar konstrukcija osigurava izvanrednu snagu i trajnost, omogu\u0107uju\u0107i im izdr\u017eavanje visokih pritisaka i otpor prema habanju. Crijevo je unaprijed sastavljeno za jednostavnu instalaciju i dizajnirano je za pouzdanu izvedbu u zahtjevnim morskim okru\u017eenjima tijekom mnogih godina.<\/p>\n","protected":false},"excerpt":{"rendered":"<p>Kit dva hidraulicna crijeva Ultraflex SilverSteer 7mt &#8211; KIT OB-SVS marke Ultraflex sastoji se od dva visokotla\u010dna fleksibilna crijeva izra\u0111ena<\/p>\n","protected":false},"featured_media":5944076,"comment_status":"open","ping_status":"closed","template":"","meta":[],"product_brand":[3501],"product_cat":[1823],"product_tag":[],"class_list":{"0":"post-743966","1":"product","2":"type-product","3":"status-publish","4":"has-post-thumbnail","6":"product_brand-ultraflex-uflex-hr","7":"product_cat-hidraulicno-kormilarenje","9":"first","10":"instock","11":"shipping-taxable","12":"purchasable","13":"product-type-simple"},"_links":{"self":[{"href":"https:\/\/stoic-curie.212-227-153-4.plesk.page\/hr\/wp-json\/wp\/v2\/product\/743966","targetHints":{"allow":["GET"]}}],"collection":[{"href":"https:\/\/stoic-curie.212-227-153-4.plesk.page\/hr\/wp-json\/wp\/v2\/product"}],"about":[{"href":"https:\/\/stoic-curie.212-227-153-4.plesk.page\/hr\/wp-json\/wp\/v2\/types\/product"}],"replies":[{"embeddable":true,"href":"https:\/\/stoic-curie.212-227-153-4.plesk.page\/hr\/wp-json\/wp\/v2\/comments?post=743966"}],"version-history":[{"count":0,"href":"https:\/\/stoic-curie.212-227-153-4.plesk.page\/hr\/wp-json\/wp\/v2\/product\/743966\/revisions"}],"wp:featuredmedia":[{"embeddable":true,"href":"https:\/\/stoic-curie.212-227-153-4.plesk.page\/hr\/wp-json\/wp\/v2\/media\/5944076"}],"wp:attachment":[{"href":"https:\/\/stoic-curie.212-227-153-4.plesk.page\/hr\/wp-json\/wp\/v2\/media?parent=743966"}],"wp:term":[{"taxonomy":"product_brand","embeddable":true,"href":"https:\/\/stoic-curie.212-227-153-4.plesk.page\/hr\/wp-json\/wp\/v2\/product_brand?post=743966"},{"taxonomy":"product_cat","embeddable":true,"href":"https:\/\/stoic-curie.212-227-153-4.plesk.page\/hr\/wp-json\/wp\/v2\/product_cat?post=743966"},{"taxonomy":"product_tag","embeddable":true,"href":"https:\/\/stoic-curie.212-227-153-4.plesk.page\/hr\/wp-json\/wp\/v2\/product_tag?post=743966"}],"curies":[{"name":"wp","href":"https:\/\/api.w.org\/{rel}","templated":true}]}}