{"id":743970,"date":"2025-03-03T18:48:51","date_gmt":"2025-03-03T17:48:51","guid":{"rendered":"https:\/\/stoic-curie.212-227-153-4.plesk.page\/producto\/hidraulicni-cilindar-ultraflex-uc215-i\/"},"modified":"2026-02-25T00:01:11","modified_gmt":"2026-02-25T00:01:11","slug":"hidraulicni-cilindar-ultraflex-uc215-i","status":"publish","type":"product","link":"https:\/\/stoic-curie.212-227-153-4.plesk.page\/hr\/product\/hidraulicni-cilindar-ultraflex-uc215-i\/","title":{"rendered":"Hidraulicni cilindar Ultraflex uc215-i"},"content":{"rendered":"<p>Hidraulicni cilindar Ultraflex uc215-i &#8211; <\/p>\n<p>Ultraflex hidrauli\u010dni sustav upravljanja s glavom zglobne \u0161upljine za \u010damce do 12 metara. Sastoji se od odvojenih prodanih dijelova: 1 kom &#8211; UC215 cilindar s maksimalnim momentom od 111 Kgm 1 kom &#8211; UP28F pumpa za kormilo s NR ventilom (7,6 okretaja volana od krajnjeg do krajnjeg s UC215 cilindrom) 1 kom &#8211; UP33F pumpa za kormilo s NR ventilom (6,5 okretaja volana od krajnjeg do krajnjeg s UC215 cilindrom) 1 kom &#8211; UP39F pumpa za kormilo s NR ventilom (5,5 okretaja volana od krajnjeg do krajnjeg s UC215 cilindrom) 2 kom &#8211; Priklju\u010dci za crijevo 5\/16 2 Lt &#8211; Hidrauli\u010dno ulje 5\/16 Hidrauli\u010dna crijeva po paketu <\/p>\n","protected":false},"excerpt":{"rendered":"<p>Hidraulicni cilindar Ultraflex uc215-i &#8211; Ultraflex hidrauli\u010dni sustav upravljanja s glavom zglobne \u0161upljine za \u010damce do 12 metara. Sastoji se<\/p>\n","protected":false},"featured_media":5945819,"comment_status":"open","ping_status":"closed","template":"","meta":[],"product_brand":[3501],"product_cat":[1823],"product_tag":[],"class_list":{"0":"post-743970","1":"product","2":"type-product","3":"status-publish","4":"has-post-thumbnail","6":"product_brand-ultraflex-uflex-hr","7":"product_cat-hidraulicno-kormilarenje","9":"first","10":"instock","11":"shipping-taxable","12":"purchasable","13":"product-type-simple"},"_links":{"self":[{"href":"https:\/\/stoic-curie.212-227-153-4.plesk.page\/hr\/wp-json\/wp\/v2\/product\/743970","targetHints":{"allow":["GET"]}}],"collection":[{"href":"https:\/\/stoic-curie.212-227-153-4.plesk.page\/hr\/wp-json\/wp\/v2\/product"}],"about":[{"href":"https:\/\/stoic-curie.212-227-153-4.plesk.page\/hr\/wp-json\/wp\/v2\/types\/product"}],"replies":[{"embeddable":true,"href":"https:\/\/stoic-curie.212-227-153-4.plesk.page\/hr\/wp-json\/wp\/v2\/comments?post=743970"}],"version-history":[{"count":0,"href":"https:\/\/stoic-curie.212-227-153-4.plesk.page\/hr\/wp-json\/wp\/v2\/product\/743970\/revisions"}],"wp:featuredmedia":[{"embeddable":true,"href":"https:\/\/stoic-curie.212-227-153-4.plesk.page\/hr\/wp-json\/wp\/v2\/media\/5945819"}],"wp:attachment":[{"href":"https:\/\/stoic-curie.212-227-153-4.plesk.page\/hr\/wp-json\/wp\/v2\/media?parent=743970"}],"wp:term":[{"taxonomy":"product_brand","embeddable":true,"href":"https:\/\/stoic-curie.212-227-153-4.plesk.page\/hr\/wp-json\/wp\/v2\/product_brand?post=743970"},{"taxonomy":"product_cat","embeddable":true,"href":"https:\/\/stoic-curie.212-227-153-4.plesk.page\/hr\/wp-json\/wp\/v2\/product_cat?post=743970"},{"taxonomy":"product_tag","embeddable":true,"href":"https:\/\/stoic-curie.212-227-153-4.plesk.page\/hr\/wp-json\/wp\/v2\/product_tag?post=743970"}],"curies":[{"name":"wp","href":"https:\/\/api.w.org\/{rel}","templated":true}]}}