{"id":743971,"date":"2025-03-03T18:48:51","date_gmt":"2025-03-03T17:48:51","guid":{"rendered":"https:\/\/stoic-curie.212-227-153-4.plesk.page\/producto\/hidraulicna-pumpa-vetus-htp4210r\/"},"modified":"2026-02-25T00:01:11","modified_gmt":"2026-02-25T00:01:11","slug":"hidraulicna-pumpa-vetus-htp4210r","status":"publish","type":"product","link":"https:\/\/stoic-curie.212-227-153-4.plesk.page\/hr\/product\/hidraulicna-pumpa-vetus-htp4210r\/","title":{"rendered":"Hidraulicna pumpa Vetus HTP4210R"},"content":{"rendered":"<p>Hidraulicna pumpa Vetus HTP4210R &#8211; <\/p>\n<p style=\"color: rgb(34, 34, 34); font-family: Arial, Helvetica, sans-serif; font-size: small;\">Predstavljamo Vetus HTP4210R, novo dizajniranu kompaktnu hidrauli\u010dnu pumpu za upravlja\u010d koja je namijenjena za kompatibilnost s Vetus cilindrima MTC52 &#8211; 175. Ova pumpa ima jednostavan sustav montiranja s \u010detiri vijka na stra\u017enjoj strani i uklju\u010duje industrijski standardni konusni osovinski promjer od 3\/4&#8243;.<\/p>\n<p style=\"color: rgb(34, 34, 34); font-family: Arial, Helvetica, sans-serif; font-size: small;\">Mo\u017ee se instalirati i koristiti pod bilo kojim kutom, bilo horizontalno ili vertikalno.<\/p>\n<p style=\"color: rgb(34, 34, 34); font-family: Arial, Helvetica, sans-serif; font-size: small;\">Izdvajaju se njegova zna\u010dajke, uklju\u010duju\u0107i integrirani nepovratni ventil i ventil za otpu\u0161tanje pritiska.<\/p>\n<p style=\"color: rgb(34, 34, 34); font-family: Arial, Helvetica, sans-serif; font-size: small;\">Vetus HTP pumpe dolaze s:<\/p>\n<ul style=\"color: rgb(34, 34, 34); font-family: Arial, Helvetica, sans-serif; font-size: small;\">\n<li>Akrilnom bijelom obradom (RAL9002)<\/li>\n<li>10mm priklju\u010dcima za cijevi pritiska i cjevovod za uravnote\u017eenje<\/li>\n<li>Vijcima za u\u010dvr\u0161\u0107ivanje, maticama i podlo\u0161cima<\/li>\n<li>Jednim ventiliranim \u010depom i jednim neventiliranim \u010depom<\/li>\n<\/ul>\n<p style=\"color: rgb(34, 34, 34); font-family: Arial, Helvetica, sans-serif; font-size: small;\"><strong>Tehni\u010dke specifikacije:<\/strong><\/p>\n<ul style=\"color: rgb(34, 34, 34); font-family: Arial, Helvetica, sans-serif; font-size: small;\">\n<li>Kapacitet: 42,0 cm\u00b3\/rev<\/li>\n<li>Broj klipova: 7<\/li>\n<li>Te\u017eina: 4,1 kg<\/li>\n<\/ul>\n","protected":false},"excerpt":{"rendered":"<p>Hidraulicna pumpa Vetus HTP4210R &#8211; Predstavljamo Vetus HTP4210R, novo dizajniranu kompaktnu hidrauli\u010dnu pumpu za upravlja\u010d koja je namijenjena za kompatibilnost<\/p>\n","protected":false},"featured_media":5945825,"comment_status":"open","ping_status":"closed","template":"","meta":[],"product_brand":[3521],"product_cat":[1823],"product_tag":[],"class_list":{"0":"post-743971","1":"product","2":"type-product","3":"status-publish","4":"has-post-thumbnail","6":"product_brand-vetus-hr","7":"product_cat-hidraulicno-kormilarenje","9":"first","10":"instock","11":"shipping-taxable","12":"purchasable","13":"product-type-simple"},"_links":{"self":[{"href":"https:\/\/stoic-curie.212-227-153-4.plesk.page\/hr\/wp-json\/wp\/v2\/product\/743971","targetHints":{"allow":["GET"]}}],"collection":[{"href":"https:\/\/stoic-curie.212-227-153-4.plesk.page\/hr\/wp-json\/wp\/v2\/product"}],"about":[{"href":"https:\/\/stoic-curie.212-227-153-4.plesk.page\/hr\/wp-json\/wp\/v2\/types\/product"}],"replies":[{"embeddable":true,"href":"https:\/\/stoic-curie.212-227-153-4.plesk.page\/hr\/wp-json\/wp\/v2\/comments?post=743971"}],"version-history":[{"count":0,"href":"https:\/\/stoic-curie.212-227-153-4.plesk.page\/hr\/wp-json\/wp\/v2\/product\/743971\/revisions"}],"wp:featuredmedia":[{"embeddable":true,"href":"https:\/\/stoic-curie.212-227-153-4.plesk.page\/hr\/wp-json\/wp\/v2\/media\/5945825"}],"wp:attachment":[{"href":"https:\/\/stoic-curie.212-227-153-4.plesk.page\/hr\/wp-json\/wp\/v2\/media?parent=743971"}],"wp:term":[{"taxonomy":"product_brand","embeddable":true,"href":"https:\/\/stoic-curie.212-227-153-4.plesk.page\/hr\/wp-json\/wp\/v2\/product_brand?post=743971"},{"taxonomy":"product_cat","embeddable":true,"href":"https:\/\/stoic-curie.212-227-153-4.plesk.page\/hr\/wp-json\/wp\/v2\/product_cat?post=743971"},{"taxonomy":"product_tag","embeddable":true,"href":"https:\/\/stoic-curie.212-227-153-4.plesk.page\/hr\/wp-json\/wp\/v2\/product_tag?post=743971"}],"curies":[{"name":"wp","href":"https:\/\/api.w.org\/{rel}","templated":true}]}}