{"id":743973,"date":"2025-03-03T18:48:51","date_gmt":"2025-03-03T17:48:51","guid":{"rendered":"https:\/\/stoic-curie.212-227-153-4.plesk.page\/producto\/nepovratni-ventil-za-vetus-mt230-mt600\/"},"modified":"2026-02-25T00:01:11","modified_gmt":"2026-02-25T00:01:11","slug":"nepovratni-ventil-za-vetus-mt230-mt600","status":"publish","type":"product","link":"https:\/\/stoic-curie.212-227-153-4.plesk.page\/hr\/product\/nepovratni-ventil-za-vetus-mt230-mt600\/","title":{"rendered":"Nepovratni ventil Vetus HS74B"},"content":{"rendered":"<p>Nepovratni ventil Vetus HS74B &#8211; <\/p>\n<p>Predstavljamo Vetus ventil za neprolaznost, dizajniran posebno za profesionalne hidrauli\u010dne sustave upravljanja. Ovaj dvostruki ventil za neprolaznost je klju\u010dan za prebacivanje iz jedinstvenog polo\u017eaja upravljanja u dvostruki sustav ili za instaliranje automatskog pilota za unutarnje brodove. Uklju\u010duje jedan ventil za neprolaznost (G1\/2) sa zaobljenim ventilom i spojnim cijevima promjera \u00d8 18 mm.<\/p>\n<p>Sa svojim spremljenim spojnicama, ovaj ventil se glatko integri\u0161e u va\u0161 hidrauli\u010dni sustav upravljanja. Zahvaljuju\u0107i prikladno smje\u0161tenom ventilu za zaobila\u017eenje, lako je dostupan s kormila, \u0161to osigurava lako kori\u0161tenje.<\/p>\n","protected":false},"excerpt":{"rendered":"<p>Nepovratni ventil Vetus HS74B &#8211; Predstavljamo Vetus ventil za neprolaznost, dizajniran posebno za profesionalne hidrauli\u010dne sustave upravljanja. Ovaj dvostruki ventil<\/p>\n","protected":false},"featured_media":5945832,"comment_status":"open","ping_status":"closed","template":"","meta":[],"product_brand":[3521],"product_cat":[1823],"product_tag":[],"class_list":{"0":"post-743973","1":"product","2":"type-product","3":"status-publish","4":"has-post-thumbnail","6":"product_brand-vetus-hr","7":"product_cat-hidraulicno-kormilarenje","9":"first","10":"instock","11":"shipping-taxable","12":"purchasable","13":"product-type-simple"},"_links":{"self":[{"href":"https:\/\/stoic-curie.212-227-153-4.plesk.page\/hr\/wp-json\/wp\/v2\/product\/743973","targetHints":{"allow":["GET"]}}],"collection":[{"href":"https:\/\/stoic-curie.212-227-153-4.plesk.page\/hr\/wp-json\/wp\/v2\/product"}],"about":[{"href":"https:\/\/stoic-curie.212-227-153-4.plesk.page\/hr\/wp-json\/wp\/v2\/types\/product"}],"replies":[{"embeddable":true,"href":"https:\/\/stoic-curie.212-227-153-4.plesk.page\/hr\/wp-json\/wp\/v2\/comments?post=743973"}],"version-history":[{"count":0,"href":"https:\/\/stoic-curie.212-227-153-4.plesk.page\/hr\/wp-json\/wp\/v2\/product\/743973\/revisions"}],"wp:featuredmedia":[{"embeddable":true,"href":"https:\/\/stoic-curie.212-227-153-4.plesk.page\/hr\/wp-json\/wp\/v2\/media\/5945832"}],"wp:attachment":[{"href":"https:\/\/stoic-curie.212-227-153-4.plesk.page\/hr\/wp-json\/wp\/v2\/media?parent=743973"}],"wp:term":[{"taxonomy":"product_brand","embeddable":true,"href":"https:\/\/stoic-curie.212-227-153-4.plesk.page\/hr\/wp-json\/wp\/v2\/product_brand?post=743973"},{"taxonomy":"product_cat","embeddable":true,"href":"https:\/\/stoic-curie.212-227-153-4.plesk.page\/hr\/wp-json\/wp\/v2\/product_cat?post=743973"},{"taxonomy":"product_tag","embeddable":true,"href":"https:\/\/stoic-curie.212-227-153-4.plesk.page\/hr\/wp-json\/wp\/v2\/product_tag?post=743973"}],"curies":[{"name":"wp","href":"https:\/\/api.w.org\/{rel}","templated":true}]}}