{"id":743974,"date":"2025-03-03T18:48:52","date_gmt":"2025-03-03T17:48:52","guid":{"rendered":"https:\/\/stoic-curie.212-227-153-4.plesk.page\/producto\/rucica-za-upravljanje-morse-ultraflex-b110-crna\/"},"modified":"2026-02-25T00:01:11","modified_gmt":"2026-02-25T00:01:11","slug":"rucica-za-upravljanje-morse-ultraflex-b110-crna","status":"publish","type":"product","link":"https:\/\/stoic-curie.212-227-153-4.plesk.page\/hr\/product\/rucica-za-upravljanje-morse-ultraflex-b110-crna\/","title":{"rendered":"Ru\u010dica za upravljanje Morse Ultraflex B110 Crna"},"content":{"rendered":"<p>Ru\u010dica za upravljanje Morse Ultraflex B110 Crna &#8211; <\/p>\n<p>Dvostrana monta\u017ea sa strane, upravljanje jednim leverom za plin i mjenja\u010d za unutarnje, vanjske i stra\u017enje pogonske motore. Koristi C2 \/ C8 \/ MACHZero kontrolne kablove. C5\/MACH5 kablovi mogu se povezati s K74 kitom (4620040). C36 kablovi mogu se povezati s K75 kitom (4620041). C14\/MACH14 kablovi mogu se povezati s K76 kitom (4620042). S opcionalnim sigurnosnim prekida\u010dem X41 (4620141) motor se mo\u017ee pokrenuti samo s isklju\u010denom mjenja\u010dkom kutijom. Opremljen pozitivnom bravom za neutralni polo\u017eaj kako bi se sprije\u010dilo slu\u010dajno uklju\u010divanje brzine.<\/p>\n","protected":false},"excerpt":{"rendered":"<p>Ru\u010dica za upravljanje Morse Ultraflex B110 Crna &#8211; Dvostrana monta\u017ea sa strane, upravljanje jednim leverom za plin i mjenja\u010d za<\/p>\n","protected":false},"featured_media":5945833,"comment_status":"open","ping_status":"closed","template":"","meta":[],"product_brand":[3501],"product_cat":[1791],"product_tag":[],"class_list":{"0":"post-743974","1":"product","2":"type-product","3":"status-publish","4":"has-post-thumbnail","6":"product_brand-ultraflex-uflex-hr","7":"product_cat-morse-poluge-gasa","9":"first","10":"instock","11":"shipping-taxable","12":"purchasable","13":"product-type-simple"},"_links":{"self":[{"href":"https:\/\/stoic-curie.212-227-153-4.plesk.page\/hr\/wp-json\/wp\/v2\/product\/743974","targetHints":{"allow":["GET"]}}],"collection":[{"href":"https:\/\/stoic-curie.212-227-153-4.plesk.page\/hr\/wp-json\/wp\/v2\/product"}],"about":[{"href":"https:\/\/stoic-curie.212-227-153-4.plesk.page\/hr\/wp-json\/wp\/v2\/types\/product"}],"replies":[{"embeddable":true,"href":"https:\/\/stoic-curie.212-227-153-4.plesk.page\/hr\/wp-json\/wp\/v2\/comments?post=743974"}],"version-history":[{"count":0,"href":"https:\/\/stoic-curie.212-227-153-4.plesk.page\/hr\/wp-json\/wp\/v2\/product\/743974\/revisions"}],"wp:featuredmedia":[{"embeddable":true,"href":"https:\/\/stoic-curie.212-227-153-4.plesk.page\/hr\/wp-json\/wp\/v2\/media\/5945833"}],"wp:attachment":[{"href":"https:\/\/stoic-curie.212-227-153-4.plesk.page\/hr\/wp-json\/wp\/v2\/media?parent=743974"}],"wp:term":[{"taxonomy":"product_brand","embeddable":true,"href":"https:\/\/stoic-curie.212-227-153-4.plesk.page\/hr\/wp-json\/wp\/v2\/product_brand?post=743974"},{"taxonomy":"product_cat","embeddable":true,"href":"https:\/\/stoic-curie.212-227-153-4.plesk.page\/hr\/wp-json\/wp\/v2\/product_cat?post=743974"},{"taxonomy":"product_tag","embeddable":true,"href":"https:\/\/stoic-curie.212-227-153-4.plesk.page\/hr\/wp-json\/wp\/v2\/product_tag?post=743974"}],"curies":[{"name":"wp","href":"https:\/\/api.w.org\/{rel}","templated":true}]}}