{"id":743977,"date":"2025-03-03T18:48:53","date_gmt":"2025-03-03T17:48:53","guid":{"rendered":"https:\/\/stoic-curie.212-227-153-4.plesk.page\/producto\/ultraflex-k75\/"},"modified":"2026-02-25T00:01:11","modified_gmt":"2026-02-25T00:01:11","slug":"ultraflex-k75","status":"publish","type":"product","link":"https:\/\/stoic-curie.212-227-153-4.plesk.page\/hr\/product\/ultraflex-k75\/","title":{"rendered":"Ultraflex K75"},"content":{"rendered":"<p>Ultraflex K75 &#8211; <\/p>\n<p>Dvostrano djelovanje bo\u010dne monta\u017ee s jednim upravlja\u010dem za kontrolu gasa i brzine za motore s unutarnjim izgaranjem, vanbrodske i stra\u017enje pogonske motore. Koristi C2 \/ C8 \/ MACHZero kontrolne kabele. C5\/MACH5 kablovi mogu se povezati s K74 kompletom (4620040). C36 kablovi mogu se povezati s K75 kompletom (4620041). C14\/MACH14 kablovi mogu se povezati s K76 kompletom (4620042). Uz dodatni sigurnosni prekida\u010d X41 (4620141) motor se mo\u017ee pokrenuti samo kada je mjenja\u010d isklju\u010den. Opremljen pozitivnim zaklju\u010davanjem neu-tralne pozicije kako bi se sprije\u010dilo slu\u010dajno uklju\u010divanje brzine.<\/p>\n","protected":false},"excerpt":{"rendered":"<p>Ultraflex K75 &#8211; Dvostrano djelovanje bo\u010dne monta\u017ee s jednim upravlja\u010dem za kontrolu gasa i brzine za motore s unutarnjim izgaranjem,<\/p>\n","protected":false},"featured_media":5945838,"comment_status":"open","ping_status":"closed","template":"","meta":[],"product_brand":[3306],"product_cat":[1791],"product_tag":[],"class_list":{"0":"post-743977","1":"product","2":"type-product","3":"status-publish","4":"has-post-thumbnail","6":"product_brand-riviera-hr","7":"product_cat-morse-poluge-gasa","9":"first","10":"instock","11":"shipping-taxable","12":"purchasable","13":"product-type-simple"},"_links":{"self":[{"href":"https:\/\/stoic-curie.212-227-153-4.plesk.page\/hr\/wp-json\/wp\/v2\/product\/743977","targetHints":{"allow":["GET"]}}],"collection":[{"href":"https:\/\/stoic-curie.212-227-153-4.plesk.page\/hr\/wp-json\/wp\/v2\/product"}],"about":[{"href":"https:\/\/stoic-curie.212-227-153-4.plesk.page\/hr\/wp-json\/wp\/v2\/types\/product"}],"replies":[{"embeddable":true,"href":"https:\/\/stoic-curie.212-227-153-4.plesk.page\/hr\/wp-json\/wp\/v2\/comments?post=743977"}],"version-history":[{"count":0,"href":"https:\/\/stoic-curie.212-227-153-4.plesk.page\/hr\/wp-json\/wp\/v2\/product\/743977\/revisions"}],"wp:featuredmedia":[{"embeddable":true,"href":"https:\/\/stoic-curie.212-227-153-4.plesk.page\/hr\/wp-json\/wp\/v2\/media\/5945838"}],"wp:attachment":[{"href":"https:\/\/stoic-curie.212-227-153-4.plesk.page\/hr\/wp-json\/wp\/v2\/media?parent=743977"}],"wp:term":[{"taxonomy":"product_brand","embeddable":true,"href":"https:\/\/stoic-curie.212-227-153-4.plesk.page\/hr\/wp-json\/wp\/v2\/product_brand?post=743977"},{"taxonomy":"product_cat","embeddable":true,"href":"https:\/\/stoic-curie.212-227-153-4.plesk.page\/hr\/wp-json\/wp\/v2\/product_cat?post=743977"},{"taxonomy":"product_tag","embeddable":true,"href":"https:\/\/stoic-curie.212-227-153-4.plesk.page\/hr\/wp-json\/wp\/v2\/product_tag?post=743977"}],"curies":[{"name":"wp","href":"https:\/\/api.w.org\/{rel}","templated":true}]}}