{"id":743978,"date":"2025-03-03T18:48:53","date_gmt":"2025-03-03T17:48:53","guid":{"rendered":"https:\/\/stoic-curie.212-227-153-4.plesk.page\/producto\/ultraflex-k76\/"},"modified":"2026-02-25T00:01:11","modified_gmt":"2026-02-25T00:01:11","slug":"ultraflex-k76","status":"publish","type":"product","link":"https:\/\/stoic-curie.212-227-153-4.plesk.page\/hr\/product\/ultraflex-k76\/","title":{"rendered":"Ultraflex K76"},"content":{"rendered":"<p>Ultraflex K76 &#8211; <\/p>\n<p>Dvostruka akcijska kontrola montirana na stranici s jednim polugom za kontrolu gasa i izmjene za unutarnje, vanjske i stra\u017enje motore. Koristi C2 \/ C8 \/ MACHZero kontrolne kabele. C5\/MACH5 kablovi mogu se spojiti s K74 kompletom (4620040). C36 kablovi mogu se spojiti s K75 kompletom (4620041). C14\/MACH14 kablovi mogu se spojiti s K76 kompletom (4620042). Uz opcionalni sigurnosni prekida\u010d X41 (4620141), motor se mo\u017ee pokrenuti samo kada je mjenja\u010d odspojen. Opremljen pozitivnim zaklju\u010davanjem u neutralnom polo\u017eaju kako bi se sprije\u010dilo slu\u010dajno uklju\u010divanje brzina.<\/p>\n","protected":false},"excerpt":{"rendered":"<p>Ultraflex K76 &#8211; Dvostruka akcijska kontrola montirana na stranici s jednim polugom za kontrolu gasa i izmjene za unutarnje, vanjske<\/p>\n","protected":false},"featured_media":5945839,"comment_status":"open","ping_status":"closed","template":"","meta":[],"product_brand":[3501],"product_cat":[1784],"product_tag":[],"class_list":{"0":"post-743978","1":"product","2":"type-product","3":"status-publish","4":"has-post-thumbnail","6":"product_brand-ultraflex-uflex-hr","7":"product_cat-morse-kabeli-za-upravljanje-motorom","9":"first","10":"instock","11":"shipping-taxable","12":"purchasable","13":"product-type-simple"},"_links":{"self":[{"href":"https:\/\/stoic-curie.212-227-153-4.plesk.page\/hr\/wp-json\/wp\/v2\/product\/743978","targetHints":{"allow":["GET"]}}],"collection":[{"href":"https:\/\/stoic-curie.212-227-153-4.plesk.page\/hr\/wp-json\/wp\/v2\/product"}],"about":[{"href":"https:\/\/stoic-curie.212-227-153-4.plesk.page\/hr\/wp-json\/wp\/v2\/types\/product"}],"replies":[{"embeddable":true,"href":"https:\/\/stoic-curie.212-227-153-4.plesk.page\/hr\/wp-json\/wp\/v2\/comments?post=743978"}],"version-history":[{"count":0,"href":"https:\/\/stoic-curie.212-227-153-4.plesk.page\/hr\/wp-json\/wp\/v2\/product\/743978\/revisions"}],"wp:featuredmedia":[{"embeddable":true,"href":"https:\/\/stoic-curie.212-227-153-4.plesk.page\/hr\/wp-json\/wp\/v2\/media\/5945839"}],"wp:attachment":[{"href":"https:\/\/stoic-curie.212-227-153-4.plesk.page\/hr\/wp-json\/wp\/v2\/media?parent=743978"}],"wp:term":[{"taxonomy":"product_brand","embeddable":true,"href":"https:\/\/stoic-curie.212-227-153-4.plesk.page\/hr\/wp-json\/wp\/v2\/product_brand?post=743978"},{"taxonomy":"product_cat","embeddable":true,"href":"https:\/\/stoic-curie.212-227-153-4.plesk.page\/hr\/wp-json\/wp\/v2\/product_cat?post=743978"},{"taxonomy":"product_tag","embeddable":true,"href":"https:\/\/stoic-curie.212-227-153-4.plesk.page\/hr\/wp-json\/wp\/v2\/product_tag?post=743978"}],"curies":[{"name":"wp","href":"https:\/\/api.w.org\/{rel}","templated":true}]}}