{"id":743979,"date":"2025-03-03T18:48:53","date_gmt":"2025-03-03T17:48:53","guid":{"rendered":"https:\/\/stoic-curie.212-227-153-4.plesk.page\/producto\/ultraflex-b501-kromiran-s-trimom\/"},"modified":"2026-02-25T00:01:11","modified_gmt":"2026-02-25T00:01:11","slug":"ultraflex-b501-kromiran-s-trimom","status":"publish","type":"product","link":"https:\/\/stoic-curie.212-227-153-4.plesk.page\/hr\/product\/ultraflex-b501-kromiran-s-trimom\/","title":{"rendered":"Ultraflex B501 kromiran s trim"},"content":{"rendered":"<p>Ultraflex B501 kromiran s trim &#8211; <\/p>\n<p style=\"color: rgb(34, 34, 34); font-family: Arial, Helvetica, sans-serif; font-size: small;\">Ultraflex B501 kontrola s jednim le\u017eajem za plin omogu\u0107ava glatko i precizno upravljanje plinom i reversom. Ova poluga, koja se montira na vrh, ima mehanizam s dvostrukim djelovanjem, \u0161to je \u010dini idealnom za daljinsko upravljanje u konfiguracijama s jednim ili dva motora. Mo\u017eete birati izme\u0111u crne ili kromirane zavr\u0161ne obrade, uz opcije za trim funkcionalnost i zaklju\u010davanje u neutralnom polo\u017eaju kako bi se prilagodili razli\u010ditim postavkama \u010damca.<\/p>\n<p style=\"color: rgb(34, 34, 34); font-family: Arial, Helvetica, sans-serif; font-size: small;\">Za instalacije koje uklju\u010duju dva motora, B501 omogu\u0107ava upravljanje s oba le\u017eaja putem jednog gumba. Kompatibilna je sa svim Ultraflex upravlja\u010dkim cableovima, a mi pru\u017eamo set adaptera za ve\u0107inu vrsta kablova. Sigurnosni prekida\u010d osigurava da se motor mo\u017ee pokrenuti samo kada je u neutralnom polo\u017eaju, \u010dime se pove\u0107ava sigurnost.<\/p>\n<p style=\"color: rgb(34, 34, 34); font-family: Arial, Helvetica, sans-serif; font-size: small;\"><strong>Klju\u010dne zna\u010dajke:<\/strong><\/p>\n<ul style=\"color: rgb(34, 34, 34); font-family: Arial, Helvetica, sans-serif; font-size: small;\">\n<li>Jednoru\u010dni, dvostruki dizajn za upravljanje plinom i reversom<\/li>\n<li>Opcionalno dostupna s ili bez trim funkcionalnosti<\/li>\n<li>Zaklju\u010davanje u neutralnom polo\u017eaju za ve\u0107u sigurnost<\/li>\n<li>Kompatibilna sa svim Ultraflex upravlja\u010dkim kabelima<\/li>\n<li>Jedan gumb kontrolira oba le\u017eaja u konfiguracijama s dva motora<\/li>\n<li>Sigurnosni prekida\u010d (45.012.00) onemogu\u0107ava pokretanje motora osim kada je u neutralnom<\/li>\n<\/ul>\n<p style=\"color: rgb(34, 34, 34); font-family: Arial, Helvetica, sans-serif; font-size: small;\"><strong>Dostupni modeli i varijacije:<\/strong><\/p>\n<ul style=\"color: rgb(34, 34, 34); font-family: Arial, Helvetica, sans-serif; font-size: small;\">\n<li>Crna &#8211; S trimom &#8211; S zaklju\u010davanjem u neutralnom: B501BT\/L<\/li>\n<li>Kromirana &#8211; S trimom &#8211; S zaklju\u010davanjem u neutralnom: B501CHT\/L<\/li>\n<\/ul>\n<p style=\"color: rgb(34, 34, 34); font-family: Arial, Helvetica, sans-serif; font-size: small;\"><strong>Kompatibilnost kabela:<\/strong><\/p>\n<ul style=\"color: rgb(34, 34, 34); font-family: Arial, Helvetica, sans-serif; font-size: small;\">\n<li>C14 kablovi: Nema adaptera<\/li>\n<li>C2, C8, MACH0 kablovi: K59 adapteri uklju\u010deni<\/li>\n<li>C5, C16, MACH5 kablovi: Potrebni K60 adapteri<\/li>\n<li>C36, MACH36 kablovi: Potrebni K62 adapteri<\/li>\n<\/ul>\n<p style=\"color: rgb(34, 34, 34); font-family: Arial, Helvetica, sans-serif; font-size: small;\">Ove kontrole su projektirane za u\u010dinkovitost, pobolj\u0161avaju\u0107i performanse sustava upravljanja i pojednostavljuju\u0107i rad \u010damca. Kontrola s jednom polugom i dvostrukim djelovanjem omogu\u0107ava nesmetano upravljanje plinom i prebacivanje, \u010dine\u0107i je pogodnom za svaki \u010damac opremljen unutarnjim motorom. Tako\u0111er spre\u010dava nenamjerno uklju\u010divanje brzine, osiguravaju\u0107i sigurno prebacivanje dok motor miruje.<\/p>\n<p style=\"color: rgb(34, 34, 34); font-family: Arial, Helvetica, sans-serif; font-size: small;\"><strong>Dodatne zna\u010dajke:<\/strong><\/p>\n<ul style=\"color: rgb(34, 34, 34); font-family: Arial, Helvetica, sans-serif; font-size: small;\">\n<li>Ku\u0107i\u0161te je izra\u0111eno od visokotrajne ABS plastike, s lijevanim polugama dostupnim u dva stila:\n<ul>\n<li>Kromirano ku\u0107i\u0161te i poluge<\/li>\n<li>Gunmetal ku\u0107i\u0161te i poluge<\/li>\n<\/ul>\n<\/li>\n<li>Gumb za isklju\u010divanje za zagrijavanje motora<\/li>\n<li>Opcionalni X12 \u2013 34543Q sigurnosni prekida\u010d sprje\u010dava pokretanje u brzini<\/li>\n<li>Prekora\u010duje EN ISO 11547 standarde kada je X12 sigurnosni prekida\u010d instaliran<\/li>\n<li>Kompatibilna sa svim Ultraflex kontrolnim kabelima:\n<ul>\n<li>C14 i MACH14 kablovi ne zahtijevaju kit<\/li>\n<li>C2, C8, i MACHZero kablovi uklju\u010duju spojni kit K59 \u2013 40144C<\/li>\n<li>C5, C16, i MACH5 kablovi zahtijevaju K60 Kit \u2013 40145E<\/li>\n<li>C36 i MACH36 kablovi zahtijevaju K62 Kit \u2013 40157J<\/li>\n<li>C22 kabl zahtijeva K61 Kit \u2013 40146G<\/li>\n<\/ul>\n<\/li>\n<\/ul>\n","protected":false},"excerpt":{"rendered":"<p>Ultraflex B501 kromiran s trim &#8211; Ultraflex B501 kontrola s jednim le\u017eajem za plin omogu\u0107ava glatko i precizno upravljanje plinom<\/p>\n","protected":false},"featured_media":5941900,"comment_status":"open","ping_status":"closed","template":"","meta":[],"product_brand":[3501],"product_cat":[1791],"product_tag":[],"class_list":{"0":"post-743979","1":"product","2":"type-product","3":"status-publish","4":"has-post-thumbnail","6":"product_brand-ultraflex-uflex-hr","7":"product_cat-morse-poluge-gasa","9":"first","10":"instock","11":"shipping-taxable","12":"purchasable","13":"product-type-simple"},"_links":{"self":[{"href":"https:\/\/stoic-curie.212-227-153-4.plesk.page\/hr\/wp-json\/wp\/v2\/product\/743979","targetHints":{"allow":["GET"]}}],"collection":[{"href":"https:\/\/stoic-curie.212-227-153-4.plesk.page\/hr\/wp-json\/wp\/v2\/product"}],"about":[{"href":"https:\/\/stoic-curie.212-227-153-4.plesk.page\/hr\/wp-json\/wp\/v2\/types\/product"}],"replies":[{"embeddable":true,"href":"https:\/\/stoic-curie.212-227-153-4.plesk.page\/hr\/wp-json\/wp\/v2\/comments?post=743979"}],"version-history":[{"count":0,"href":"https:\/\/stoic-curie.212-227-153-4.plesk.page\/hr\/wp-json\/wp\/v2\/product\/743979\/revisions"}],"wp:featuredmedia":[{"embeddable":true,"href":"https:\/\/stoic-curie.212-227-153-4.plesk.page\/hr\/wp-json\/wp\/v2\/media\/5941900"}],"wp:attachment":[{"href":"https:\/\/stoic-curie.212-227-153-4.plesk.page\/hr\/wp-json\/wp\/v2\/media?parent=743979"}],"wp:term":[{"taxonomy":"product_brand","embeddable":true,"href":"https:\/\/stoic-curie.212-227-153-4.plesk.page\/hr\/wp-json\/wp\/v2\/product_brand?post=743979"},{"taxonomy":"product_cat","embeddable":true,"href":"https:\/\/stoic-curie.212-227-153-4.plesk.page\/hr\/wp-json\/wp\/v2\/product_cat?post=743979"},{"taxonomy":"product_tag","embeddable":true,"href":"https:\/\/stoic-curie.212-227-153-4.plesk.page\/hr\/wp-json\/wp\/v2\/product_tag?post=743979"}],"curies":[{"name":"wp","href":"https:\/\/api.w.org\/{rel}","templated":true}]}}