{"id":743981,"date":"2025-03-03T18:48:54","date_gmt":"2025-03-03T17:48:54","guid":{"rendered":"https:\/\/stoic-curie.212-227-153-4.plesk.page\/producto\/nosni-vijak-vetus-125kgf-12v\/"},"modified":"2026-02-25T00:01:11","modified_gmt":"2026-02-25T00:01:11","slug":"nosni-vijak-vetus-125kgf-12v","status":"publish","type":"product","link":"https:\/\/stoic-curie.212-227-153-4.plesk.page\/hr\/product\/nosni-vijak-vetus-125kgf-12v\/","title":{"rendered":"Nosni vijak Vetus 125kgf 12v"},"content":{"rendered":"<p>Nosni vijak Vetus 125kgf 12v &#8211; <\/p>\n<p><strong>Vetus Proa Thrusteri<\/strong><\/p>\n<p>Vetus Proa Thrusteri su dizajnirani za optimalne performanse, s jednim propelerom koji minimizira smetnje protoka unutar tunela. Jedinstveni dizajn Vetusovih propellerskih listova zna\u010dajno smanjuje buku od kavitatacije, dok fleksibilna spojka izme\u0111u repnog dijela i motora u\u010dinkovito eliminira vibracije. Svaki Vetus sustav uklju\u010duje strujni rep koji osigurava optimalan protok vode. Uz to, robusni sinteti\u010dki propeler otporan je na koroziju i lagan, \u0161to pobolj\u0161ava ukupnu u\u010dinkovitost. Instalacija je jednostavna, a svaki sustav dolazi s jasnim uputama za instalaciju i rad. Va\u017eno je napomenuti da svi Vetus sustavi za manevriranje ispunjavaju EMC zahtjeve.<\/p>\n<p>Proa &#038; Krmeni thruster 125 kgf 12 V 250 mm Tunnel predstavlja visoko u\u010dinkovito rje\u0161enje za precizno manevriranje \u010damcem. Izra\u0111en s pa\u017enjom prema detaljima, ovaj thruster zna\u010dajno pobolj\u0161ava kontrolu, olak\u0161avaju\u0107i navigaciju kroz uske prostore i pristajanje. Njegov optimizirani dizajn omogu\u0107uje jednostavnu instalaciju, \u0161to ga \u010dini pogodnim za \u010damce u rasponu od 40 do 60 stopa (12,5 do 18 metara).<\/p>\n<p>BOW12512D je izvrstan izbor za ljubitelje \u010damaca koji \u017eele pobolj\u0161ati svoje iskustvo na vodi. Ovaj 125 kgf Proa &#038; Krmeni thruster pru\u017ea izvanrednu upravljivost i kontrolu kako za proa tako i za \u010damce, osiguravaju\u0107i lak\u0161u navigaciju \u010dak i u te\u0161kim uvjetima. Integrirani termalni prekida\u010d osigurava pouzdanu funkcionalnost uklju\u010deno\/isklju\u010deno, sprje\u010davaju\u0107i pregrijavanje i osiguravaju\u0107i sigurnu uporabu.<\/p>\n<p>Dodatno, thruster se odlikuje karakteristi\u010dnim dizajnom sa \u0161est kraka, spiralnim zup\u010danicima i fleksibilnom spojkom, koji zajedni\u010dki rade na minimiziranju proizvodnje buke. Strujni dizajn repnog dijela optimizira protok vode za pobolj\u0161anu u\u010dinkovitost, dok su sinteti\u010dki propeleri otporni na koroziju, olak\u0161avaju\u0107i odr\u017eavanje i smanjuju\u0107i ukupnu te\u017einu.<\/p>\n<p>Kada se kombiniraju s na\u0161im kontrolnim panelima, postignut \u0107ete neusporedivu razinu kontrole nad svojim \u010damcem. Bilo da pristajete u uskim prostorima, navigirate kroz te\u0161ke vode ili reagirate na nepredvi\u0111ene situacije, u\u010dinit \u0107ete to lako, pove\u0107avaju\u0107i i sigurnost i mir uma.<\/p>\n<p><strong>Specifikacije<\/strong><\/p>\n<ul>\n<li>Potisak (kgf): 125<\/li>\n<li>Snaga (kW): 5.7<\/li>\n<li>Unutarnji promjer tunela (mm): 250<\/li>\n<li>Te\u017eina (kg): 32<\/li>\n<li>Napon (V): 12<\/li>\n<li>Potro\u0161nja struje (A): 800<\/li>\n<li>Kontinuirano radno vrijeme (min): 3<\/li>\n<li>Za\u0161tita od paljenja: Ne<\/li>\n<li>Proporcionalno: Ne<\/li>\n<li>Uvu\u010deno: Ne<\/li>\n<li>Produ\u017eeno radno vrijeme: Ne<\/li>\n<\/ul>\n","protected":false},"excerpt":{"rendered":"<p>Nosni vijak Vetus 125kgf 12v &#8211; Vetus Proa Thrusteri Vetus Proa Thrusteri su dizajnirani za optimalne performanse, s jednim propelerom<\/p>\n","protected":false},"featured_media":5945843,"comment_status":"open","ping_status":"closed","template":"","meta":[],"product_brand":[3521],"product_cat":[1609],"product_tag":[],"class_list":{"0":"post-743981","1":"product","2":"type-product","3":"status-publish","4":"has-post-thumbnail","6":"product_brand-vetus-hr","7":"product_cat-pramcani-potisnici-vetus","9":"first","10":"instock","11":"shipping-taxable","12":"purchasable","13":"product-type-simple"},"_links":{"self":[{"href":"https:\/\/stoic-curie.212-227-153-4.plesk.page\/hr\/wp-json\/wp\/v2\/product\/743981","targetHints":{"allow":["GET"]}}],"collection":[{"href":"https:\/\/stoic-curie.212-227-153-4.plesk.page\/hr\/wp-json\/wp\/v2\/product"}],"about":[{"href":"https:\/\/stoic-curie.212-227-153-4.plesk.page\/hr\/wp-json\/wp\/v2\/types\/product"}],"replies":[{"embeddable":true,"href":"https:\/\/stoic-curie.212-227-153-4.plesk.page\/hr\/wp-json\/wp\/v2\/comments?post=743981"}],"version-history":[{"count":0,"href":"https:\/\/stoic-curie.212-227-153-4.plesk.page\/hr\/wp-json\/wp\/v2\/product\/743981\/revisions"}],"wp:featuredmedia":[{"embeddable":true,"href":"https:\/\/stoic-curie.212-227-153-4.plesk.page\/hr\/wp-json\/wp\/v2\/media\/5945843"}],"wp:attachment":[{"href":"https:\/\/stoic-curie.212-227-153-4.plesk.page\/hr\/wp-json\/wp\/v2\/media?parent=743981"}],"wp:term":[{"taxonomy":"product_brand","embeddable":true,"href":"https:\/\/stoic-curie.212-227-153-4.plesk.page\/hr\/wp-json\/wp\/v2\/product_brand?post=743981"},{"taxonomy":"product_cat","embeddable":true,"href":"https:\/\/stoic-curie.212-227-153-4.plesk.page\/hr\/wp-json\/wp\/v2\/product_cat?post=743981"},{"taxonomy":"product_tag","embeddable":true,"href":"https:\/\/stoic-curie.212-227-153-4.plesk.page\/hr\/wp-json\/wp\/v2\/product_tag?post=743981"}],"curies":[{"name":"wp","href":"https:\/\/api.w.org\/{rel}","templated":true}]}}